{"id":9936,"date":"2026-01-06T05:00:05","date_gmt":"2026-01-06T05:00:05","guid":{"rendered":"https:\/\/www.vianailustracion.com\/?post_type=product&#038;p=9936"},"modified":"2026-01-09T14:33:50","modified_gmt":"2026-01-09T14:33:50","slug":"ilustracion-sistema-solar","status":"publish","type":"product","link":"https:\/\/www.vianailustracion.com\/index.php\/product\/ilustracion-sistema-solar\/","title":{"rendered":"Ilustraci\u00f3n Sistema Solar"},"content":{"rendered":"<p>Ilustraci\u00f3n con nuestro sistema solar (el sol y los ocho planetas).<\/p>\n<p>Impresa sobre papel couch\u00e9 de 350 gr. Se env\u00eda en sobre r\u00edgido plano (no tubo). No incluye marco.<\/p>\n<p>Disponible en tama\u00f1o A3 (29,7 x 42 cm)<\/p>\n<p>Ilustraci\u00f3n original de Viana Ilustraci\u00f3n.<\/p>\n","protected":false},"excerpt":{"rendered":"<p>Ilustraci\u00f3n con nuestro sistema solar (el sol y los ocho planetas).<\/p>\n<p>Impresa sobre papel couch\u00e9 de 350 gr. Se env\u00eda en sobre r\u00edgido plano (no tubo). No incluye marco.<\/p>\n<p>Disponible en tama\u00f1o A3 (29,7 x 42 cm)<\/p>\n<p>Ilustraci\u00f3n original de Viana Ilustraci\u00f3n.<\/p>\n","protected":false},"featured_media":9943,"comment_status":"open","ping_status":"closed","template":"","meta":{"_mi_skip_tracking":false},"class_list":{"0":"post-9936","1":"product","2":"type-product","3":"status-publish","4":"has-post-thumbnail","6":"product_cat-outlet-prints","7":"product_tag-planetas","8":"entry"},"yoast_head":"<!-- This site is optimized with the Yoast SEO plugin v16.6 - https:\/\/yoast.com\/wordpress\/plugins\/seo\/ -->\n<meta name=\"robots\" content=\"index, follow, max-snippet:-1, max-image-preview:large, max-video-preview:-1\" \/>\n<link rel=\"canonical\" href=\"https:\/\/www.vianailustracion.com\/index.php\/product\/ilustracion-sistema-solar\/\" \/>\n<meta property=\"og:locale\" content=\"es_ES\" \/>\n<meta property=\"og:type\" content=\"article\" \/>\n<meta property=\"og:title\" content=\"Ilustraci\u00f3n Sistema Solar - Viana Ilustraci\u00f3n\" \/>\n<meta property=\"og:description\" content=\"Ilustraci\u00f3n con nuestro sistema solar (el sol y los ocho planetas).  Impresa sobre papel couch\u00e9 de 350 gr. Se env\u00eda en sobre r\u00edgido plano (no tubo). No incluye marco.  Disponible en tama\u00f1o A3 (29,7 x 42 cm)  Ilustraci\u00f3n original de Viana Ilustraci\u00f3n.\" \/>\n<meta property=\"og:url\" content=\"https:\/\/www.vianailustracion.com\/index.php\/product\/ilustracion-sistema-solar\/\" \/>\n<meta property=\"og:site_name\" content=\"Viana Ilustraci\u00f3n\" \/>\n<meta property=\"article:modified_time\" content=\"2026-01-09T14:33:50+00:00\" \/>\n<meta property=\"og:image\" content=\"https:\/\/www.vianailustracion.com\/wp-content\/uploads\/2022\/02\/Planetas_Negro_Web.jpg\" \/>\n\t<meta property=\"og:image:width\" content=\"900\" \/>\n\t<meta property=\"og:image:height\" content=\"900\" \/>\n<meta name=\"twitter:card\" content=\"summary_large_image\" \/>\n<meta name=\"twitter:label1\" content=\"Tiempo de lectura\" \/>\n\t<meta name=\"twitter:data1\" content=\"1 minuto\" \/>\n<script type=\"application\/ld+json\" class=\"yoast-schema-graph\">{\"@context\":\"https:\/\/schema.org\",\"@graph\":[{\"@type\":\"WebSite\",\"@id\":\"https:\/\/www.vianailustracion.com\/#website\",\"url\":\"https:\/\/www.vianailustracion.com\/\",\"name\":\"Viana Ilustraci\\u00f3n\",\"description\":\"Ilustraci\\u00f3n, dise\\u00f1o y cosas bonitas\",\"potentialAction\":[{\"@type\":\"SearchAction\",\"target\":{\"@type\":\"EntryPoint\",\"urlTemplate\":\"https:\/\/www.vianailustracion.com\/?s={search_term_string}\"},\"query-input\":\"required name=search_term_string\"}],\"inLanguage\":\"es\"},{\"@type\":\"ImageObject\",\"@id\":\"https:\/\/www.vianailustracion.com\/index.php\/product\/ilustracion-sistema-solar\/#primaryimage\",\"inLanguage\":\"es\",\"url\":\"https:\/\/www.vianailustracion.com\/wp-content\/uploads\/2022\/02\/Planetas_Negro_Web.jpg\",\"contentUrl\":\"https:\/\/www.vianailustracion.com\/wp-content\/uploads\/2022\/02\/Planetas_Negro_Web.jpg\",\"width\":900,\"height\":900,\"caption\":\"Sistema Solar\"},{\"@type\":\"WebPage\",\"@id\":\"https:\/\/www.vianailustracion.com\/index.php\/product\/ilustracion-sistema-solar\/#webpage\",\"url\":\"https:\/\/www.vianailustracion.com\/index.php\/product\/ilustracion-sistema-solar\/\",\"name\":\"Ilustraci\\u00f3n Sistema Solar - Viana Ilustraci\\u00f3n\",\"isPartOf\":{\"@id\":\"https:\/\/www.vianailustracion.com\/#website\"},\"primaryImageOfPage\":{\"@id\":\"https:\/\/www.vianailustracion.com\/index.php\/product\/ilustracion-sistema-solar\/#primaryimage\"},\"datePublished\":\"2026-01-06T05:00:05+00:00\",\"dateModified\":\"2026-01-09T14:33:50+00:00\",\"breadcrumb\":{\"@id\":\"https:\/\/www.vianailustracion.com\/index.php\/product\/ilustracion-sistema-solar\/#breadcrumb\"},\"inLanguage\":\"es\",\"potentialAction\":[{\"@type\":\"ReadAction\",\"target\":[\"https:\/\/www.vianailustracion.com\/index.php\/product\/ilustracion-sistema-solar\/\"]}]},{\"@type\":\"BreadcrumbList\",\"@id\":\"https:\/\/www.vianailustracion.com\/index.php\/product\/ilustracion-sistema-solar\/#breadcrumb\",\"itemListElement\":[{\"@type\":\"ListItem\",\"position\":1,\"name\":\"Portada\",\"item\":\"https:\/\/www.vianailustracion.com\/\"},{\"@type\":\"ListItem\",\"position\":2,\"name\":\"Shop\",\"item\":\"https:\/\/www.vianailustracion.com\/index.php\/shop\/\"},{\"@type\":\"ListItem\",\"position\":3,\"name\":\"Ilustraci\\u00f3n Sistema Solar\"}]}]}<\/script>\n<!-- \/ Yoast SEO plugin. -->","_links":{"self":[{"href":"https:\/\/www.vianailustracion.com\/index.php\/wp-json\/wp\/v2\/product\/9936","targetHints":{"allow":["GET"]}}],"collection":[{"href":"https:\/\/www.vianailustracion.com\/index.php\/wp-json\/wp\/v2\/product"}],"about":[{"href":"https:\/\/www.vianailustracion.com\/index.php\/wp-json\/wp\/v2\/types\/product"}],"replies":[{"embeddable":true,"href":"https:\/\/www.vianailustracion.com\/index.php\/wp-json\/wp\/v2\/comments?post=9936"}],"wp:featuredmedia":[{"embeddable":true,"href":"https:\/\/www.vianailustracion.com\/index.php\/wp-json\/wp\/v2\/media\/9943"}],"wp:attachment":[{"href":"https:\/\/www.vianailustracion.com\/index.php\/wp-json\/wp\/v2\/media?parent=9936"}],"curies":[{"name":"wp","href":"https:\/\/api.w.org\/{rel}","templated":true}]}}