{"id":8764,"date":"2026-01-06T06:31:10","date_gmt":"2026-01-06T06:31:10","guid":{"rendered":"https:\/\/www.vianailustracion.com\/?post_type=product&#038;p=8764"},"modified":"2026-03-05T16:54:30","modified_gmt":"2026-03-05T16:54:30","slug":"lamina-abecedario","status":"publish","type":"product","link":"https:\/\/www.vianailustracion.com\/index.php\/product\/lamina-abecedario\/","title":{"rendered":"L\u00e1mina Abecedario"},"content":{"rendered":"<p>L\u00e1mina con 27 animales ilustrados y sus respectivos nombres en may\u00fascula con todas las letras del abecedario.<\/p>\n<p>Impresa sobre papel couch\u00e9 de 250 gr. Se env\u00eda en sobre r\u00edgido plano (no tubo). No incluye marco.<\/p>\n<p>Tama\u00f1o A3 (29,7 x 42 cm)<\/p>\n<p>Ilustraciones originales de Viana Ilustraci\u00f3n.<\/p>\n<p>&nbsp;<\/p>\n","protected":false},"excerpt":{"rendered":"<p>L\u00e1mina con 27 animales ilustrados y sus respectivos nombres en may\u00fascula con todas las letras del abecedario.<\/p>\n<p>Impresa sobre papel couch\u00e9 de 250 gr. Se env\u00eda en sobre r\u00edgido plano (no tubo). No incluye marco.<\/p>\n<p>Tama\u00f1o A3 (29,7 x 42 cm)<\/p>\n<p>Ilustraciones originales de Viana Ilustraci\u00f3n.<\/p>\n<p>&nbsp;<\/p>\n","protected":false},"featured_media":8766,"comment_status":"open","ping_status":"closed","template":"","meta":{"_mi_skip_tracking":false},"class_list":{"0":"post-8764","1":"product","2":"type-product","3":"status-publish","4":"has-post-thumbnail","6":"product_cat-outlet-prints","7":"product_tag-abecedario","8":"product_tag-bebes","9":"product_tag-ninos","10":"entry"},"yoast_head":"<!-- This site is optimized with the Yoast SEO plugin v16.6 - https:\/\/yoast.com\/wordpress\/plugins\/seo\/ -->\n<meta name=\"robots\" content=\"index, follow, max-snippet:-1, max-image-preview:large, max-video-preview:-1\" \/>\n<link rel=\"canonical\" href=\"https:\/\/www.vianailustracion.com\/index.php\/product\/lamina-abecedario\/\" \/>\n<meta property=\"og:locale\" content=\"es_ES\" \/>\n<meta property=\"og:type\" content=\"article\" \/>\n<meta property=\"og:title\" content=\"L\u00e1mina Abecedario - Viana Ilustraci\u00f3n\" \/>\n<meta property=\"og:description\" content=\"L\u00e1mina con 27 animales ilustrados y sus respectivos nombres en may\u00fascula con todas las letras del abecedario.  Impresa sobre papel couch\u00e9 de 250 gr. Se env\u00eda en sobre r\u00edgido plano (no tubo). No incluye marco.  Tama\u00f1o A3 (29,7 x 42 cm)  Ilustraciones originales de Viana Ilustraci\u00f3n.  &nbsp;\" \/>\n<meta property=\"og:url\" content=\"https:\/\/www.vianailustracion.com\/index.php\/product\/lamina-abecedario\/\" \/>\n<meta property=\"og:site_name\" content=\"Viana Ilustraci\u00f3n\" \/>\n<meta property=\"article:modified_time\" content=\"2026-03-05T16:54:30+00:00\" \/>\n<meta property=\"og:image\" content=\"https:\/\/www.vianailustracion.com\/wp-content\/uploads\/2021\/02\/Abecedario_A3_2.jpg\" \/>\n\t<meta property=\"og:image:width\" content=\"900\" \/>\n\t<meta property=\"og:image:height\" content=\"900\" \/>\n<meta name=\"twitter:card\" content=\"summary_large_image\" \/>\n<meta name=\"twitter:label1\" content=\"Tiempo de lectura\" \/>\n\t<meta name=\"twitter:data1\" content=\"1 minuto\" \/>\n<script type=\"application\/ld+json\" class=\"yoast-schema-graph\">{\"@context\":\"https:\/\/schema.org\",\"@graph\":[{\"@type\":\"WebSite\",\"@id\":\"https:\/\/www.vianailustracion.com\/#website\",\"url\":\"https:\/\/www.vianailustracion.com\/\",\"name\":\"Viana Ilustraci\\u00f3n\",\"description\":\"Ilustraci\\u00f3n, dise\\u00f1o y cosas bonitas\",\"potentialAction\":[{\"@type\":\"SearchAction\",\"target\":{\"@type\":\"EntryPoint\",\"urlTemplate\":\"https:\/\/www.vianailustracion.com\/?s={search_term_string}\"},\"query-input\":\"required name=search_term_string\"}],\"inLanguage\":\"es\"},{\"@type\":\"ImageObject\",\"@id\":\"https:\/\/www.vianailustracion.com\/index.php\/product\/lamina-abecedario\/#primaryimage\",\"inLanguage\":\"es\",\"url\":\"https:\/\/www.vianailustracion.com\/wp-content\/uploads\/2021\/02\/Abecedario_A3_2.jpg\",\"contentUrl\":\"https:\/\/www.vianailustracion.com\/wp-content\/uploads\/2021\/02\/Abecedario_A3_2.jpg\",\"width\":900,\"height\":900,\"caption\":\"L\\u00e1mina Abecedario\"},{\"@type\":\"WebPage\",\"@id\":\"https:\/\/www.vianailustracion.com\/index.php\/product\/lamina-abecedario\/#webpage\",\"url\":\"https:\/\/www.vianailustracion.com\/index.php\/product\/lamina-abecedario\/\",\"name\":\"L\\u00e1mina Abecedario - Viana Ilustraci\\u00f3n\",\"isPartOf\":{\"@id\":\"https:\/\/www.vianailustracion.com\/#website\"},\"primaryImageOfPage\":{\"@id\":\"https:\/\/www.vianailustracion.com\/index.php\/product\/lamina-abecedario\/#primaryimage\"},\"datePublished\":\"2026-01-06T06:31:10+00:00\",\"dateModified\":\"2026-03-05T16:54:30+00:00\",\"breadcrumb\":{\"@id\":\"https:\/\/www.vianailustracion.com\/index.php\/product\/lamina-abecedario\/#breadcrumb\"},\"inLanguage\":\"es\",\"potentialAction\":[{\"@type\":\"ReadAction\",\"target\":[\"https:\/\/www.vianailustracion.com\/index.php\/product\/lamina-abecedario\/\"]}]},{\"@type\":\"BreadcrumbList\",\"@id\":\"https:\/\/www.vianailustracion.com\/index.php\/product\/lamina-abecedario\/#breadcrumb\",\"itemListElement\":[{\"@type\":\"ListItem\",\"position\":1,\"name\":\"Portada\",\"item\":\"https:\/\/www.vianailustracion.com\/\"},{\"@type\":\"ListItem\",\"position\":2,\"name\":\"Shop\",\"item\":\"https:\/\/www.vianailustracion.com\/index.php\/shop\/\"},{\"@type\":\"ListItem\",\"position\":3,\"name\":\"L\\u00e1mina Abecedario\"}]}]}<\/script>\n<!-- \/ Yoast SEO plugin. -->","_links":{"self":[{"href":"https:\/\/www.vianailustracion.com\/index.php\/wp-json\/wp\/v2\/product\/8764","targetHints":{"allow":["GET"]}}],"collection":[{"href":"https:\/\/www.vianailustracion.com\/index.php\/wp-json\/wp\/v2\/product"}],"about":[{"href":"https:\/\/www.vianailustracion.com\/index.php\/wp-json\/wp\/v2\/types\/product"}],"replies":[{"embeddable":true,"href":"https:\/\/www.vianailustracion.com\/index.php\/wp-json\/wp\/v2\/comments?post=8764"}],"wp:featuredmedia":[{"embeddable":true,"href":"https:\/\/www.vianailustracion.com\/index.php\/wp-json\/wp\/v2\/media\/8766"}],"wp:attachment":[{"href":"https:\/\/www.vianailustracion.com\/index.php\/wp-json\/wp\/v2\/media?parent=8764"}],"curies":[{"name":"wp","href":"https:\/\/api.w.org\/{rel}","templated":true}]}}