{"id":8199,"date":"2025-05-27T05:44:28","date_gmt":"2025-05-27T05:44:28","guid":{"rendered":"https:\/\/www.vianailustracion.com\/?post_type=product&#038;p=8199"},"modified":"2025-12-12T04:00:44","modified_gmt":"2025-12-12T04:00:44","slug":"ilustracion-rizzo","status":"publish","type":"product","link":"https:\/\/www.vianailustracion.com\/index.php\/product\/ilustracion-rizzo\/","title":{"rendered":"Ilustraci\u00f3n &#8220;Rizzo&#8221;"},"content":{"rendered":"<p>Print tama\u00f1o A4 (21 x 29,7 cm) impresa sobre papel couch\u00e9 de 350 gr. alta calidad del personaje de Rizzo de Grease, de\u00a0<span class=\"aCOpRe\">Randal Kleiser <\/span> (1978).<\/p>\n<p>Marco no incluido.<\/p>\n<p>La ilustraci\u00f3n se env\u00eda en sobre de cart\u00f3n (no tubo).<\/p>\n<p>Ilustraci\u00f3n original de Viana Ilustraci\u00f3n.<\/p>\n","protected":false},"excerpt":{"rendered":"<p>Print tama\u00f1o A4 (21 x 29,7 cm) impresa sobre papel couch\u00e9 de 350 gr. alta calidad del personaje de Rizzo de Grease, de\u00a0<span class=\"aCOpRe\">Randal Kleiser <\/span> (1978).<\/p>\n<p>Marco no incluido.<\/p>\n<p>La ilustraci\u00f3n se env\u00eda en sobre de cart\u00f3n (no tubo).<\/p>\n<p>Ilustraci\u00f3n original de Viana Ilustraci\u00f3n.<\/p>\n","protected":false},"featured_media":8156,"comment_status":"open","ping_status":"closed","template":"","meta":{"_mi_skip_tracking":false},"class_list":{"0":"post-8199","1":"product","2":"type-product","3":"status-publish","4":"has-post-thumbnail","6":"product_cat-outlet-prints","7":"entry"},"yoast_head":"<!-- This site is optimized with the Yoast SEO plugin v16.6 - https:\/\/yoast.com\/wordpress\/plugins\/seo\/ -->\n<meta name=\"robots\" content=\"index, follow, max-snippet:-1, max-image-preview:large, max-video-preview:-1\" \/>\n<link rel=\"canonical\" href=\"https:\/\/www.vianailustracion.com\/index.php\/product\/ilustracion-rizzo\/\" \/>\n<meta property=\"og:locale\" content=\"es_ES\" \/>\n<meta property=\"og:type\" content=\"article\" \/>\n<meta property=\"og:title\" content=\"Ilustraci\u00f3n &quot;Rizzo&quot; - Viana Ilustraci\u00f3n\" \/>\n<meta property=\"og:description\" content=\"Print tama\u00f1o A4 (21 x 29,7 cm) impresa sobre papel couch\u00e9 de 350 gr. alta calidad del personaje de Rizzo de Grease, de\u00a0Randal Kleiser (1978).  Marco no incluido.  La ilustraci\u00f3n se env\u00eda en sobre de cart\u00f3n (no tubo).  Ilustraci\u00f3n original de Viana Ilustraci\u00f3n.\" \/>\n<meta property=\"og:url\" content=\"https:\/\/www.vianailustracion.com\/index.php\/product\/ilustracion-rizzo\/\" \/>\n<meta property=\"og:site_name\" content=\"Viana Ilustraci\u00f3n\" \/>\n<meta property=\"article:modified_time\" content=\"2025-12-12T04:00:44+00:00\" \/>\n<meta property=\"og:image\" content=\"https:\/\/www.vianailustracion.com\/wp-content\/uploads\/2020\/11\/Rizzo_1.jpg\" \/>\n\t<meta property=\"og:image:width\" content=\"900\" \/>\n\t<meta property=\"og:image:height\" content=\"900\" \/>\n<meta name=\"twitter:card\" content=\"summary_large_image\" \/>\n<script type=\"application\/ld+json\" class=\"yoast-schema-graph\">{\"@context\":\"https:\/\/schema.org\",\"@graph\":[{\"@type\":\"WebSite\",\"@id\":\"https:\/\/www.vianailustracion.com\/#website\",\"url\":\"https:\/\/www.vianailustracion.com\/\",\"name\":\"Viana Ilustraci\\u00f3n\",\"description\":\"Ilustraci\\u00f3n, dise\\u00f1o y cosas bonitas\",\"potentialAction\":[{\"@type\":\"SearchAction\",\"target\":{\"@type\":\"EntryPoint\",\"urlTemplate\":\"https:\/\/www.vianailustracion.com\/?s={search_term_string}\"},\"query-input\":\"required name=search_term_string\"}],\"inLanguage\":\"es\"},{\"@type\":\"ImageObject\",\"@id\":\"https:\/\/www.vianailustracion.com\/index.php\/product\/ilustracion-rizzo\/#primaryimage\",\"inLanguage\":\"es\",\"url\":\"https:\/\/www.vianailustracion.com\/wp-content\/uploads\/2020\/11\/Rizzo_1.jpg\",\"contentUrl\":\"https:\/\/www.vianailustracion.com\/wp-content\/uploads\/2020\/11\/Rizzo_1.jpg\",\"width\":900,\"height\":900,\"caption\":\"Grease\"},{\"@type\":\"WebPage\",\"@id\":\"https:\/\/www.vianailustracion.com\/index.php\/product\/ilustracion-rizzo\/#webpage\",\"url\":\"https:\/\/www.vianailustracion.com\/index.php\/product\/ilustracion-rizzo\/\",\"name\":\"Ilustraci\\u00f3n \\\"Rizzo\\\" - Viana Ilustraci\\u00f3n\",\"isPartOf\":{\"@id\":\"https:\/\/www.vianailustracion.com\/#website\"},\"primaryImageOfPage\":{\"@id\":\"https:\/\/www.vianailustracion.com\/index.php\/product\/ilustracion-rizzo\/#primaryimage\"},\"datePublished\":\"2025-05-27T05:44:28+00:00\",\"dateModified\":\"2025-12-12T04:00:44+00:00\",\"breadcrumb\":{\"@id\":\"https:\/\/www.vianailustracion.com\/index.php\/product\/ilustracion-rizzo\/#breadcrumb\"},\"inLanguage\":\"es\",\"potentialAction\":[{\"@type\":\"ReadAction\",\"target\":[\"https:\/\/www.vianailustracion.com\/index.php\/product\/ilustracion-rizzo\/\"]}]},{\"@type\":\"BreadcrumbList\",\"@id\":\"https:\/\/www.vianailustracion.com\/index.php\/product\/ilustracion-rizzo\/#breadcrumb\",\"itemListElement\":[{\"@type\":\"ListItem\",\"position\":1,\"name\":\"Portada\",\"item\":\"https:\/\/www.vianailustracion.com\/\"},{\"@type\":\"ListItem\",\"position\":2,\"name\":\"Shop\",\"item\":\"https:\/\/www.vianailustracion.com\/index.php\/shop\/\"},{\"@type\":\"ListItem\",\"position\":3,\"name\":\"Ilustraci\\u00f3n &#8220;Rizzo&#8221;\"}]}]}<\/script>\n<!-- \/ Yoast SEO plugin. -->","_links":{"self":[{"href":"https:\/\/www.vianailustracion.com\/index.php\/wp-json\/wp\/v2\/product\/8199","targetHints":{"allow":["GET"]}}],"collection":[{"href":"https:\/\/www.vianailustracion.com\/index.php\/wp-json\/wp\/v2\/product"}],"about":[{"href":"https:\/\/www.vianailustracion.com\/index.php\/wp-json\/wp\/v2\/types\/product"}],"replies":[{"embeddable":true,"href":"https:\/\/www.vianailustracion.com\/index.php\/wp-json\/wp\/v2\/comments?post=8199"}],"wp:featuredmedia":[{"embeddable":true,"href":"https:\/\/www.vianailustracion.com\/index.php\/wp-json\/wp\/v2\/media\/8156"}],"wp:attachment":[{"href":"https:\/\/www.vianailustracion.com\/index.php\/wp-json\/wp\/v2\/media?parent=8199"}],"curies":[{"name":"wp","href":"https:\/\/api.w.org\/{rel}","templated":true}]}}