{"id":19335,"date":"2026-04-20T11:33:51","date_gmt":"2026-04-20T11:33:51","guid":{"rendered":"https:\/\/www.vianailustracion.com\/?post_type=product&#038;p=19335"},"modified":"2026-04-20T15:25:21","modified_gmt":"2026-04-20T15:25:21","slug":"ser-infinito-v2","status":"publish","type":"product","link":"https:\/\/www.vianailustracion.com\/index.php\/product\/ser-infinito-v2\/","title":{"rendered":"Ser infinito v2"},"content":{"rendered":"<p class=\"_ap3a _aaco _aacu _aacx _aad7 _aade\" dir=\"auto\"><em>&#8220;Ser infinito, del oc\u00e9ano hasta el cielo&#8221;.<\/em><\/p>\n<p dir=\"auto\">Bordado y acuarela en papel Hahnem\u00fchle Edici\u00f3n Especial 425g con estampaci\u00f3n manual. Con acuarela dorada con pigmentos met\u00e1licos e hilo dorado.<\/p>\n<div class=\"woocommerce-product-details__short-description\">\n<p>Tama\u00f1o : 30 x 40 cm<\/p>\n<div class=\"woocommerce-product-details__short-description\">\n<p>Original de Viana, 2026.<\/p>\n<p>Se entrega firmado y con certificado de autor.<\/p>\n<\/div>\n<\/div>\n","protected":false},"excerpt":{"rendered":"<p class=\"_ap3a _aaco _aacu _aacx _aad7 _aade\" dir=\"auto\"><em>&#8220;Ser infinito, del oc\u00e9ano hasta el cielo&#8221;.<\/em><\/p>\n<p dir=\"auto\">Bordado y acuarela en papel Hahnem\u00fchle Edici\u00f3n Especial 425g con estampaci\u00f3n manual. Con acuarela dorada con pigmentos met\u00e1licos e hilo dorado.<\/p>\n<div class=\"woocommerce-product-details__short-description\">\n<p>Tama\u00f1o : 30 x 40 cm<\/p>\n<div class=\"woocommerce-product-details__short-description\">\n<p>Original de Viana, 2026.<\/p>\n<p>Se entrega firmado y con certificado de autor.<\/p>\n<\/div>\n<\/div>\n","protected":false},"featured_media":19341,"comment_status":"open","ping_status":"closed","template":"","meta":{"_mi_skip_tracking":false},"class_list":{"0":"post-19335","1":"product","2":"type-product","3":"status-publish","4":"has-post-thumbnail","6":"product_cat-obra-original","7":"product_tag-acuarela","8":"product_tag-original","9":"entry"},"yoast_head":"<!-- This site is optimized with the Yoast SEO plugin v16.6 - https:\/\/yoast.com\/wordpress\/plugins\/seo\/ -->\n<meta name=\"robots\" content=\"index, follow, max-snippet:-1, max-image-preview:large, max-video-preview:-1\" \/>\n<link rel=\"canonical\" href=\"https:\/\/www.vianailustracion.com\/index.php\/product\/ser-infinito-v2\/\" \/>\n<meta property=\"og:locale\" content=\"es_ES\" \/>\n<meta property=\"og:type\" content=\"article\" \/>\n<meta property=\"og:title\" content=\"Ser infinito v2 - Viana Ilustraci\u00f3n\" \/>\n<meta property=\"og:description\" content=\"&quot;Ser infinito, del oc\u00e9ano hasta el cielo&quot;. Bordado y acuarela en papel Hahnem\u00fchle Edici\u00f3n Especial 425g con estampaci\u00f3n manual. Con acuarela dorada con pigmentos met\u00e1licos e hilo dorado.    Tama\u00f1o : 30 x 40 cm   Original de Viana, 2026.  Se entrega firmado y con certificado de autor.\" \/>\n<meta property=\"og:url\" content=\"https:\/\/www.vianailustracion.com\/index.php\/product\/ser-infinito-v2\/\" \/>\n<meta property=\"og:site_name\" content=\"Viana Ilustraci\u00f3n\" \/>\n<meta property=\"article:modified_time\" content=\"2026-04-20T15:25:21+00:00\" \/>\n<meta property=\"og:image\" content=\"https:\/\/www.vianailustracion.com\/wp-content\/uploads\/2026\/04\/Serinfinito2_WEB.jpg\" \/>\n\t<meta property=\"og:image:width\" content=\"1080\" \/>\n\t<meta property=\"og:image:height\" content=\"1080\" \/>\n<meta name=\"twitter:card\" content=\"summary_large_image\" \/>\n<meta name=\"twitter:label1\" content=\"Tiempo de lectura\" \/>\n\t<meta name=\"twitter:data1\" content=\"1 minuto\" \/>\n<script type=\"application\/ld+json\" class=\"yoast-schema-graph\">{\"@context\":\"https:\/\/schema.org\",\"@graph\":[{\"@type\":\"WebSite\",\"@id\":\"https:\/\/www.vianailustracion.com\/#website\",\"url\":\"https:\/\/www.vianailustracion.com\/\",\"name\":\"Viana Ilustraci\\u00f3n\",\"description\":\"Ilustraci\\u00f3n, dise\\u00f1o y cosas bonitas\",\"potentialAction\":[{\"@type\":\"SearchAction\",\"target\":{\"@type\":\"EntryPoint\",\"urlTemplate\":\"https:\/\/www.vianailustracion.com\/?s={search_term_string}\"},\"query-input\":\"required name=search_term_string\"}],\"inLanguage\":\"es\"},{\"@type\":\"ImageObject\",\"@id\":\"https:\/\/www.vianailustracion.com\/index.php\/product\/ser-infinito-v2\/#primaryimage\",\"inLanguage\":\"es\",\"url\":\"https:\/\/www.vianailustracion.com\/wp-content\/uploads\/2026\/04\/Serinfinito2_WEB.jpg\",\"contentUrl\":\"https:\/\/www.vianailustracion.com\/wp-content\/uploads\/2026\/04\/Serinfinito2_WEB.jpg\",\"width\":1080,\"height\":1080,\"caption\":\"Ser Infinito v2\"},{\"@type\":\"WebPage\",\"@id\":\"https:\/\/www.vianailustracion.com\/index.php\/product\/ser-infinito-v2\/#webpage\",\"url\":\"https:\/\/www.vianailustracion.com\/index.php\/product\/ser-infinito-v2\/\",\"name\":\"Ser infinito v2 - Viana Ilustraci\\u00f3n\",\"isPartOf\":{\"@id\":\"https:\/\/www.vianailustracion.com\/#website\"},\"primaryImageOfPage\":{\"@id\":\"https:\/\/www.vianailustracion.com\/index.php\/product\/ser-infinito-v2\/#primaryimage\"},\"datePublished\":\"2026-04-20T11:33:51+00:00\",\"dateModified\":\"2026-04-20T15:25:21+00:00\",\"breadcrumb\":{\"@id\":\"https:\/\/www.vianailustracion.com\/index.php\/product\/ser-infinito-v2\/#breadcrumb\"},\"inLanguage\":\"es\",\"potentialAction\":[{\"@type\":\"ReadAction\",\"target\":[\"https:\/\/www.vianailustracion.com\/index.php\/product\/ser-infinito-v2\/\"]}]},{\"@type\":\"BreadcrumbList\",\"@id\":\"https:\/\/www.vianailustracion.com\/index.php\/product\/ser-infinito-v2\/#breadcrumb\",\"itemListElement\":[{\"@type\":\"ListItem\",\"position\":1,\"name\":\"Portada\",\"item\":\"https:\/\/www.vianailustracion.com\/\"},{\"@type\":\"ListItem\",\"position\":2,\"name\":\"Shop\",\"item\":\"https:\/\/www.vianailustracion.com\/index.php\/shop\/\"},{\"@type\":\"ListItem\",\"position\":3,\"name\":\"Ser infinito v2\"}]}]}<\/script>\n<!-- \/ Yoast SEO plugin. -->","_links":{"self":[{"href":"https:\/\/www.vianailustracion.com\/index.php\/wp-json\/wp\/v2\/product\/19335","targetHints":{"allow":["GET"]}}],"collection":[{"href":"https:\/\/www.vianailustracion.com\/index.php\/wp-json\/wp\/v2\/product"}],"about":[{"href":"https:\/\/www.vianailustracion.com\/index.php\/wp-json\/wp\/v2\/types\/product"}],"replies":[{"embeddable":true,"href":"https:\/\/www.vianailustracion.com\/index.php\/wp-json\/wp\/v2\/comments?post=19335"}],"wp:featuredmedia":[{"embeddable":true,"href":"https:\/\/www.vianailustracion.com\/index.php\/wp-json\/wp\/v2\/media\/19341"}],"wp:attachment":[{"href":"https:\/\/www.vianailustracion.com\/index.php\/wp-json\/wp\/v2\/media?parent=19335"}],"curies":[{"name":"wp","href":"https:\/\/api.w.org\/{rel}","templated":true}]}}