{"id":19294,"date":"2026-04-10T10:09:39","date_gmt":"2026-04-10T10:09:39","guid":{"rendered":"https:\/\/www.vianailustracion.com\/?post_type=product&#038;p=19294"},"modified":"2026-04-10T13:18:36","modified_gmt":"2026-04-10T13:18:36","slug":"de-paso-v14","status":"publish","type":"product","link":"https:\/\/www.vianailustracion.com\/index.php\/product\/de-paso-v14\/","title":{"rendered":"De paso v14"},"content":{"rendered":"<p dir=\"auto\">Bordado sobre acuarela y tinta en papel Hahnem\u00fchle de 300g m2,<\/p>\n<p dir=\"auto\">Con marco color marr\u00f3n.<\/p>\n<div class=\"woocommerce-product-details__short-description\">\n<p>Tama\u00f1o : 21 x 29,7 cm<\/p>\n<p>Mancha: 12,5 x 17 cm aprox.<\/p>\n<p>Tama\u00f1o con marco: 23 x 31 cm<\/p>\n<div class=\"woocommerce-product-details__short-description\">\n<p>Original de Viana, 2026.<\/p>\n<p>Se entrega firmado y con certificado de autor.<\/p>\n<\/div>\n<\/div>\n","protected":false},"excerpt":{"rendered":"<p dir=\"auto\">Bordado sobre acuarela y tinta en papel Hahnem\u00fchle de 300g m2,<\/p>\n<p dir=\"auto\">Con marco color marr\u00f3n.<\/p>\n<div class=\"woocommerce-product-details__short-description\">\n<p>Tama\u00f1o : 21 x 29,7 cm<\/p>\n<p>Mancha: 12,5 x 17 cm aprox.<\/p>\n<p>Tama\u00f1o con marco: 23 x 31 cm<\/p>\n<div class=\"woocommerce-product-details__short-description\">\n<p>Original de Viana, 2026.<\/p>\n<p>Se entrega firmado y con certificado de autor.<\/p>\n<\/div>\n<\/div>\n","protected":false},"featured_media":19302,"comment_status":"open","ping_status":"closed","template":"","meta":{"_mi_skip_tracking":false},"class_list":{"0":"post-19294","1":"product","2":"type-product","3":"status-publish","4":"has-post-thumbnail","6":"product_cat-de-paso","7":"product_cat-obra-original","8":"product_tag-acuarela","9":"product_tag-original","10":"entry"},"yoast_head":"<!-- This site is optimized with the Yoast SEO plugin v16.6 - https:\/\/yoast.com\/wordpress\/plugins\/seo\/ -->\n<meta name=\"robots\" content=\"index, follow, max-snippet:-1, max-image-preview:large, max-video-preview:-1\" \/>\n<link rel=\"canonical\" href=\"https:\/\/www.vianailustracion.com\/index.php\/product\/de-paso-v14\/\" \/>\n<meta property=\"og:locale\" content=\"es_ES\" \/>\n<meta property=\"og:type\" content=\"article\" \/>\n<meta property=\"og:title\" content=\"De paso v14 - Viana Ilustraci\u00f3n\" \/>\n<meta property=\"og:description\" content=\"Bordado sobre acuarela y tinta en papel Hahnem\u00fchle de 300g m2, Con marco color marr\u00f3n.    Tama\u00f1o : 21 x 29,7 cm  Mancha: 12,5 x 17 cm aprox.  Tama\u00f1o con marco: 23 x 31 cm   Original de Viana, 2026.  Se entrega firmado y con certificado de autor.\" \/>\n<meta property=\"og:url\" content=\"https:\/\/www.vianailustracion.com\/index.php\/product\/de-paso-v14\/\" \/>\n<meta property=\"og:site_name\" content=\"Viana Ilustraci\u00f3n\" \/>\n<meta property=\"article:modified_time\" content=\"2026-04-10T13:18:36+00:00\" \/>\n<meta property=\"og:image\" content=\"https:\/\/www.vianailustracion.com\/wp-content\/uploads\/2026\/04\/Depasov14_WEB-1.jpg\" \/>\n\t<meta property=\"og:image:width\" content=\"900\" \/>\n\t<meta property=\"og:image:height\" content=\"900\" \/>\n<meta name=\"twitter:card\" content=\"summary_large_image\" \/>\n<meta name=\"twitter:label1\" content=\"Tiempo de lectura\" \/>\n\t<meta name=\"twitter:data1\" content=\"1 minuto\" \/>\n<script type=\"application\/ld+json\" class=\"yoast-schema-graph\">{\"@context\":\"https:\/\/schema.org\",\"@graph\":[{\"@type\":\"WebSite\",\"@id\":\"https:\/\/www.vianailustracion.com\/#website\",\"url\":\"https:\/\/www.vianailustracion.com\/\",\"name\":\"Viana Ilustraci\\u00f3n\",\"description\":\"Ilustraci\\u00f3n, dise\\u00f1o y cosas bonitas\",\"potentialAction\":[{\"@type\":\"SearchAction\",\"target\":{\"@type\":\"EntryPoint\",\"urlTemplate\":\"https:\/\/www.vianailustracion.com\/?s={search_term_string}\"},\"query-input\":\"required name=search_term_string\"}],\"inLanguage\":\"es\"},{\"@type\":\"ImageObject\",\"@id\":\"https:\/\/www.vianailustracion.com\/index.php\/product\/de-paso-v14\/#primaryimage\",\"inLanguage\":\"es\",\"url\":\"https:\/\/www.vianailustracion.com\/wp-content\/uploads\/2026\/04\/Depasov14_WEB-1.jpg\",\"contentUrl\":\"https:\/\/www.vianailustracion.com\/wp-content\/uploads\/2026\/04\/Depasov14_WEB-1.jpg\",\"width\":900,\"height\":900,\"caption\":\"Vendida\"},{\"@type\":\"WebPage\",\"@id\":\"https:\/\/www.vianailustracion.com\/index.php\/product\/de-paso-v14\/#webpage\",\"url\":\"https:\/\/www.vianailustracion.com\/index.php\/product\/de-paso-v14\/\",\"name\":\"De paso v14 - Viana Ilustraci\\u00f3n\",\"isPartOf\":{\"@id\":\"https:\/\/www.vianailustracion.com\/#website\"},\"primaryImageOfPage\":{\"@id\":\"https:\/\/www.vianailustracion.com\/index.php\/product\/de-paso-v14\/#primaryimage\"},\"datePublished\":\"2026-04-10T10:09:39+00:00\",\"dateModified\":\"2026-04-10T13:18:36+00:00\",\"breadcrumb\":{\"@id\":\"https:\/\/www.vianailustracion.com\/index.php\/product\/de-paso-v14\/#breadcrumb\"},\"inLanguage\":\"es\",\"potentialAction\":[{\"@type\":\"ReadAction\",\"target\":[\"https:\/\/www.vianailustracion.com\/index.php\/product\/de-paso-v14\/\"]}]},{\"@type\":\"BreadcrumbList\",\"@id\":\"https:\/\/www.vianailustracion.com\/index.php\/product\/de-paso-v14\/#breadcrumb\",\"itemListElement\":[{\"@type\":\"ListItem\",\"position\":1,\"name\":\"Portada\",\"item\":\"https:\/\/www.vianailustracion.com\/\"},{\"@type\":\"ListItem\",\"position\":2,\"name\":\"Shop\",\"item\":\"https:\/\/www.vianailustracion.com\/index.php\/shop\/\"},{\"@type\":\"ListItem\",\"position\":3,\"name\":\"De paso v14\"}]}]}<\/script>\n<!-- \/ Yoast SEO plugin. -->","_links":{"self":[{"href":"https:\/\/www.vianailustracion.com\/index.php\/wp-json\/wp\/v2\/product\/19294","targetHints":{"allow":["GET"]}}],"collection":[{"href":"https:\/\/www.vianailustracion.com\/index.php\/wp-json\/wp\/v2\/product"}],"about":[{"href":"https:\/\/www.vianailustracion.com\/index.php\/wp-json\/wp\/v2\/types\/product"}],"replies":[{"embeddable":true,"href":"https:\/\/www.vianailustracion.com\/index.php\/wp-json\/wp\/v2\/comments?post=19294"}],"wp:featuredmedia":[{"embeddable":true,"href":"https:\/\/www.vianailustracion.com\/index.php\/wp-json\/wp\/v2\/media\/19302"}],"wp:attachment":[{"href":"https:\/\/www.vianailustracion.com\/index.php\/wp-json\/wp\/v2\/media?parent=19294"}],"curies":[{"name":"wp","href":"https:\/\/api.w.org\/{rel}","templated":true}]}}