{"id":19053,"date":"2026-03-03T14:22:33","date_gmt":"2026-03-03T14:22:33","guid":{"rendered":"https:\/\/www.vianailustracion.com\/?post_type=product&#038;p=19053"},"modified":"2026-04-17T13:37:19","modified_gmt":"2026-04-17T13:37:19","slug":"niebla-n5","status":"publish","type":"product","link":"https:\/\/www.vianailustracion.com\/index.php\/product\/niebla-n5\/","title":{"rendered":"Niebla N5"},"content":{"rendered":"<div class=\"woocommerce-product-details__short-description\">\n<div class=\"woocommerce-product-details__short-description\">\n<div class=\"woocommerce-product-details__short-description\">\n<p>Acuarela original en papel Hahnem\u00fchle de 300 gm2 con p\u00e1jaros bordados a mano.<\/p>\n<p>Con marco de acero en ba\u00f1o de lat\u00f3n y cadena para colgar directamente. No lleva cristal, es pl\u00e1stico de poliestireno.<\/p>\n<p>Con soporte detr\u00e1s para ponerlo tambi\u00e9n encima de una superficie.<\/p>\n<p>No se adjunta lazo, es una idea decorativa para la sesi\u00f3n fotogr\u00e1fica.<\/p>\n<p>Tama\u00f1o acuarela: 20 cm x 25 cm<\/p>\n<p>Tama\u00f1o con marco: 21 cm x 25,5 cm<\/p>\n<p>Firmada en la parte de atr\u00e1s.<\/p>\n<div class=\"woocommerce-product-details__short-description\">\n<p>Original de Viana, 2026.<\/p>\n<\/div>\n<\/div>\n<\/div>\n<\/div>\n","protected":false},"excerpt":{"rendered":"<div class=\"woocommerce-product-details__short-description\">\n<p>Acuarela original en papel Hahnem\u00fchle de 300 gm2 con p\u00e1jaros bordados a mano.<\/p>\n<p>Con marco de acero en ba\u00f1o de lat\u00f3n y cadena para colgar directamente. No lleva cristal, es pl\u00e1stico de poliestireno.<\/p>\n<p>Con soporte detr\u00e1s para ponerlo tambi\u00e9n encima de una superficie.<\/p>\n<p>No se adjunta lazo, es una idea decorativa para la sesi\u00f3n fotogr\u00e1fica.<\/p>\n<p>Tama\u00f1o acuarela: 20 cm x 25 cm<\/p>\n<p>Tama\u00f1o con marco: 21 cm x 25,5 cm<\/p>\n<p>Firmada en la parte de atr\u00e1s.<\/p>\n<div class=\"woocommerce-product-details__short-description\">\n<p>Original de Viana, 2026.<\/p>\n<\/div>\n<\/div>\n","protected":false},"featured_media":19060,"comment_status":"open","ping_status":"closed","template":"","meta":{"_mi_skip_tracking":false},"class_list":{"0":"post-19053","1":"product","2":"type-product","3":"status-publish","4":"has-post-thumbnail","6":"product_cat-niebla","7":"product_cat-obra-original","8":"product_tag-acuarela","9":"product_tag-original","10":"entry"},"yoast_head":"<!-- This site is optimized with the Yoast SEO plugin v16.6 - https:\/\/yoast.com\/wordpress\/plugins\/seo\/ -->\n<meta name=\"robots\" content=\"index, follow, max-snippet:-1, max-image-preview:large, max-video-preview:-1\" \/>\n<link rel=\"canonical\" href=\"https:\/\/www.vianailustracion.com\/index.php\/product\/niebla-n5\/\" \/>\n<meta property=\"og:locale\" content=\"es_ES\" \/>\n<meta property=\"og:type\" content=\"article\" \/>\n<meta property=\"og:title\" content=\"Niebla N5 - Viana Ilustraci\u00f3n\" \/>\n<meta property=\"og:description\" content=\"Acuarela original en papel Hahnem\u00fchle de 300 gm2 con p\u00e1jaros bordados a mano.  Con marco de acero en ba\u00f1o de lat\u00f3n y cadena para colgar directamente. No lleva cristal, es pl\u00e1stico de poliestireno.  Con soporte detr\u00e1s para ponerlo tambi\u00e9n encima de una superficie.  No se adjunta lazo, es una idea decorativa para la sesi\u00f3n fotogr\u00e1fica.  Tama\u00f1o acuarela: 20 cm x 25 cm  Tama\u00f1o con marco: 21 cm x 25,5 cm  Firmada en la parte de atr\u00e1s.   Original de Viana, 2026.\" \/>\n<meta property=\"og:url\" content=\"https:\/\/www.vianailustracion.com\/index.php\/product\/niebla-n5\/\" \/>\n<meta property=\"og:site_name\" content=\"Viana Ilustraci\u00f3n\" \/>\n<meta property=\"article:modified_time\" content=\"2026-04-17T13:37:19+00:00\" \/>\n<meta property=\"og:image\" content=\"https:\/\/www.vianailustracion.com\/wp-content\/uploads\/2026\/03\/Niebla_WEB.jpg\" \/>\n\t<meta property=\"og:image:width\" content=\"1080\" \/>\n\t<meta property=\"og:image:height\" content=\"1080\" \/>\n<meta name=\"twitter:card\" content=\"summary_large_image\" \/>\n<meta name=\"twitter:label1\" content=\"Tiempo de lectura\" \/>\n\t<meta name=\"twitter:data1\" content=\"1 minuto\" \/>\n<script type=\"application\/ld+json\" class=\"yoast-schema-graph\">{\"@context\":\"https:\/\/schema.org\",\"@graph\":[{\"@type\":\"WebSite\",\"@id\":\"https:\/\/www.vianailustracion.com\/#website\",\"url\":\"https:\/\/www.vianailustracion.com\/\",\"name\":\"Viana Ilustraci\\u00f3n\",\"description\":\"Ilustraci\\u00f3n, dise\\u00f1o y cosas bonitas\",\"potentialAction\":[{\"@type\":\"SearchAction\",\"target\":{\"@type\":\"EntryPoint\",\"urlTemplate\":\"https:\/\/www.vianailustracion.com\/?s={search_term_string}\"},\"query-input\":\"required name=search_term_string\"}],\"inLanguage\":\"es\"},{\"@type\":\"ImageObject\",\"@id\":\"https:\/\/www.vianailustracion.com\/index.php\/product\/niebla-n5\/#primaryimage\",\"inLanguage\":\"es\",\"url\":\"https:\/\/www.vianailustracion.com\/wp-content\/uploads\/2026\/03\/Niebla_WEB.jpg\",\"contentUrl\":\"https:\/\/www.vianailustracion.com\/wp-content\/uploads\/2026\/03\/Niebla_WEB.jpg\",\"width\":1080,\"height\":1080,\"caption\":\"Niebla N5\"},{\"@type\":\"WebPage\",\"@id\":\"https:\/\/www.vianailustracion.com\/index.php\/product\/niebla-n5\/#webpage\",\"url\":\"https:\/\/www.vianailustracion.com\/index.php\/product\/niebla-n5\/\",\"name\":\"Niebla N5 - Viana Ilustraci\\u00f3n\",\"isPartOf\":{\"@id\":\"https:\/\/www.vianailustracion.com\/#website\"},\"primaryImageOfPage\":{\"@id\":\"https:\/\/www.vianailustracion.com\/index.php\/product\/niebla-n5\/#primaryimage\"},\"datePublished\":\"2026-03-03T14:22:33+00:00\",\"dateModified\":\"2026-04-17T13:37:19+00:00\",\"breadcrumb\":{\"@id\":\"https:\/\/www.vianailustracion.com\/index.php\/product\/niebla-n5\/#breadcrumb\"},\"inLanguage\":\"es\",\"potentialAction\":[{\"@type\":\"ReadAction\",\"target\":[\"https:\/\/www.vianailustracion.com\/index.php\/product\/niebla-n5\/\"]}]},{\"@type\":\"BreadcrumbList\",\"@id\":\"https:\/\/www.vianailustracion.com\/index.php\/product\/niebla-n5\/#breadcrumb\",\"itemListElement\":[{\"@type\":\"ListItem\",\"position\":1,\"name\":\"Portada\",\"item\":\"https:\/\/www.vianailustracion.com\/\"},{\"@type\":\"ListItem\",\"position\":2,\"name\":\"Shop\",\"item\":\"https:\/\/www.vianailustracion.com\/index.php\/shop\/\"},{\"@type\":\"ListItem\",\"position\":3,\"name\":\"Niebla N5\"}]}]}<\/script>\n<!-- \/ Yoast SEO plugin. -->","_links":{"self":[{"href":"https:\/\/www.vianailustracion.com\/index.php\/wp-json\/wp\/v2\/product\/19053","targetHints":{"allow":["GET"]}}],"collection":[{"href":"https:\/\/www.vianailustracion.com\/index.php\/wp-json\/wp\/v2\/product"}],"about":[{"href":"https:\/\/www.vianailustracion.com\/index.php\/wp-json\/wp\/v2\/types\/product"}],"replies":[{"embeddable":true,"href":"https:\/\/www.vianailustracion.com\/index.php\/wp-json\/wp\/v2\/comments?post=19053"}],"wp:featuredmedia":[{"embeddable":true,"href":"https:\/\/www.vianailustracion.com\/index.php\/wp-json\/wp\/v2\/media\/19060"}],"wp:attachment":[{"href":"https:\/\/www.vianailustracion.com\/index.php\/wp-json\/wp\/v2\/media?parent=19053"}],"curies":[{"name":"wp","href":"https:\/\/api.w.org\/{rel}","templated":true}]}}