{"id":19019,"date":"2026-03-02T17:45:38","date_gmt":"2026-03-02T17:45:38","guid":{"rendered":"https:\/\/www.vianailustracion.com\/?post_type=product&#038;p=19019"},"modified":"2026-04-17T13:37:19","modified_gmt":"2026-04-17T13:37:19","slug":"bosque-1","status":"publish","type":"product","link":"https:\/\/www.vianailustracion.com\/index.php\/product\/bosque-1\/","title":{"rendered":"Niebla N1"},"content":{"rendered":"<div class=\"woocommerce-product-details__short-description\">\n<div class=\"woocommerce-product-details__short-description\">\n<div class=\"woocommerce-product-details__short-description\">\n<p>Mini acuarela original en papel Phoenix de 300 gm2 y 100% algod\u00f3n.<\/p>\n<p>Con marco de lat\u00f3n y cristal y lazo para colgar directamente. Se adjunta cadenita por si la quieres cambiar por el lazo.<\/p>\n<p>Tama\u00f1o acuarela: 5,5 cm x 5,5 cm<\/p>\n<p>Tama\u00f1o con marco: 6 cm x 6 cm<\/p>\n<p>Firmada en la parte de atr\u00e1s.<\/p>\n<div class=\"woocommerce-product-details__short-description\">\n<p>Original de Viana, 2026.<\/p>\n<\/div>\n<\/div>\n<\/div>\n<\/div>\n","protected":false},"excerpt":{"rendered":"<div class=\"woocommerce-product-details__short-description\">\n<p>Mini acuarela original en papel Phoenix de 300 gm2 y 100% algod\u00f3n.<\/p>\n<p>Con marco de lat\u00f3n y cristal y lazo para colgar directamente. Se adjunta cadenita por si la quieres cambiar por el lazo.<\/p>\n<p>Tama\u00f1o acuarela: 5,5 cm x 5,5 cm<\/p>\n<p>Tama\u00f1o con marco: 6 cm x 6 cm<\/p>\n<p>Firmada en la parte de atr\u00e1s.<\/p>\n<div class=\"woocommerce-product-details__short-description\">\n<p>Original de Viana, 2026.<\/p>\n<\/div>\n<\/div>\n","protected":false},"featured_media":19048,"comment_status":"open","ping_status":"closed","template":"","meta":{"_mi_skip_tracking":false},"class_list":{"0":"post-19019","1":"product","2":"type-product","3":"status-publish","4":"has-post-thumbnail","6":"product_cat-niebla","7":"product_tag-acuarela","8":"product_tag-original","9":"entry"},"yoast_head":"<!-- This site is optimized with the Yoast SEO plugin v16.6 - https:\/\/yoast.com\/wordpress\/plugins\/seo\/ -->\n<meta name=\"robots\" content=\"index, follow, max-snippet:-1, max-image-preview:large, max-video-preview:-1\" \/>\n<link rel=\"canonical\" href=\"https:\/\/www.vianailustracion.com\/index.php\/product\/bosque-1\/\" \/>\n<meta property=\"og:locale\" content=\"es_ES\" \/>\n<meta property=\"og:type\" content=\"article\" \/>\n<meta property=\"og:title\" content=\"Niebla N1 - Viana Ilustraci\u00f3n\" \/>\n<meta property=\"og:description\" content=\"Mini acuarela original en papel Phoenix de 300 gm2 y 100% algod\u00f3n.  Con marco de lat\u00f3n y cristal y lazo para colgar directamente. Se adjunta cadenita por si la quieres cambiar por el lazo.  Tama\u00f1o acuarela: 5,5 cm x 5,5 cm  Tama\u00f1o con marco: 6 cm x 6 cm  Firmada en la parte de atr\u00e1s.   Original de Viana, 2026.\" \/>\n<meta property=\"og:url\" content=\"https:\/\/www.vianailustracion.com\/index.php\/product\/bosque-1\/\" \/>\n<meta property=\"og:site_name\" content=\"Viana Ilustraci\u00f3n\" \/>\n<meta property=\"article:modified_time\" content=\"2026-04-17T13:37:19+00:00\" \/>\n<meta property=\"og:image\" content=\"https:\/\/www.vianailustracion.com\/wp-content\/uploads\/2026\/03\/Bosque1_WEB-1.jpg\" \/>\n\t<meta property=\"og:image:width\" content=\"900\" \/>\n\t<meta property=\"og:image:height\" content=\"900\" \/>\n<meta name=\"twitter:card\" content=\"summary_large_image\" \/>\n<meta name=\"twitter:label1\" content=\"Tiempo de lectura\" \/>\n\t<meta name=\"twitter:data1\" content=\"1 minuto\" \/>\n<script type=\"application\/ld+json\" class=\"yoast-schema-graph\">{\"@context\":\"https:\/\/schema.org\",\"@graph\":[{\"@type\":\"WebSite\",\"@id\":\"https:\/\/www.vianailustracion.com\/#website\",\"url\":\"https:\/\/www.vianailustracion.com\/\",\"name\":\"Viana Ilustraci\\u00f3n\",\"description\":\"Ilustraci\\u00f3n, dise\\u00f1o y cosas bonitas\",\"potentialAction\":[{\"@type\":\"SearchAction\",\"target\":{\"@type\":\"EntryPoint\",\"urlTemplate\":\"https:\/\/www.vianailustracion.com\/?s={search_term_string}\"},\"query-input\":\"required name=search_term_string\"}],\"inLanguage\":\"es\"},{\"@type\":\"ImageObject\",\"@id\":\"https:\/\/www.vianailustracion.com\/index.php\/product\/bosque-1\/#primaryimage\",\"inLanguage\":\"es\",\"url\":\"https:\/\/www.vianailustracion.com\/wp-content\/uploads\/2026\/03\/Bosque1_WEB-1.jpg\",\"contentUrl\":\"https:\/\/www.vianailustracion.com\/wp-content\/uploads\/2026\/03\/Bosque1_WEB-1.jpg\",\"width\":900,\"height\":900,\"caption\":\"Vendida\"},{\"@type\":\"WebPage\",\"@id\":\"https:\/\/www.vianailustracion.com\/index.php\/product\/bosque-1\/#webpage\",\"url\":\"https:\/\/www.vianailustracion.com\/index.php\/product\/bosque-1\/\",\"name\":\"Niebla N1 - Viana Ilustraci\\u00f3n\",\"isPartOf\":{\"@id\":\"https:\/\/www.vianailustracion.com\/#website\"},\"primaryImageOfPage\":{\"@id\":\"https:\/\/www.vianailustracion.com\/index.php\/product\/bosque-1\/#primaryimage\"},\"datePublished\":\"2026-03-02T17:45:38+00:00\",\"dateModified\":\"2026-04-17T13:37:19+00:00\",\"breadcrumb\":{\"@id\":\"https:\/\/www.vianailustracion.com\/index.php\/product\/bosque-1\/#breadcrumb\"},\"inLanguage\":\"es\",\"potentialAction\":[{\"@type\":\"ReadAction\",\"target\":[\"https:\/\/www.vianailustracion.com\/index.php\/product\/bosque-1\/\"]}]},{\"@type\":\"BreadcrumbList\",\"@id\":\"https:\/\/www.vianailustracion.com\/index.php\/product\/bosque-1\/#breadcrumb\",\"itemListElement\":[{\"@type\":\"ListItem\",\"position\":1,\"name\":\"Portada\",\"item\":\"https:\/\/www.vianailustracion.com\/\"},{\"@type\":\"ListItem\",\"position\":2,\"name\":\"Shop\",\"item\":\"https:\/\/www.vianailustracion.com\/index.php\/shop\/\"},{\"@type\":\"ListItem\",\"position\":3,\"name\":\"Niebla N1\"}]}]}<\/script>\n<!-- \/ Yoast SEO plugin. -->","_links":{"self":[{"href":"https:\/\/www.vianailustracion.com\/index.php\/wp-json\/wp\/v2\/product\/19019","targetHints":{"allow":["GET"]}}],"collection":[{"href":"https:\/\/www.vianailustracion.com\/index.php\/wp-json\/wp\/v2\/product"}],"about":[{"href":"https:\/\/www.vianailustracion.com\/index.php\/wp-json\/wp\/v2\/types\/product"}],"replies":[{"embeddable":true,"href":"https:\/\/www.vianailustracion.com\/index.php\/wp-json\/wp\/v2\/comments?post=19019"}],"wp:featuredmedia":[{"embeddable":true,"href":"https:\/\/www.vianailustracion.com\/index.php\/wp-json\/wp\/v2\/media\/19048"}],"wp:attachment":[{"href":"https:\/\/www.vianailustracion.com\/index.php\/wp-json\/wp\/v2\/media?parent=19019"}],"curies":[{"name":"wp","href":"https:\/\/api.w.org\/{rel}","templated":true}]}}