{"id":18917,"date":"2026-03-06T16:38:23","date_gmt":"2026-03-06T16:38:23","guid":{"rendered":"https:\/\/www.vianailustracion.com\/?post_type=product&#038;p=18917"},"modified":"2026-03-10T09:34:05","modified_gmt":"2026-03-10T09:34:05","slug":"paisaje-en-suspension-6","status":"publish","type":"product","link":"https:\/\/www.vianailustracion.com\/index.php\/product\/paisaje-en-suspension-6\/","title":{"rendered":"Paisaje en suspensi\u00f3n 6"},"content":{"rendered":"<div class=\"woocommerce-product-details__short-description\">\n<p>Acuarela original sobre lienzo de algod\u00f3n montado en bastidor bordado a mano con hilo de algod\u00f3n de alta calidad y lana.<\/p>\n<p>Tama\u00f1o lienzo: 20 x 20 cm<\/p>\n<p>Tama\u00f1o enmarcado: 24 x 24 cm<\/p>\n<p>Enmarcado en caja americana de madera listo para colgar.<\/p>\n<div class=\"woocommerce-product-details__short-description\">\n<p>Original de Viana, 2026.<\/p>\n<p>Se entrega firmado y con certificado de autor.<\/p>\n<\/div>\n<\/div>\n","protected":false},"excerpt":{"rendered":"<p>Acuarela original sobre lienzo de algod\u00f3n montado en bastidor bordado a mano con hilo de algod\u00f3n de alta calidad y lana.<\/p>\n<p>Tama\u00f1o lienzo: 20 x 20 cm<\/p>\n<p>Tama\u00f1o enmarcado: 24 x 24 cm<\/p>\n<p>Enmarcado en caja americana de madera listo para colgar.<\/p>\n<div class=\"woocommerce-product-details__short-description\">\n<p>Original de Viana, 2026.<\/p>\n<p>Se entrega firmado y con certificado de autor.<\/p>\n<\/div>\n","protected":false},"featured_media":18977,"comment_status":"open","ping_status":"closed","template":"","meta":{"_mi_skip_tracking":false},"class_list":{"0":"post-18917","1":"product","2":"type-product","3":"status-publish","4":"has-post-thumbnail","6":"product_cat-paisajes-en-suspension","7":"product_cat-obra-original","8":"product_tag-acuarela","9":"product_tag-original","10":"entry"},"yoast_head":"<!-- This site is optimized with the Yoast SEO plugin v16.6 - https:\/\/yoast.com\/wordpress\/plugins\/seo\/ -->\n<meta name=\"robots\" content=\"index, follow, max-snippet:-1, max-image-preview:large, max-video-preview:-1\" \/>\n<link rel=\"canonical\" href=\"https:\/\/www.vianailustracion.com\/index.php\/product\/paisaje-en-suspension-6\/\" \/>\n<meta property=\"og:locale\" content=\"es_ES\" \/>\n<meta property=\"og:type\" content=\"article\" \/>\n<meta property=\"og:title\" content=\"Paisaje en suspensi\u00f3n 6 - Viana Ilustraci\u00f3n\" \/>\n<meta property=\"og:description\" content=\"Acuarela original sobre lienzo de algod\u00f3n montado en bastidor bordado a mano con hilo de algod\u00f3n de alta calidad y lana.  Tama\u00f1o lienzo: 20 x 20 cm  Tama\u00f1o enmarcado: 24 x 24 cm  Enmarcado en caja americana de madera listo para colgar.   Original de Viana, 2026.  Se entrega firmado y con certificado de autor.\" \/>\n<meta property=\"og:url\" content=\"https:\/\/www.vianailustracion.com\/index.php\/product\/paisaje-en-suspension-6\/\" \/>\n<meta property=\"og:site_name\" content=\"Viana Ilustraci\u00f3n\" \/>\n<meta property=\"article:modified_time\" content=\"2026-03-10T09:34:05+00:00\" \/>\n<meta property=\"og:image\" content=\"https:\/\/www.vianailustracion.com\/wp-content\/uploads\/2026\/02\/P6_WEB-1.jpg\" \/>\n\t<meta property=\"og:image:width\" content=\"1080\" \/>\n\t<meta property=\"og:image:height\" content=\"1080\" \/>\n<meta name=\"twitter:card\" content=\"summary_large_image\" \/>\n<meta name=\"twitter:label1\" content=\"Tiempo de lectura\" \/>\n\t<meta name=\"twitter:data1\" content=\"1 minuto\" \/>\n<script type=\"application\/ld+json\" class=\"yoast-schema-graph\">{\"@context\":\"https:\/\/schema.org\",\"@graph\":[{\"@type\":\"WebSite\",\"@id\":\"https:\/\/www.vianailustracion.com\/#website\",\"url\":\"https:\/\/www.vianailustracion.com\/\",\"name\":\"Viana Ilustraci\\u00f3n\",\"description\":\"Ilustraci\\u00f3n, dise\\u00f1o y cosas bonitas\",\"potentialAction\":[{\"@type\":\"SearchAction\",\"target\":{\"@type\":\"EntryPoint\",\"urlTemplate\":\"https:\/\/www.vianailustracion.com\/?s={search_term_string}\"},\"query-input\":\"required name=search_term_string\"}],\"inLanguage\":\"es\"},{\"@type\":\"ImageObject\",\"@id\":\"https:\/\/www.vianailustracion.com\/index.php\/product\/paisaje-en-suspension-6\/#primaryimage\",\"inLanguage\":\"es\",\"url\":\"https:\/\/www.vianailustracion.com\/wp-content\/uploads\/2026\/02\/P6_WEB-1.jpg\",\"contentUrl\":\"https:\/\/www.vianailustracion.com\/wp-content\/uploads\/2026\/02\/P6_WEB-1.jpg\",\"width\":1080,\"height\":1080,\"caption\":\"Paisaje en suspensi\\u00f3n 6\"},{\"@type\":\"WebPage\",\"@id\":\"https:\/\/www.vianailustracion.com\/index.php\/product\/paisaje-en-suspension-6\/#webpage\",\"url\":\"https:\/\/www.vianailustracion.com\/index.php\/product\/paisaje-en-suspension-6\/\",\"name\":\"Paisaje en suspensi\\u00f3n 6 - Viana Ilustraci\\u00f3n\",\"isPartOf\":{\"@id\":\"https:\/\/www.vianailustracion.com\/#website\"},\"primaryImageOfPage\":{\"@id\":\"https:\/\/www.vianailustracion.com\/index.php\/product\/paisaje-en-suspension-6\/#primaryimage\"},\"datePublished\":\"2026-03-06T16:38:23+00:00\",\"dateModified\":\"2026-03-10T09:34:05+00:00\",\"breadcrumb\":{\"@id\":\"https:\/\/www.vianailustracion.com\/index.php\/product\/paisaje-en-suspension-6\/#breadcrumb\"},\"inLanguage\":\"es\",\"potentialAction\":[{\"@type\":\"ReadAction\",\"target\":[\"https:\/\/www.vianailustracion.com\/index.php\/product\/paisaje-en-suspension-6\/\"]}]},{\"@type\":\"BreadcrumbList\",\"@id\":\"https:\/\/www.vianailustracion.com\/index.php\/product\/paisaje-en-suspension-6\/#breadcrumb\",\"itemListElement\":[{\"@type\":\"ListItem\",\"position\":1,\"name\":\"Portada\",\"item\":\"https:\/\/www.vianailustracion.com\/\"},{\"@type\":\"ListItem\",\"position\":2,\"name\":\"Shop\",\"item\":\"https:\/\/www.vianailustracion.com\/index.php\/shop\/\"},{\"@type\":\"ListItem\",\"position\":3,\"name\":\"Paisaje en suspensi\\u00f3n 6\"}]}]}<\/script>\n<!-- \/ Yoast SEO plugin. -->","_links":{"self":[{"href":"https:\/\/www.vianailustracion.com\/index.php\/wp-json\/wp\/v2\/product\/18917","targetHints":{"allow":["GET"]}}],"collection":[{"href":"https:\/\/www.vianailustracion.com\/index.php\/wp-json\/wp\/v2\/product"}],"about":[{"href":"https:\/\/www.vianailustracion.com\/index.php\/wp-json\/wp\/v2\/types\/product"}],"replies":[{"embeddable":true,"href":"https:\/\/www.vianailustracion.com\/index.php\/wp-json\/wp\/v2\/comments?post=18917"}],"wp:featuredmedia":[{"embeddable":true,"href":"https:\/\/www.vianailustracion.com\/index.php\/wp-json\/wp\/v2\/media\/18977"}],"wp:attachment":[{"href":"https:\/\/www.vianailustracion.com\/index.php\/wp-json\/wp\/v2\/media?parent=18917"}],"curies":[{"name":"wp","href":"https:\/\/api.w.org\/{rel}","templated":true}]}}