{"id":18191,"date":"2025-11-02T10:15:49","date_gmt":"2025-11-02T10:15:49","guid":{"rendered":"https:\/\/www.vianailustracion.com\/?post_type=product&#038;p=18191"},"modified":"2025-11-02T15:21:14","modified_gmt":"2025-11-02T15:21:14","slug":"olmeda","status":"publish","type":"product","link":"https:\/\/www.vianailustracion.com\/index.php\/product\/olmeda\/","title":{"rendered":"Olmeda"},"content":{"rendered":"<p dir=\"auto\">Acuarela original y tinta en papel Hahnem\u00fchle edici\u00f3n especial de 425 m2, libre de \u00e1cido.<\/p>\n<div class=\"woocommerce-product-details__short-description\">\n<p>P\u00e1jaros bordados a mano con hilos DMC Moulin\u00e9.<\/p>\n<p>Tama\u00f1o: 31 x 21 cm<\/p>\n<p>Tama\u00f1o con marco: 33 x 23 cm<\/p>\n<p>Se entrega con cristal. En la foto no lo lleva por motivos de reflejo. Marco antiguo italiano.<\/p>\n<div class=\"woocommerce-product-details__short-description\">\n<p>Original de Viana, 2025.<\/p>\n<p>Se entrega firmado y con certificado de autor.<\/p>\n<\/div>\n<\/div>\n","protected":false},"excerpt":{"rendered":"<p dir=\"auto\">Acuarela original y tinta en papel Hahnem\u00fchle edici\u00f3n especial de 425 m2, libre de \u00e1cido.<\/p>\n<div class=\"woocommerce-product-details__short-description\">\n<p>P\u00e1jaros bordados a mano con hilos DMC Moulin\u00e9.<\/p>\n<p>Tama\u00f1o: 31 x 21 cm<\/p>\n<p>Tama\u00f1o con marco: 33 x 23 cm<\/p>\n<p>Se entrega con cristal. En la foto no lo lleva por motivos de reflejo. Marco antiguo italiano.<\/p>\n<div class=\"woocommerce-product-details__short-description\">\n<p>Original de Viana, 2025.<\/p>\n<p>Se entrega firmado y con certificado de autor.<\/p>\n<\/div>\n<\/div>\n","protected":false},"featured_media":18201,"comment_status":"open","ping_status":"closed","template":"","meta":{"_mi_skip_tracking":false},"class_list":{"0":"post-18191","1":"product","2":"type-product","3":"status-publish","4":"has-post-thumbnail","6":"product_cat-obra-original","7":"product_tag-acuarela","8":"product_tag-original","9":"entry"},"yoast_head":"<!-- This site is optimized with the Yoast SEO plugin v16.6 - https:\/\/yoast.com\/wordpress\/plugins\/seo\/ -->\n<meta name=\"robots\" content=\"index, follow, max-snippet:-1, max-image-preview:large, max-video-preview:-1\" \/>\n<link rel=\"canonical\" href=\"https:\/\/www.vianailustracion.com\/index.php\/product\/olmeda\/\" \/>\n<meta property=\"og:locale\" content=\"es_ES\" \/>\n<meta property=\"og:type\" content=\"article\" \/>\n<meta property=\"og:title\" content=\"Olmeda - Viana Ilustraci\u00f3n\" \/>\n<meta property=\"og:description\" content=\"Acuarela original y tinta en papel Hahnem\u00fchle edici\u00f3n especial de 425 m2, libre de \u00e1cido.    P\u00e1jaros bordados a mano con hilos DMC Moulin\u00e9.  Tama\u00f1o: 31 x 21 cm  Tama\u00f1o con marco: 33 x 23 cm  Se entrega con cristal. En la foto no lo lleva por motivos de reflejo. Marco antiguo italiano.   Original de Viana, 2025.  Se entrega firmado y con certificado de autor.\" \/>\n<meta property=\"og:url\" content=\"https:\/\/www.vianailustracion.com\/index.php\/product\/olmeda\/\" \/>\n<meta property=\"og:site_name\" content=\"Viana Ilustraci\u00f3n\" \/>\n<meta property=\"article:modified_time\" content=\"2025-11-02T15:21:14+00:00\" \/>\n<meta property=\"og:image\" content=\"https:\/\/www.vianailustracion.com\/wp-content\/uploads\/2025\/11\/Olmeda_WEB-1.jpg\" \/>\n\t<meta property=\"og:image:width\" content=\"900\" \/>\n\t<meta property=\"og:image:height\" content=\"900\" \/>\n<meta name=\"twitter:card\" content=\"summary_large_image\" \/>\n<meta name=\"twitter:label1\" content=\"Tiempo de lectura\" \/>\n\t<meta name=\"twitter:data1\" content=\"1 minuto\" \/>\n<script type=\"application\/ld+json\" class=\"yoast-schema-graph\">{\"@context\":\"https:\/\/schema.org\",\"@graph\":[{\"@type\":\"WebSite\",\"@id\":\"https:\/\/www.vianailustracion.com\/#website\",\"url\":\"https:\/\/www.vianailustracion.com\/\",\"name\":\"Viana Ilustraci\\u00f3n\",\"description\":\"Ilustraci\\u00f3n, dise\\u00f1o y cosas bonitas\",\"potentialAction\":[{\"@type\":\"SearchAction\",\"target\":{\"@type\":\"EntryPoint\",\"urlTemplate\":\"https:\/\/www.vianailustracion.com\/?s={search_term_string}\"},\"query-input\":\"required name=search_term_string\"}],\"inLanguage\":\"es\"},{\"@type\":\"ImageObject\",\"@id\":\"https:\/\/www.vianailustracion.com\/index.php\/product\/olmeda\/#primaryimage\",\"inLanguage\":\"es\",\"url\":\"https:\/\/www.vianailustracion.com\/wp-content\/uploads\/2025\/11\/Olmeda_WEB-1.jpg\",\"contentUrl\":\"https:\/\/www.vianailustracion.com\/wp-content\/uploads\/2025\/11\/Olmeda_WEB-1.jpg\",\"width\":900,\"height\":900,\"caption\":\"Vendida\"},{\"@type\":\"WebPage\",\"@id\":\"https:\/\/www.vianailustracion.com\/index.php\/product\/olmeda\/#webpage\",\"url\":\"https:\/\/www.vianailustracion.com\/index.php\/product\/olmeda\/\",\"name\":\"Olmeda - Viana Ilustraci\\u00f3n\",\"isPartOf\":{\"@id\":\"https:\/\/www.vianailustracion.com\/#website\"},\"primaryImageOfPage\":{\"@id\":\"https:\/\/www.vianailustracion.com\/index.php\/product\/olmeda\/#primaryimage\"},\"datePublished\":\"2025-11-02T10:15:49+00:00\",\"dateModified\":\"2025-11-02T15:21:14+00:00\",\"breadcrumb\":{\"@id\":\"https:\/\/www.vianailustracion.com\/index.php\/product\/olmeda\/#breadcrumb\"},\"inLanguage\":\"es\",\"potentialAction\":[{\"@type\":\"ReadAction\",\"target\":[\"https:\/\/www.vianailustracion.com\/index.php\/product\/olmeda\/\"]}]},{\"@type\":\"BreadcrumbList\",\"@id\":\"https:\/\/www.vianailustracion.com\/index.php\/product\/olmeda\/#breadcrumb\",\"itemListElement\":[{\"@type\":\"ListItem\",\"position\":1,\"name\":\"Portada\",\"item\":\"https:\/\/www.vianailustracion.com\/\"},{\"@type\":\"ListItem\",\"position\":2,\"name\":\"Shop\",\"item\":\"https:\/\/www.vianailustracion.com\/index.php\/shop\/\"},{\"@type\":\"ListItem\",\"position\":3,\"name\":\"Olmeda\"}]}]}<\/script>\n<!-- \/ Yoast SEO plugin. -->","_links":{"self":[{"href":"https:\/\/www.vianailustracion.com\/index.php\/wp-json\/wp\/v2\/product\/18191","targetHints":{"allow":["GET"]}}],"collection":[{"href":"https:\/\/www.vianailustracion.com\/index.php\/wp-json\/wp\/v2\/product"}],"about":[{"href":"https:\/\/www.vianailustracion.com\/index.php\/wp-json\/wp\/v2\/types\/product"}],"replies":[{"embeddable":true,"href":"https:\/\/www.vianailustracion.com\/index.php\/wp-json\/wp\/v2\/comments?post=18191"}],"wp:featuredmedia":[{"embeddable":true,"href":"https:\/\/www.vianailustracion.com\/index.php\/wp-json\/wp\/v2\/media\/18201"}],"wp:attachment":[{"href":"https:\/\/www.vianailustracion.com\/index.php\/wp-json\/wp\/v2\/media?parent=18191"}],"curies":[{"name":"wp","href":"https:\/\/api.w.org\/{rel}","templated":true}]}}