{"id":17920,"date":"2025-12-15T09:59:48","date_gmt":"2025-12-15T09:59:48","guid":{"rendered":"https:\/\/www.vianailustracion.com\/?post_type=product&#038;p=17920"},"modified":"2026-02-09T06:52:20","modified_gmt":"2026-02-09T06:52:20","slug":"calendario-2026","status":"publish","type":"product","link":"https:\/\/www.vianailustracion.com\/index.php\/product\/calendario-2026\/","title":{"rendered":"Calendario 2026"},"content":{"rendered":"<p><strong>Donde habitan los p\u00e1jaros<\/strong><\/p>\n<p data-start=\"319\" data-end=\"487\">12 reproducciones de acuarelas originales que exploran el vuelo del tiempo.<br data-start=\"367\" data-end=\"370\" \/>Cada mes revela una escena distinta, un instante suspendido donde los p\u00e1jaros encuentran refugio.<\/p>\n<p data-start=\"489\" data-end=\"594\">Un calendario para mirar con calma, dejar pasar los d\u00edas sin prisa y encontrar belleza en lo cotidiano.<\/p>\n<p data-start=\"596\" data-end=\"611\"><strong data-start=\"596\" data-end=\"609\">Detalles:<\/strong><\/p>\n<ul data-start=\"612\" data-end=\"801\">\n<li data-start=\"612\" data-end=\"656\">\n<p data-start=\"614\" data-end=\"656\">12 reproducciones de acuarela originales hechas por m\u00ed en exclusiva para este calendario<\/p>\n<\/li>\n<li data-start=\"657\" data-end=\"703\">\n<p data-start=\"659\" data-end=\"703\">Impreso en papel texturado de 300gr de alta calidad<\/p>\n<\/li>\n<li data-start=\"704\" data-end=\"745\">\n<p data-start=\"706\" data-end=\"745\">Formato vertical con clip de sujeci\u00f3n y agujerito que te permite colgarlo<\/p>\n<\/li>\n<li data-start=\"746\" data-end=\"780\">\n<p data-start=\"748\" data-end=\"780\">Tama\u00f1o: A5 ( 15 x 21 cm)<\/p>\n<\/li>\n<li data-start=\"746\" data-end=\"780\">Conforme acabes los meses, puedes recortar la acuarela y enmarcarla o usarla para lo que quieras.<\/li>\n<\/ul>\n","protected":false},"excerpt":{"rendered":"<p><strong>Donde habitan los p\u00e1jaros<\/strong><\/p>\n<p data-start=\"319\" data-end=\"487\">12 reproducciones de acuarelas originales que exploran el vuelo del tiempo.<br data-start=\"367\" data-end=\"370\" \/>Cada mes revela una escena distinta, un instante suspendido donde los p\u00e1jaros encuentran refugio.<\/p>\n<p data-start=\"489\" data-end=\"594\">Un calendario para mirar con calma, dejar pasar los d\u00edas sin prisa y encontrar belleza en lo cotidiano.<\/p>\n<p data-start=\"596\" data-end=\"611\"><strong data-start=\"596\" data-end=\"609\">Detalles:<\/strong><\/p>\n<ul data-start=\"612\" data-end=\"801\">\n<li data-start=\"612\" data-end=\"656\">\n<p data-start=\"614\" data-end=\"656\">12 reproducciones de acuarela originales hechas por m\u00ed en exclusiva para este calendario<\/p>\n<\/li>\n<li data-start=\"657\" data-end=\"703\">\n<p data-start=\"659\" data-end=\"703\">Impreso en papel texturado de 300gr de alta calidad<\/p>\n<\/li>\n<li data-start=\"704\" data-end=\"745\">\n<p data-start=\"706\" data-end=\"745\">Formato vertical con clip de sujeci\u00f3n y agujerito que te permite colgarlo<\/p>\n<\/li>\n<li data-start=\"746\" data-end=\"780\">\n<p data-start=\"748\" data-end=\"780\">Tama\u00f1o: A5 ( 15 x 21 cm)<\/p>\n<\/li>\n<li data-start=\"746\" data-end=\"780\">Conforme acabes los meses, puedes recortar la acuarela y enmarcarla o usarla para lo que quieras.<\/li>\n<\/ul>\n","protected":false},"featured_media":17936,"comment_status":"open","ping_status":"closed","template":"","meta":{"_mi_skip_tracking":false},"class_list":{"0":"post-17920","1":"product","2":"type-product","3":"status-publish","4":"has-post-thumbnail","6":"product_cat-special-price","7":"entry"},"yoast_head":"<!-- This site is optimized with the Yoast SEO plugin v16.6 - https:\/\/yoast.com\/wordpress\/plugins\/seo\/ -->\n<meta name=\"robots\" content=\"index, follow, max-snippet:-1, max-image-preview:large, max-video-preview:-1\" \/>\n<link rel=\"canonical\" href=\"https:\/\/www.vianailustracion.com\/index.php\/product\/calendario-2026\/\" \/>\n<meta property=\"og:locale\" content=\"es_ES\" \/>\n<meta property=\"og:type\" content=\"article\" \/>\n<meta property=\"og:title\" content=\"Calendario 2026 - Viana Ilustraci\u00f3n\" \/>\n<meta property=\"og:description\" content=\"Donde habitan los p\u00e1jaros 12 reproducciones de acuarelas originales que exploran el vuelo del tiempo.Cada mes revela una escena distinta, un instante suspendido donde los p\u00e1jaros encuentran refugio. Un calendario para mirar con calma, dejar pasar los d\u00edas sin prisa y encontrar belleza en lo cotidiano. Detalles:     12 reproducciones de acuarela originales hechas por m\u00ed en exclusiva para este calendario    Impreso en papel texturado de 300gr de alta calidad    Formato vertical con clip de sujeci\u00f3n y agujerito que te permite colgarlo    Tama\u00f1o: A5 ( 15 x 21 cm)   Conforme acabes los meses, puedes recortar la acuarela y enmarcarla o usarla para lo que quieras.\" \/>\n<meta property=\"og:url\" content=\"https:\/\/www.vianailustracion.com\/index.php\/product\/calendario-2026\/\" \/>\n<meta property=\"og:site_name\" content=\"Viana Ilustraci\u00f3n\" \/>\n<meta property=\"article:modified_time\" content=\"2026-02-09T06:52:20+00:00\" \/>\n<meta property=\"og:image\" content=\"https:\/\/www.vianailustracion.com\/wp-content\/uploads\/2025\/10\/Calendario2026_WEB.jpg\" \/>\n\t<meta property=\"og:image:width\" content=\"1080\" \/>\n\t<meta property=\"og:image:height\" content=\"1080\" \/>\n<meta name=\"twitter:card\" content=\"summary_large_image\" \/>\n<meta name=\"twitter:label1\" content=\"Tiempo de lectura\" \/>\n\t<meta name=\"twitter:data1\" content=\"1 minuto\" \/>\n<script type=\"application\/ld+json\" class=\"yoast-schema-graph\">{\"@context\":\"https:\/\/schema.org\",\"@graph\":[{\"@type\":\"WebSite\",\"@id\":\"https:\/\/www.vianailustracion.com\/#website\",\"url\":\"https:\/\/www.vianailustracion.com\/\",\"name\":\"Viana Ilustraci\\u00f3n\",\"description\":\"Ilustraci\\u00f3n, dise\\u00f1o y cosas bonitas\",\"potentialAction\":[{\"@type\":\"SearchAction\",\"target\":{\"@type\":\"EntryPoint\",\"urlTemplate\":\"https:\/\/www.vianailustracion.com\/?s={search_term_string}\"},\"query-input\":\"required name=search_term_string\"}],\"inLanguage\":\"es\"},{\"@type\":\"ImageObject\",\"@id\":\"https:\/\/www.vianailustracion.com\/index.php\/product\/calendario-2026\/#primaryimage\",\"inLanguage\":\"es\",\"url\":\"https:\/\/www.vianailustracion.com\/wp-content\/uploads\/2025\/10\/Calendario2026_WEB.jpg\",\"contentUrl\":\"https:\/\/www.vianailustracion.com\/wp-content\/uploads\/2025\/10\/Calendario2026_WEB.jpg\",\"width\":1080,\"height\":1080,\"caption\":\"Calendario 2026\"},{\"@type\":\"WebPage\",\"@id\":\"https:\/\/www.vianailustracion.com\/index.php\/product\/calendario-2026\/#webpage\",\"url\":\"https:\/\/www.vianailustracion.com\/index.php\/product\/calendario-2026\/\",\"name\":\"Calendario 2026 - Viana Ilustraci\\u00f3n\",\"isPartOf\":{\"@id\":\"https:\/\/www.vianailustracion.com\/#website\"},\"primaryImageOfPage\":{\"@id\":\"https:\/\/www.vianailustracion.com\/index.php\/product\/calendario-2026\/#primaryimage\"},\"datePublished\":\"2025-12-15T09:59:48+00:00\",\"dateModified\":\"2026-02-09T06:52:20+00:00\",\"breadcrumb\":{\"@id\":\"https:\/\/www.vianailustracion.com\/index.php\/product\/calendario-2026\/#breadcrumb\"},\"inLanguage\":\"es\",\"potentialAction\":[{\"@type\":\"ReadAction\",\"target\":[\"https:\/\/www.vianailustracion.com\/index.php\/product\/calendario-2026\/\"]}]},{\"@type\":\"BreadcrumbList\",\"@id\":\"https:\/\/www.vianailustracion.com\/index.php\/product\/calendario-2026\/#breadcrumb\",\"itemListElement\":[{\"@type\":\"ListItem\",\"position\":1,\"name\":\"Portada\",\"item\":\"https:\/\/www.vianailustracion.com\/\"},{\"@type\":\"ListItem\",\"position\":2,\"name\":\"Shop\",\"item\":\"https:\/\/www.vianailustracion.com\/index.php\/shop\/\"},{\"@type\":\"ListItem\",\"position\":3,\"name\":\"Calendario 2026\"}]}]}<\/script>\n<!-- \/ Yoast SEO plugin. -->","_links":{"self":[{"href":"https:\/\/www.vianailustracion.com\/index.php\/wp-json\/wp\/v2\/product\/17920","targetHints":{"allow":["GET"]}}],"collection":[{"href":"https:\/\/www.vianailustracion.com\/index.php\/wp-json\/wp\/v2\/product"}],"about":[{"href":"https:\/\/www.vianailustracion.com\/index.php\/wp-json\/wp\/v2\/types\/product"}],"replies":[{"embeddable":true,"href":"https:\/\/www.vianailustracion.com\/index.php\/wp-json\/wp\/v2\/comments?post=17920"}],"wp:featuredmedia":[{"embeddable":true,"href":"https:\/\/www.vianailustracion.com\/index.php\/wp-json\/wp\/v2\/media\/17936"}],"wp:attachment":[{"href":"https:\/\/www.vianailustracion.com\/index.php\/wp-json\/wp\/v2\/media?parent=17920"}],"curies":[{"name":"wp","href":"https:\/\/api.w.org\/{rel}","templated":true}]}}