{"id":17780,"date":"2025-10-24T06:38:24","date_gmt":"2025-10-24T06:38:24","guid":{"rendered":"https:\/\/www.vianailustracion.com\/?post_type=product&#038;p=17780"},"modified":"2025-10-25T16:27:07","modified_gmt":"2025-10-25T16:27:07","slug":"persistencia-de-lo-fragil-s3","status":"publish","type":"product","link":"https:\/\/www.vianailustracion.com\/index.php\/product\/persistencia-de-lo-fragil-s3\/","title":{"rendered":"Persistencia de lo fr\u00e1gil s3"},"content":{"rendered":"<p><em><span class=\"css-1jxf684 r-bcqeeo r-1ttztb7 r-qvutc0 r-poiln3\">&#8220;Lo fr\u00e1gil suele asociarse con lo ef\u00edmero, con aquello que se rompe f\u00e1cilmente, que desaparece sin dejar huella. <\/span><\/em><\/p>\n<p><em><span class=\"css-1jxf684 r-bcqeeo r-1ttztb7 r-qvutc0 r-poiln3\">Pero tambi\u00e9n nos invita a cuidarlo. <\/span><\/em><\/p>\n<p><em><span class=\"css-1jxf684 r-bcqeeo r-1ttztb7 r-qvutc0 r-poiln3\">Lo d\u00e9bil exige memoria, ternura y esfuerzo para mantenerlo vivo. Lo fr\u00e1gil requiere atenci\u00f3n, y por eso permanece en la memoria&#8221;.<\/span><\/em><\/p>\n","protected":false},"excerpt":{"rendered":"<p>Tinta y acuarela sobre lienzo de algod\u00f3n montado en bastidor bordado a mano con hilo de algod\u00f3n DMC.<\/p>\n<p>Tama\u00f1o lienzo: 40 x 50 cm<\/p>\n<p>Puede colgarse directamente.<\/p>\n<div class=\"woocommerce-product-details__short-description\">\n<p>Original de Viana, 2025.<\/p>\n<p>Se entrega firmado y con certificado de autor.<\/p>\n<\/div>\n","protected":false},"featured_media":18125,"comment_status":"open","ping_status":"closed","template":"","meta":{"_mi_skip_tracking":false},"class_list":{"0":"post-17780","1":"product","2":"type-product","3":"status-publish","4":"has-post-thumbnail","6":"product_cat-obra-original","7":"product_tag-acuarela","8":"product_tag-original","9":"entry"},"yoast_head":"<!-- This site is optimized with the Yoast SEO plugin v16.6 - https:\/\/yoast.com\/wordpress\/plugins\/seo\/ -->\n<meta name=\"robots\" content=\"index, follow, max-snippet:-1, max-image-preview:large, max-video-preview:-1\" \/>\n<link rel=\"canonical\" href=\"https:\/\/www.vianailustracion.com\/index.php\/product\/persistencia-de-lo-fragil-s3\/\" \/>\n<meta property=\"og:locale\" content=\"es_ES\" \/>\n<meta property=\"og:type\" content=\"article\" \/>\n<meta property=\"og:title\" content=\"Persistencia de lo fr\u00e1gil s3 - Viana Ilustraci\u00f3n\" \/>\n<meta property=\"og:description\" content=\"Tinta y acuarela sobre lienzo de algod\u00f3n montado en bastidor bordado a mano con hilo de algod\u00f3n DMC.  Tama\u00f1o lienzo: 40 x 50 cm  Puede colgarse directamente.   Original de Viana, 2025.  Se entrega firmado y con certificado de autor.\" \/>\n<meta property=\"og:url\" content=\"https:\/\/www.vianailustracion.com\/index.php\/product\/persistencia-de-lo-fragil-s3\/\" \/>\n<meta property=\"og:site_name\" content=\"Viana Ilustraci\u00f3n\" \/>\n<meta property=\"article:modified_time\" content=\"2025-10-25T16:27:07+00:00\" \/>\n<meta property=\"og:image\" content=\"https:\/\/www.vianailustracion.com\/wp-content\/uploads\/2025\/10\/Persistencia3_1-1.jpg\" \/>\n\t<meta property=\"og:image:width\" content=\"900\" \/>\n\t<meta property=\"og:image:height\" content=\"900\" \/>\n<meta name=\"twitter:card\" content=\"summary_large_image\" \/>\n<meta name=\"twitter:label1\" content=\"Tiempo de lectura\" \/>\n\t<meta name=\"twitter:data1\" content=\"1 minuto\" \/>\n<script type=\"application\/ld+json\" class=\"yoast-schema-graph\">{\"@context\":\"https:\/\/schema.org\",\"@graph\":[{\"@type\":\"WebSite\",\"@id\":\"https:\/\/www.vianailustracion.com\/#website\",\"url\":\"https:\/\/www.vianailustracion.com\/\",\"name\":\"Viana Ilustraci\\u00f3n\",\"description\":\"Ilustraci\\u00f3n, dise\\u00f1o y cosas bonitas\",\"potentialAction\":[{\"@type\":\"SearchAction\",\"target\":{\"@type\":\"EntryPoint\",\"urlTemplate\":\"https:\/\/www.vianailustracion.com\/?s={search_term_string}\"},\"query-input\":\"required name=search_term_string\"}],\"inLanguage\":\"es\"},{\"@type\":\"ImageObject\",\"@id\":\"https:\/\/www.vianailustracion.com\/index.php\/product\/persistencia-de-lo-fragil-s3\/#primaryimage\",\"inLanguage\":\"es\",\"url\":\"https:\/\/www.vianailustracion.com\/wp-content\/uploads\/2025\/10\/Persistencia3_1-1.jpg\",\"contentUrl\":\"https:\/\/www.vianailustracion.com\/wp-content\/uploads\/2025\/10\/Persistencia3_1-1.jpg\",\"width\":900,\"height\":900,\"caption\":\"Vendida\"},{\"@type\":\"WebPage\",\"@id\":\"https:\/\/www.vianailustracion.com\/index.php\/product\/persistencia-de-lo-fragil-s3\/#webpage\",\"url\":\"https:\/\/www.vianailustracion.com\/index.php\/product\/persistencia-de-lo-fragil-s3\/\",\"name\":\"Persistencia de lo fr\\u00e1gil s3 - Viana Ilustraci\\u00f3n\",\"isPartOf\":{\"@id\":\"https:\/\/www.vianailustracion.com\/#website\"},\"primaryImageOfPage\":{\"@id\":\"https:\/\/www.vianailustracion.com\/index.php\/product\/persistencia-de-lo-fragil-s3\/#primaryimage\"},\"datePublished\":\"2025-10-24T06:38:24+00:00\",\"dateModified\":\"2025-10-25T16:27:07+00:00\",\"breadcrumb\":{\"@id\":\"https:\/\/www.vianailustracion.com\/index.php\/product\/persistencia-de-lo-fragil-s3\/#breadcrumb\"},\"inLanguage\":\"es\",\"potentialAction\":[{\"@type\":\"ReadAction\",\"target\":[\"https:\/\/www.vianailustracion.com\/index.php\/product\/persistencia-de-lo-fragil-s3\/\"]}]},{\"@type\":\"BreadcrumbList\",\"@id\":\"https:\/\/www.vianailustracion.com\/index.php\/product\/persistencia-de-lo-fragil-s3\/#breadcrumb\",\"itemListElement\":[{\"@type\":\"ListItem\",\"position\":1,\"name\":\"Portada\",\"item\":\"https:\/\/www.vianailustracion.com\/\"},{\"@type\":\"ListItem\",\"position\":2,\"name\":\"Shop\",\"item\":\"https:\/\/www.vianailustracion.com\/index.php\/shop\/\"},{\"@type\":\"ListItem\",\"position\":3,\"name\":\"Persistencia de lo fr\\u00e1gil s3\"}]}]}<\/script>\n<!-- \/ Yoast SEO plugin. -->","_links":{"self":[{"href":"https:\/\/www.vianailustracion.com\/index.php\/wp-json\/wp\/v2\/product\/17780","targetHints":{"allow":["GET"]}}],"collection":[{"href":"https:\/\/www.vianailustracion.com\/index.php\/wp-json\/wp\/v2\/product"}],"about":[{"href":"https:\/\/www.vianailustracion.com\/index.php\/wp-json\/wp\/v2\/types\/product"}],"replies":[{"embeddable":true,"href":"https:\/\/www.vianailustracion.com\/index.php\/wp-json\/wp\/v2\/comments?post=17780"}],"wp:featuredmedia":[{"embeddable":true,"href":"https:\/\/www.vianailustracion.com\/index.php\/wp-json\/wp\/v2\/media\/18125"}],"wp:attachment":[{"href":"https:\/\/www.vianailustracion.com\/index.php\/wp-json\/wp\/v2\/media?parent=17780"}],"curies":[{"name":"wp","href":"https:\/\/api.w.org\/{rel}","templated":true}]}}