{"id":16521,"date":"2025-05-27T13:52:17","date_gmt":"2025-05-27T13:52:17","guid":{"rendered":"https:\/\/www.vianailustracion.com\/?post_type=product&#038;p=16521"},"modified":"2025-12-12T04:00:46","modified_gmt":"2025-12-12T04:00:46","slug":"cowgirls-cowboys","status":"publish","type":"product","link":"https:\/\/www.vianailustracion.com\/index.php\/product\/cowgirls-cowboys\/","title":{"rendered":"Cowgirls &#038; Cowboys"},"content":{"rendered":"<p>Print tama\u00f1o A4 (21 x 29,7 cm) impresa sobre papel couch\u00e9 de 350gr.<\/p>\n<p>La ilustraci\u00f3n se env\u00eda en sobre de cart\u00f3n (no tubo).<\/p>\n<p>Ilustraci\u00f3n original de Viana Ilustraci\u00f3n<\/p>\n","protected":false},"excerpt":{"rendered":"<p>Print tama\u00f1o A4 (21 x 29,7 cm) impresa sobre papel couch\u00e9 de 350gr.<\/p>\n<p>La ilustraci\u00f3n se env\u00eda en sobre de cart\u00f3n (no tubo).<\/p>\n<p>Ilustraci\u00f3n original de Viana Ilustraci\u00f3n<\/p>\n","protected":false},"featured_media":5919,"comment_status":"open","ping_status":"closed","template":"","meta":{"_mi_skip_tracking":false},"class_list":{"0":"post-16521","1":"product","2":"type-product","3":"status-publish","4":"has-post-thumbnail","6":"product_cat-outlet-prints","7":"product_tag-ilustracion","8":"entry"},"yoast_head":"<!-- This site is optimized with the Yoast SEO plugin v16.6 - https:\/\/yoast.com\/wordpress\/plugins\/seo\/ -->\n<meta name=\"robots\" content=\"index, follow, max-snippet:-1, max-image-preview:large, max-video-preview:-1\" \/>\n<link rel=\"canonical\" href=\"https:\/\/www.vianailustracion.com\/index.php\/product\/cowgirls-cowboys\/\" \/>\n<meta property=\"og:locale\" content=\"es_ES\" \/>\n<meta property=\"og:type\" content=\"article\" \/>\n<meta property=\"og:title\" content=\"Cowgirls &amp; Cowboys - Viana Ilustraci\u00f3n\" \/>\n<meta property=\"og:description\" content=\"Print tama\u00f1o A4 (21 x 29,7 cm) impresa sobre papel couch\u00e9 de 350gr.  La ilustraci\u00f3n se env\u00eda en sobre de cart\u00f3n (no tubo).  Ilustraci\u00f3n original de Viana Ilustraci\u00f3n\" \/>\n<meta property=\"og:url\" content=\"https:\/\/www.vianailustracion.com\/index.php\/product\/cowgirls-cowboys\/\" \/>\n<meta property=\"og:site_name\" content=\"Viana Ilustraci\u00f3n\" \/>\n<meta property=\"article:modified_time\" content=\"2025-12-12T04:00:46+00:00\" \/>\n<meta property=\"og:image\" content=\"https:\/\/www.vianailustracion.com\/wp-content\/uploads\/2018\/03\/Cowboys4.jpg\" \/>\n\t<meta property=\"og:image:width\" content=\"900\" \/>\n\t<meta property=\"og:image:height\" content=\"900\" \/>\n<meta name=\"twitter:card\" content=\"summary_large_image\" \/>\n<meta name=\"twitter:label1\" content=\"Tiempo de lectura\" \/>\n\t<meta name=\"twitter:data1\" content=\"1 minuto\" \/>\n<script type=\"application\/ld+json\" class=\"yoast-schema-graph\">{\"@context\":\"https:\/\/schema.org\",\"@graph\":[{\"@type\":\"WebSite\",\"@id\":\"https:\/\/www.vianailustracion.com\/#website\",\"url\":\"https:\/\/www.vianailustracion.com\/\",\"name\":\"Viana Ilustraci\\u00f3n\",\"description\":\"Ilustraci\\u00f3n, dise\\u00f1o y cosas bonitas\",\"potentialAction\":[{\"@type\":\"SearchAction\",\"target\":{\"@type\":\"EntryPoint\",\"urlTemplate\":\"https:\/\/www.vianailustracion.com\/?s={search_term_string}\"},\"query-input\":\"required name=search_term_string\"}],\"inLanguage\":\"es\"},{\"@type\":\"ImageObject\",\"@id\":\"https:\/\/www.vianailustracion.com\/index.php\/product\/cowgirls-cowboys\/#primaryimage\",\"inLanguage\":\"es\",\"url\":\"https:\/\/www.vianailustracion.com\/wp-content\/uploads\/2018\/03\/Cowboys4.jpg\",\"contentUrl\":\"https:\/\/www.vianailustracion.com\/wp-content\/uploads\/2018\/03\/Cowboys4.jpg\",\"width\":900,\"height\":900,\"caption\":\"Cowgirls\"},{\"@type\":\"WebPage\",\"@id\":\"https:\/\/www.vianailustracion.com\/index.php\/product\/cowgirls-cowboys\/#webpage\",\"url\":\"https:\/\/www.vianailustracion.com\/index.php\/product\/cowgirls-cowboys\/\",\"name\":\"Cowgirls & Cowboys - Viana Ilustraci\\u00f3n\",\"isPartOf\":{\"@id\":\"https:\/\/www.vianailustracion.com\/#website\"},\"primaryImageOfPage\":{\"@id\":\"https:\/\/www.vianailustracion.com\/index.php\/product\/cowgirls-cowboys\/#primaryimage\"},\"datePublished\":\"2025-05-27T13:52:17+00:00\",\"dateModified\":\"2025-12-12T04:00:46+00:00\",\"breadcrumb\":{\"@id\":\"https:\/\/www.vianailustracion.com\/index.php\/product\/cowgirls-cowboys\/#breadcrumb\"},\"inLanguage\":\"es\",\"potentialAction\":[{\"@type\":\"ReadAction\",\"target\":[\"https:\/\/www.vianailustracion.com\/index.php\/product\/cowgirls-cowboys\/\"]}]},{\"@type\":\"BreadcrumbList\",\"@id\":\"https:\/\/www.vianailustracion.com\/index.php\/product\/cowgirls-cowboys\/#breadcrumb\",\"itemListElement\":[{\"@type\":\"ListItem\",\"position\":1,\"name\":\"Portada\",\"item\":\"https:\/\/www.vianailustracion.com\/\"},{\"@type\":\"ListItem\",\"position\":2,\"name\":\"Shop\",\"item\":\"https:\/\/www.vianailustracion.com\/index.php\/shop\/\"},{\"@type\":\"ListItem\",\"position\":3,\"name\":\"Cowgirls &#038; Cowboys\"}]}]}<\/script>\n<!-- \/ Yoast SEO plugin. -->","_links":{"self":[{"href":"https:\/\/www.vianailustracion.com\/index.php\/wp-json\/wp\/v2\/product\/16521","targetHints":{"allow":["GET"]}}],"collection":[{"href":"https:\/\/www.vianailustracion.com\/index.php\/wp-json\/wp\/v2\/product"}],"about":[{"href":"https:\/\/www.vianailustracion.com\/index.php\/wp-json\/wp\/v2\/types\/product"}],"replies":[{"embeddable":true,"href":"https:\/\/www.vianailustracion.com\/index.php\/wp-json\/wp\/v2\/comments?post=16521"}],"wp:featuredmedia":[{"embeddable":true,"href":"https:\/\/www.vianailustracion.com\/index.php\/wp-json\/wp\/v2\/media\/5919"}],"wp:attachment":[{"href":"https:\/\/www.vianailustracion.com\/index.php\/wp-json\/wp\/v2\/media?parent=16521"}],"curies":[{"name":"wp","href":"https:\/\/api.w.org\/{rel}","templated":true}]}}