{"id":16159,"date":"2025-04-14T11:04:41","date_gmt":"2025-04-14T11:04:41","guid":{"rendered":"https:\/\/www.vianailustracion.com\/?post_type=product&#038;p=16159"},"modified":"2025-04-14T19:10:05","modified_gmt":"2025-04-14T19:10:05","slug":"migracion-9","status":"publish","type":"product","link":"https:\/\/www.vianailustracion.com\/index.php\/product\/migracion-9\/","title":{"rendered":"Migraci\u00f3n #9"},"content":{"rendered":"<div class=\"woocommerce-product-details__short-description\">\n<p>Acuarela original bordada a mano sobre papel Khadi de 320gr y 100% algod\u00f3n. Hilos DMC Moulin\u00e9 Sp\u00e9cial.<\/p>\n<p>Con marco antiguo de metal y cristal original.<\/p>\n<p>Tama\u00f1o marco exterior: 11 x 7,5 cm.<\/p>\n<p>Tama\u00f1o acuarela: 9 x 6,5 cm.<\/p>\n<div class=\"woocommerce-product-details__short-description\">\n<p>Original de Viana, 2025<\/p>\n<p>Firmado en parte trasera.<\/p>\n<p>El papel Khadi est\u00e1 hecho a mano en la India y se fabrica hoja por hoja, cada una tiene sus propias caracter\u00edsticas y esa terminaci\u00f3n irregular que les confiere un caracter \u00fanico.<\/p>\n<\/div>\n<\/div>\n","protected":false},"excerpt":{"rendered":"<p>Acuarela original bordada a mano sobre papel Khadi de 320gr y 100% algod\u00f3n. Hilos DMC Moulin\u00e9 Sp\u00e9cial.<\/p>\n<p>Con marco antiguo de metal y cristal original.<\/p>\n<p>Tama\u00f1o marco exterior: 11 x 7,5 cm.<\/p>\n<p>Tama\u00f1o acuarela: 9 x 6,5 cm.<\/p>\n<div class=\"woocommerce-product-details__short-description\">\n<p>Original de Viana, 2025<\/p>\n<p>Firmado en parte trasera.<\/p>\n<p>El papel Khadi est\u00e1 hecho a mano en la India y se fabrica hoja por hoja, cada una tiene sus propias caracter\u00edsticas y esa terminaci\u00f3n irregular que les confiere un caracter \u00fanico.<\/p>\n<\/div>\n","protected":false},"featured_media":16177,"comment_status":"open","ping_status":"closed","template":"","meta":{"_mi_skip_tracking":false},"class_list":{"0":"post-16159","1":"product","2":"type-product","3":"status-publish","4":"has-post-thumbnail","6":"product_cat-obra-original","7":"product_tag-acuarela-original","8":"entry"},"yoast_head":"<!-- This site is optimized with the Yoast SEO plugin v16.6 - https:\/\/yoast.com\/wordpress\/plugins\/seo\/ -->\n<meta name=\"robots\" content=\"index, follow, max-snippet:-1, max-image-preview:large, max-video-preview:-1\" \/>\n<link rel=\"canonical\" href=\"https:\/\/www.vianailustracion.com\/index.php\/product\/migracion-9\/\" \/>\n<meta property=\"og:locale\" content=\"es_ES\" \/>\n<meta property=\"og:type\" content=\"article\" \/>\n<meta property=\"og:title\" content=\"Migraci\u00f3n #9 - Viana Ilustraci\u00f3n\" \/>\n<meta property=\"og:description\" content=\"Acuarela original bordada a mano sobre papel Khadi de 320gr y 100% algod\u00f3n. Hilos DMC Moulin\u00e9 Sp\u00e9cial.  Con marco antiguo de metal y cristal original.  Tama\u00f1o marco exterior: 11 x 7,5 cm.  Tama\u00f1o acuarela: 9 x 6,5 cm.   Original de Viana, 2025  Firmado en parte trasera.  El papel Khadi est\u00e1 hecho a mano en la India y se fabrica hoja por hoja, cada una tiene sus propias caracter\u00edsticas y esa terminaci\u00f3n irregular que les confiere un caracter \u00fanico.\" \/>\n<meta property=\"og:url\" content=\"https:\/\/www.vianailustracion.com\/index.php\/product\/migracion-9\/\" \/>\n<meta property=\"og:site_name\" content=\"Viana Ilustraci\u00f3n\" \/>\n<meta property=\"article:modified_time\" content=\"2025-04-14T19:10:05+00:00\" \/>\n<meta property=\"og:image\" content=\"https:\/\/www.vianailustracion.com\/wp-content\/uploads\/2025\/04\/Migracion9_6.jpg\" \/>\n\t<meta property=\"og:image:width\" content=\"900\" \/>\n\t<meta property=\"og:image:height\" content=\"900\" \/>\n<meta name=\"twitter:card\" content=\"summary_large_image\" \/>\n<script type=\"application\/ld+json\" class=\"yoast-schema-graph\">{\"@context\":\"https:\/\/schema.org\",\"@graph\":[{\"@type\":\"WebSite\",\"@id\":\"https:\/\/www.vianailustracion.com\/#website\",\"url\":\"https:\/\/www.vianailustracion.com\/\",\"name\":\"Viana Ilustraci\\u00f3n\",\"description\":\"Ilustraci\\u00f3n, dise\\u00f1o y cosas bonitas\",\"potentialAction\":[{\"@type\":\"SearchAction\",\"target\":{\"@type\":\"EntryPoint\",\"urlTemplate\":\"https:\/\/www.vianailustracion.com\/?s={search_term_string}\"},\"query-input\":\"required name=search_term_string\"}],\"inLanguage\":\"es\"},{\"@type\":\"ImageObject\",\"@id\":\"https:\/\/www.vianailustracion.com\/index.php\/product\/migracion-9\/#primaryimage\",\"inLanguage\":\"es\",\"url\":\"https:\/\/www.vianailustracion.com\/wp-content\/uploads\/2025\/04\/Migracion9_6.jpg\",\"contentUrl\":\"https:\/\/www.vianailustracion.com\/wp-content\/uploads\/2025\/04\/Migracion9_6.jpg\",\"width\":900,\"height\":900,\"caption\":\"Vendida\"},{\"@type\":\"WebPage\",\"@id\":\"https:\/\/www.vianailustracion.com\/index.php\/product\/migracion-9\/#webpage\",\"url\":\"https:\/\/www.vianailustracion.com\/index.php\/product\/migracion-9\/\",\"name\":\"Migraci\\u00f3n #9 - Viana Ilustraci\\u00f3n\",\"isPartOf\":{\"@id\":\"https:\/\/www.vianailustracion.com\/#website\"},\"primaryImageOfPage\":{\"@id\":\"https:\/\/www.vianailustracion.com\/index.php\/product\/migracion-9\/#primaryimage\"},\"datePublished\":\"2025-04-14T11:04:41+00:00\",\"dateModified\":\"2025-04-14T19:10:05+00:00\",\"breadcrumb\":{\"@id\":\"https:\/\/www.vianailustracion.com\/index.php\/product\/migracion-9\/#breadcrumb\"},\"inLanguage\":\"es\",\"potentialAction\":[{\"@type\":\"ReadAction\",\"target\":[\"https:\/\/www.vianailustracion.com\/index.php\/product\/migracion-9\/\"]}]},{\"@type\":\"BreadcrumbList\",\"@id\":\"https:\/\/www.vianailustracion.com\/index.php\/product\/migracion-9\/#breadcrumb\",\"itemListElement\":[{\"@type\":\"ListItem\",\"position\":1,\"name\":\"Portada\",\"item\":\"https:\/\/www.vianailustracion.com\/\"},{\"@type\":\"ListItem\",\"position\":2,\"name\":\"Shop\",\"item\":\"https:\/\/www.vianailustracion.com\/index.php\/shop\/\"},{\"@type\":\"ListItem\",\"position\":3,\"name\":\"Migraci\\u00f3n #9\"}]}]}<\/script>\n<!-- \/ Yoast SEO plugin. -->","_links":{"self":[{"href":"https:\/\/www.vianailustracion.com\/index.php\/wp-json\/wp\/v2\/product\/16159","targetHints":{"allow":["GET"]}}],"collection":[{"href":"https:\/\/www.vianailustracion.com\/index.php\/wp-json\/wp\/v2\/product"}],"about":[{"href":"https:\/\/www.vianailustracion.com\/index.php\/wp-json\/wp\/v2\/types\/product"}],"replies":[{"embeddable":true,"href":"https:\/\/www.vianailustracion.com\/index.php\/wp-json\/wp\/v2\/comments?post=16159"}],"wp:featuredmedia":[{"embeddable":true,"href":"https:\/\/www.vianailustracion.com\/index.php\/wp-json\/wp\/v2\/media\/16177"}],"wp:attachment":[{"href":"https:\/\/www.vianailustracion.com\/index.php\/wp-json\/wp\/v2\/media?parent=16159"}],"curies":[{"name":"wp","href":"https:\/\/api.w.org\/{rel}","templated":true}]}}