{"id":16047,"date":"2025-12-17T10:44:52","date_gmt":"2025-12-17T10:44:52","guid":{"rendered":"https:\/\/www.vianailustracion.com\/?post_type=product&#038;p=16047"},"modified":"2025-12-31T08:31:20","modified_gmt":"2025-12-31T08:31:20","slug":"migracion-1","status":"publish","type":"product","link":"https:\/\/www.vianailustracion.com\/index.php\/product\/migracion-1\/","title":{"rendered":"Migraci\u00f3n n\u00ba 1"},"content":{"rendered":"<div class=\"woocommerce-product-details__short-description\">\n<p>Acuarela original en papel artesanal Khadi de 320 gr y 100% algod\u00f3n.<\/p>\n<p>P\u00e1jaros bordados a mano con hilo DMC Moulin\u00e9 Sp\u00e9cial.<\/p>\n<p>Tama\u00f1o 30 x 30 cm<\/p>\n<p>*Sin marco<\/p>\n<div class=\"woocommerce-product-details__short-description\">\n<p>Original de Viana, 2025<\/p>\n<p>Se entrega firmado.<\/p>\n<p>El papel Khadi est\u00e1 hecho a mano en la India y se fabrica hoja por hoja, cada una tiene sus propias caracter\u00edsticas y esa terminaci\u00f3n irregular que les confiere un caracter \u00fanico.<\/p>\n<\/div>\n<\/div>\n","protected":false},"excerpt":{"rendered":"<p>Acuarela original en papel artesanal Khadi de 320 gr y 100% algod\u00f3n.<\/p>\n<p>P\u00e1jaros bordados a mano con hilo DMC Moulin\u00e9 Sp\u00e9cial.<\/p>\n<p>Tama\u00f1o 30 x 30 cm<\/p>\n<p>*Sin marco<\/p>\n<div class=\"woocommerce-product-details__short-description\">\n<p>Original de Viana, 2025<\/p>\n<p>Se entrega firmado.<\/p>\n<p>El papel Khadi est\u00e1 hecho a mano en la India y se fabrica hoja por hoja, cada una tiene sus propias caracter\u00edsticas y esa terminaci\u00f3n irregular que les confiere un caracter \u00fanico<\/p>\n<\/div>\n","protected":false},"featured_media":18712,"comment_status":"open","ping_status":"closed","template":"","meta":{"_mi_skip_tracking":false},"class_list":{"0":"post-16047","1":"product","2":"type-product","3":"status-publish","4":"has-post-thumbnail","6":"product_cat-obra-original","7":"product_tag-acuarela-original","8":"entry"},"yoast_head":"<!-- This site is optimized with the Yoast SEO plugin v16.6 - https:\/\/yoast.com\/wordpress\/plugins\/seo\/ -->\n<meta name=\"robots\" content=\"index, follow, max-snippet:-1, max-image-preview:large, max-video-preview:-1\" \/>\n<link rel=\"canonical\" href=\"https:\/\/www.vianailustracion.com\/index.php\/product\/migracion-1\/\" \/>\n<meta property=\"og:locale\" content=\"es_ES\" \/>\n<meta property=\"og:type\" content=\"article\" \/>\n<meta property=\"og:title\" content=\"Migraci\u00f3n n\u00ba 1 - Viana Ilustraci\u00f3n\" \/>\n<meta property=\"og:description\" content=\"Acuarela original en papel artesanal Khadi de 320 gr y 100% algod\u00f3n.  P\u00e1jaros bordados a mano con hilo DMC Moulin\u00e9 Sp\u00e9cial.  Tama\u00f1o 30 x 30 cm  *Sin marco   Original de Viana, 2025  Se entrega firmado.  El papel Khadi est\u00e1 hecho a mano en la India y se fabrica hoja por hoja, cada una tiene sus propias caracter\u00edsticas y esa terminaci\u00f3n irregular que les confiere un caracter \u00fanico\" \/>\n<meta property=\"og:url\" content=\"https:\/\/www.vianailustracion.com\/index.php\/product\/migracion-1\/\" \/>\n<meta property=\"og:site_name\" content=\"Viana Ilustraci\u00f3n\" \/>\n<meta property=\"article:modified_time\" content=\"2025-12-31T08:31:20+00:00\" \/>\n<meta property=\"og:image\" content=\"https:\/\/www.vianailustracion.com\/wp-content\/uploads\/2025\/12\/Migracion1_1.jpg\" \/>\n\t<meta property=\"og:image:width\" content=\"900\" \/>\n\t<meta property=\"og:image:height\" content=\"900\" \/>\n<meta name=\"twitter:card\" content=\"summary_large_image\" \/>\n<script type=\"application\/ld+json\" class=\"yoast-schema-graph\">{\"@context\":\"https:\/\/schema.org\",\"@graph\":[{\"@type\":\"WebSite\",\"@id\":\"https:\/\/www.vianailustracion.com\/#website\",\"url\":\"https:\/\/www.vianailustracion.com\/\",\"name\":\"Viana Ilustraci\\u00f3n\",\"description\":\"Ilustraci\\u00f3n, dise\\u00f1o y cosas bonitas\",\"potentialAction\":[{\"@type\":\"SearchAction\",\"target\":{\"@type\":\"EntryPoint\",\"urlTemplate\":\"https:\/\/www.vianailustracion.com\/?s={search_term_string}\"},\"query-input\":\"required name=search_term_string\"}],\"inLanguage\":\"es\"},{\"@type\":\"ImageObject\",\"@id\":\"https:\/\/www.vianailustracion.com\/index.php\/product\/migracion-1\/#primaryimage\",\"inLanguage\":\"es\",\"url\":\"https:\/\/www.vianailustracion.com\/wp-content\/uploads\/2025\/12\/Migracion1_1.jpg\",\"contentUrl\":\"https:\/\/www.vianailustracion.com\/wp-content\/uploads\/2025\/12\/Migracion1_1.jpg\",\"width\":900,\"height\":900,\"caption\":\"Vendida\"},{\"@type\":\"WebPage\",\"@id\":\"https:\/\/www.vianailustracion.com\/index.php\/product\/migracion-1\/#webpage\",\"url\":\"https:\/\/www.vianailustracion.com\/index.php\/product\/migracion-1\/\",\"name\":\"Migraci\\u00f3n n\\u00ba 1 - Viana Ilustraci\\u00f3n\",\"isPartOf\":{\"@id\":\"https:\/\/www.vianailustracion.com\/#website\"},\"primaryImageOfPage\":{\"@id\":\"https:\/\/www.vianailustracion.com\/index.php\/product\/migracion-1\/#primaryimage\"},\"datePublished\":\"2025-12-17T10:44:52+00:00\",\"dateModified\":\"2025-12-31T08:31:20+00:00\",\"breadcrumb\":{\"@id\":\"https:\/\/www.vianailustracion.com\/index.php\/product\/migracion-1\/#breadcrumb\"},\"inLanguage\":\"es\",\"potentialAction\":[{\"@type\":\"ReadAction\",\"target\":[\"https:\/\/www.vianailustracion.com\/index.php\/product\/migracion-1\/\"]}]},{\"@type\":\"BreadcrumbList\",\"@id\":\"https:\/\/www.vianailustracion.com\/index.php\/product\/migracion-1\/#breadcrumb\",\"itemListElement\":[{\"@type\":\"ListItem\",\"position\":1,\"name\":\"Portada\",\"item\":\"https:\/\/www.vianailustracion.com\/\"},{\"@type\":\"ListItem\",\"position\":2,\"name\":\"Shop\",\"item\":\"https:\/\/www.vianailustracion.com\/index.php\/shop\/\"},{\"@type\":\"ListItem\",\"position\":3,\"name\":\"Migraci\\u00f3n n\\u00ba 1\"}]}]}<\/script>\n<!-- \/ Yoast SEO plugin. -->","_links":{"self":[{"href":"https:\/\/www.vianailustracion.com\/index.php\/wp-json\/wp\/v2\/product\/16047","targetHints":{"allow":["GET"]}}],"collection":[{"href":"https:\/\/www.vianailustracion.com\/index.php\/wp-json\/wp\/v2\/product"}],"about":[{"href":"https:\/\/www.vianailustracion.com\/index.php\/wp-json\/wp\/v2\/types\/product"}],"replies":[{"embeddable":true,"href":"https:\/\/www.vianailustracion.com\/index.php\/wp-json\/wp\/v2\/comments?post=16047"}],"wp:featuredmedia":[{"embeddable":true,"href":"https:\/\/www.vianailustracion.com\/index.php\/wp-json\/wp\/v2\/media\/18712"}],"wp:attachment":[{"href":"https:\/\/www.vianailustracion.com\/index.php\/wp-json\/wp\/v2\/media?parent=16047"}],"curies":[{"name":"wp","href":"https:\/\/api.w.org\/{rel}","templated":true}]}}