{"id":14549,"date":"2024-12-17T16:26:32","date_gmt":"2024-12-17T16:26:32","guid":{"rendered":"https:\/\/www.vianailustracion.com\/?post_type=product&#038;p=14549"},"modified":"2026-02-01T09:23:40","modified_gmt":"2026-02-01T09:23:40","slug":"badlands-n1","status":"publish","type":"product","link":"https:\/\/www.vianailustracion.com\/index.php\/product\/badlands-n1\/","title":{"rendered":"Badlands N1"},"content":{"rendered":"<div class=\"woocommerce-product-details__short-description\">\n<p>Acuarela original y grafito acuarelable en papel Hahnem\u00fchle Edici\u00f3n Especial 425g\/m2 y libre de \u00e1cido bordada a mano con hilo DMC Moulin\u00e9.<\/p>\n<p>Tama\u00f1o: A5 (14,8 x 21) cm<\/p>\n<p>Obra original de Viana, 2024.<\/p>\n<p>Se entrega firmada y con Certificado de Autor.<\/p>\n<p>Sin marco.<\/p>\n<\/div>\n","protected":false},"excerpt":{"rendered":"<p>Acuarela original y grafito acuarelable en papel Hahnem\u00fchle Edici\u00f3n Especial 425g\/m2 y libre de \u00e1cido bordada a mano con hilo DMC Moulin\u00e9.<\/p>\n<p>Tama\u00f1o: A5 (14,8 x 21) cm<\/p>\n<p>Obra original de Viana, 2024.<\/p>\n<p>Se entrega firmada y con Certificado de Autor.<\/p>\n<p>Sin marco.<\/p>\n","protected":false},"featured_media":18864,"comment_status":"open","ping_status":"closed","template":"","meta":{"_mi_skip_tracking":false},"class_list":{"0":"post-14549","1":"product","2":"type-product","3":"status-publish","4":"has-post-thumbnail","6":"product_cat-special-price","7":"product_cat-obra-original","8":"product_tag-acuarela","9":"product_tag-original","10":"entry"},"yoast_head":"<!-- This site is optimized with the Yoast SEO plugin v16.6 - https:\/\/yoast.com\/wordpress\/plugins\/seo\/ -->\n<meta name=\"robots\" content=\"index, follow, max-snippet:-1, max-image-preview:large, max-video-preview:-1\" \/>\n<link rel=\"canonical\" href=\"https:\/\/www.vianailustracion.com\/index.php\/product\/badlands-n1\/\" \/>\n<meta property=\"og:locale\" content=\"es_ES\" \/>\n<meta property=\"og:type\" content=\"article\" \/>\n<meta property=\"og:title\" content=\"Badlands N1 - Viana Ilustraci\u00f3n\" \/>\n<meta property=\"og:description\" content=\"Acuarela original y grafito acuarelable en papel Hahnem\u00fchle Edici\u00f3n Especial 425g\/m2 y libre de \u00e1cido bordada a mano con hilo DMC Moulin\u00e9.  Tama\u00f1o: A5 (14,8 x 21) cm  Obra original de Viana, 2024.  Se entrega firmada y con Certificado de Autor.  Sin marco.\" \/>\n<meta property=\"og:url\" content=\"https:\/\/www.vianailustracion.com\/index.php\/product\/badlands-n1\/\" \/>\n<meta property=\"og:site_name\" content=\"Viana Ilustraci\u00f3n\" \/>\n<meta property=\"article:modified_time\" content=\"2026-02-01T09:23:40+00:00\" \/>\n<meta property=\"og:image\" content=\"https:\/\/www.vianailustracion.com\/wp-content\/uploads\/2026\/01\/Badlands1_1.jpg\" \/>\n\t<meta property=\"og:image:width\" content=\"900\" \/>\n\t<meta property=\"og:image:height\" content=\"900\" \/>\n<meta name=\"twitter:card\" content=\"summary_large_image\" \/>\n<meta name=\"twitter:label1\" content=\"Tiempo de lectura\" \/>\n\t<meta name=\"twitter:data1\" content=\"1 minuto\" \/>\n<script type=\"application\/ld+json\" class=\"yoast-schema-graph\">{\"@context\":\"https:\/\/schema.org\",\"@graph\":[{\"@type\":\"WebSite\",\"@id\":\"https:\/\/www.vianailustracion.com\/#website\",\"url\":\"https:\/\/www.vianailustracion.com\/\",\"name\":\"Viana Ilustraci\\u00f3n\",\"description\":\"Ilustraci\\u00f3n, dise\\u00f1o y cosas bonitas\",\"potentialAction\":[{\"@type\":\"SearchAction\",\"target\":{\"@type\":\"EntryPoint\",\"urlTemplate\":\"https:\/\/www.vianailustracion.com\/?s={search_term_string}\"},\"query-input\":\"required name=search_term_string\"}],\"inLanguage\":\"es\"},{\"@type\":\"ImageObject\",\"@id\":\"https:\/\/www.vianailustracion.com\/index.php\/product\/badlands-n1\/#primaryimage\",\"inLanguage\":\"es\",\"url\":\"https:\/\/www.vianailustracion.com\/wp-content\/uploads\/2026\/01\/Badlands1_1.jpg\",\"contentUrl\":\"https:\/\/www.vianailustracion.com\/wp-content\/uploads\/2026\/01\/Badlands1_1.jpg\",\"width\":900,\"height\":900,\"caption\":\"Vendida\"},{\"@type\":\"WebPage\",\"@id\":\"https:\/\/www.vianailustracion.com\/index.php\/product\/badlands-n1\/#webpage\",\"url\":\"https:\/\/www.vianailustracion.com\/index.php\/product\/badlands-n1\/\",\"name\":\"Badlands N1 - Viana Ilustraci\\u00f3n\",\"isPartOf\":{\"@id\":\"https:\/\/www.vianailustracion.com\/#website\"},\"primaryImageOfPage\":{\"@id\":\"https:\/\/www.vianailustracion.com\/index.php\/product\/badlands-n1\/#primaryimage\"},\"datePublished\":\"2024-12-17T16:26:32+00:00\",\"dateModified\":\"2026-02-01T09:23:40+00:00\",\"breadcrumb\":{\"@id\":\"https:\/\/www.vianailustracion.com\/index.php\/product\/badlands-n1\/#breadcrumb\"},\"inLanguage\":\"es\",\"potentialAction\":[{\"@type\":\"ReadAction\",\"target\":[\"https:\/\/www.vianailustracion.com\/index.php\/product\/badlands-n1\/\"]}]},{\"@type\":\"BreadcrumbList\",\"@id\":\"https:\/\/www.vianailustracion.com\/index.php\/product\/badlands-n1\/#breadcrumb\",\"itemListElement\":[{\"@type\":\"ListItem\",\"position\":1,\"name\":\"Portada\",\"item\":\"https:\/\/www.vianailustracion.com\/\"},{\"@type\":\"ListItem\",\"position\":2,\"name\":\"Shop\",\"item\":\"https:\/\/www.vianailustracion.com\/index.php\/shop\/\"},{\"@type\":\"ListItem\",\"position\":3,\"name\":\"Badlands N1\"}]}]}<\/script>\n<!-- \/ Yoast SEO plugin. -->","_links":{"self":[{"href":"https:\/\/www.vianailustracion.com\/index.php\/wp-json\/wp\/v2\/product\/14549","targetHints":{"allow":["GET"]}}],"collection":[{"href":"https:\/\/www.vianailustracion.com\/index.php\/wp-json\/wp\/v2\/product"}],"about":[{"href":"https:\/\/www.vianailustracion.com\/index.php\/wp-json\/wp\/v2\/types\/product"}],"replies":[{"embeddable":true,"href":"https:\/\/www.vianailustracion.com\/index.php\/wp-json\/wp\/v2\/comments?post=14549"}],"wp:featuredmedia":[{"embeddable":true,"href":"https:\/\/www.vianailustracion.com\/index.php\/wp-json\/wp\/v2\/media\/18864"}],"wp:attachment":[{"href":"https:\/\/www.vianailustracion.com\/index.php\/wp-json\/wp\/v2\/media?parent=14549"}],"curies":[{"name":"wp","href":"https:\/\/api.w.org\/{rel}","templated":true}]}}