{"id":13052,"date":"2024-02-03T08:02:02","date_gmt":"2024-02-03T08:02:02","guid":{"rendered":"https:\/\/www.vianailustracion.com\/?post_type=product&#038;p=13052"},"modified":"2024-02-06T12:32:37","modified_gmt":"2024-02-06T12:32:37","slug":"lamina-nacimiento-wendy","status":"publish","type":"product","link":"https:\/\/www.vianailustracion.com\/index.php\/product\/lamina-nacimiento-wendy\/","title":{"rendered":"L\u00e1mina Nacimiento Wendy"},"content":{"rendered":"<div class=\"woocommerce-product-details__short-description\">\n<p>\u00a1Bienvenido a casa, peque\u00f1o!<\/p>\n<p>Las l\u00e1minas de nacimiento son un recuerdo muy bonito para cualquier habitaci\u00f3n y te servir\u00e1 de recuerdo para toda la vida.<\/p>\n<p>Como es personalizada, la preparaci\u00f3n e impresi\u00f3n tarda unos 5 d\u00edas laborables y se imprime en A4 (29,7 x 21 cm) en papel mate de alta calidad de 230 gramos.<\/p>\n<p>Puedes elegir la l\u00e1mina con marco blanco, de madera o sin \u00e9l.<\/p>\n<p>Datos necesarios para la personalizaci\u00f3n (puedes ponerlos en la nota al pedido o escribirnos a hola@vianailustracion.com)<\/p>\n<ul>\n<li>Nombre del beb\u00e9<\/li>\n<li>Fecha, hora y lugar de nacimiento<\/li>\n<li>Peso y altura<\/li>\n<\/ul>\n<\/div>\n","protected":false},"excerpt":{"rendered":"<div class=\"woocommerce-product-details__short-description\">\n<p>\u00a1Bienvenido a casa, peque\u00f1o!<\/p>\n<p>Las l\u00e1minas de nacimiento son un recuerdo muy bonito para cualquier habitaci\u00f3n y te servir\u00e1 de recuerdo para toda la vida.<\/p>\n<p>Como es personalizada, la preparaci\u00f3n e impresi\u00f3n tarda unos 5 d\u00edas laborables y se imprime en A4 (29,7 x 21 cm) en papel mate de alta calidad de 230 gramos.<\/p>\n<p>Puedes elegir la l\u00e1mina con marco blanco, de madera o sin \u00e9l.<\/p>\n<p>Datos necesarios para la personalizaci\u00f3n (puedes ponerlos en la nota al pedido o escribirnos a hola@vianailustracion.com)<\/p>\n<ul>\n<li>Nombre del beb\u00e9<\/li>\n<li>Fecha, hora y lugar de nacimiento<\/li>\n<li>Peso y altura<\/li>\n<\/ul>\n<\/div>\n","protected":false},"featured_media":13050,"comment_status":"open","ping_status":"closed","template":"","meta":{"_mi_skip_tracking":false},"class_list":{"0":"post-13052","1":"product","2":"type-product","3":"status-publish","4":"has-post-thumbnail","6":"product_cat-bebes-y-ninos","7":"product_tag-bebe","8":"product_tag-nacimiento","9":"entry"},"yoast_head":"<!-- This site is optimized with the Yoast SEO plugin v16.6 - https:\/\/yoast.com\/wordpress\/plugins\/seo\/ -->\n<meta name=\"robots\" content=\"index, follow, max-snippet:-1, max-image-preview:large, max-video-preview:-1\" \/>\n<link rel=\"canonical\" href=\"https:\/\/www.vianailustracion.com\/index.php\/product\/lamina-nacimiento-wendy\/\" \/>\n<meta property=\"og:locale\" content=\"es_ES\" \/>\n<meta property=\"og:type\" content=\"article\" \/>\n<meta property=\"og:title\" content=\"L\u00e1mina Nacimiento Wendy - Viana Ilustraci\u00f3n\" \/>\n<meta property=\"og:description\" content=\"\u00a1Bienvenido a casa, peque\u00f1o!  Las l\u00e1minas de nacimiento son un recuerdo muy bonito para cualquier habitaci\u00f3n y te servir\u00e1 de recuerdo para toda la vida.  Como es personalizada, la preparaci\u00f3n e impresi\u00f3n tarda unos 5 d\u00edas laborables y se imprime en A4 (29,7 x 21 cm) en papel mate de alta calidad de 230 gramos.  Puedes elegir la l\u00e1mina con marco blanco, de madera o sin \u00e9l.  Datos necesarios para la personalizaci\u00f3n (puedes ponerlos en la nota al pedido o escribirnos a hola@vianailustracion.com)   Nombre del beb\u00e9  Fecha, hora y lugar de nacimiento  Peso y altura\" \/>\n<meta property=\"og:url\" content=\"https:\/\/www.vianailustracion.com\/index.php\/product\/lamina-nacimiento-wendy\/\" \/>\n<meta property=\"og:site_name\" content=\"Viana Ilustraci\u00f3n\" \/>\n<meta property=\"article:modified_time\" content=\"2024-02-06T12:32:37+00:00\" \/>\n<meta property=\"og:image\" content=\"https:\/\/www.vianailustracion.com\/wp-content\/uploads\/2024\/02\/Nacimiento_Viaje2_1.jpg\" \/>\n\t<meta property=\"og:image:width\" content=\"900\" \/>\n\t<meta property=\"og:image:height\" content=\"900\" \/>\n<meta name=\"twitter:card\" content=\"summary_large_image\" \/>\n<meta name=\"twitter:label1\" content=\"Tiempo de lectura\" \/>\n\t<meta name=\"twitter:data1\" content=\"1 minuto\" \/>\n<script type=\"application\/ld+json\" class=\"yoast-schema-graph\">{\"@context\":\"https:\/\/schema.org\",\"@graph\":[{\"@type\":\"WebSite\",\"@id\":\"https:\/\/www.vianailustracion.com\/#website\",\"url\":\"https:\/\/www.vianailustracion.com\/\",\"name\":\"Viana Ilustraci\\u00f3n\",\"description\":\"Ilustraci\\u00f3n, dise\\u00f1o y cosas bonitas\",\"potentialAction\":[{\"@type\":\"SearchAction\",\"target\":{\"@type\":\"EntryPoint\",\"urlTemplate\":\"https:\/\/www.vianailustracion.com\/?s={search_term_string}\"},\"query-input\":\"required name=search_term_string\"}],\"inLanguage\":\"es\"},{\"@type\":\"ImageObject\",\"@id\":\"https:\/\/www.vianailustracion.com\/index.php\/product\/lamina-nacimiento-wendy\/#primaryimage\",\"inLanguage\":\"es\",\"url\":\"https:\/\/www.vianailustracion.com\/wp-content\/uploads\/2024\/02\/Nacimiento_Viaje2_1.jpg\",\"contentUrl\":\"https:\/\/www.vianailustracion.com\/wp-content\/uploads\/2024\/02\/Nacimiento_Viaje2_1.jpg\",\"width\":900,\"height\":900,\"caption\":\"Nacimiento Wendy\"},{\"@type\":\"WebPage\",\"@id\":\"https:\/\/www.vianailustracion.com\/index.php\/product\/lamina-nacimiento-wendy\/#webpage\",\"url\":\"https:\/\/www.vianailustracion.com\/index.php\/product\/lamina-nacimiento-wendy\/\",\"name\":\"L\\u00e1mina Nacimiento Wendy - Viana Ilustraci\\u00f3n\",\"isPartOf\":{\"@id\":\"https:\/\/www.vianailustracion.com\/#website\"},\"primaryImageOfPage\":{\"@id\":\"https:\/\/www.vianailustracion.com\/index.php\/product\/lamina-nacimiento-wendy\/#primaryimage\"},\"datePublished\":\"2024-02-03T08:02:02+00:00\",\"dateModified\":\"2024-02-06T12:32:37+00:00\",\"breadcrumb\":{\"@id\":\"https:\/\/www.vianailustracion.com\/index.php\/product\/lamina-nacimiento-wendy\/#breadcrumb\"},\"inLanguage\":\"es\",\"potentialAction\":[{\"@type\":\"ReadAction\",\"target\":[\"https:\/\/www.vianailustracion.com\/index.php\/product\/lamina-nacimiento-wendy\/\"]}]},{\"@type\":\"BreadcrumbList\",\"@id\":\"https:\/\/www.vianailustracion.com\/index.php\/product\/lamina-nacimiento-wendy\/#breadcrumb\",\"itemListElement\":[{\"@type\":\"ListItem\",\"position\":1,\"name\":\"Portada\",\"item\":\"https:\/\/www.vianailustracion.com\/\"},{\"@type\":\"ListItem\",\"position\":2,\"name\":\"Shop\",\"item\":\"https:\/\/www.vianailustracion.com\/index.php\/shop\/\"},{\"@type\":\"ListItem\",\"position\":3,\"name\":\"L\\u00e1mina Nacimiento Wendy\"}]}]}<\/script>\n<!-- \/ Yoast SEO plugin. -->","_links":{"self":[{"href":"https:\/\/www.vianailustracion.com\/index.php\/wp-json\/wp\/v2\/product\/13052","targetHints":{"allow":["GET"]}}],"collection":[{"href":"https:\/\/www.vianailustracion.com\/index.php\/wp-json\/wp\/v2\/product"}],"about":[{"href":"https:\/\/www.vianailustracion.com\/index.php\/wp-json\/wp\/v2\/types\/product"}],"replies":[{"embeddable":true,"href":"https:\/\/www.vianailustracion.com\/index.php\/wp-json\/wp\/v2\/comments?post=13052"}],"wp:featuredmedia":[{"embeddable":true,"href":"https:\/\/www.vianailustracion.com\/index.php\/wp-json\/wp\/v2\/media\/13050"}],"wp:attachment":[{"href":"https:\/\/www.vianailustracion.com\/index.php\/wp-json\/wp\/v2\/media?parent=13052"}],"curies":[{"name":"wp","href":"https:\/\/api.w.org\/{rel}","templated":true}]}}