{"id":6655,"date":"2019-07-11T15:31:13","date_gmt":"2019-07-11T15:31:13","guid":{"rendered":"https:\/\/www.vianailustracion.com\/?page_id=6655"},"modified":"2019-07-11T15:31:13","modified_gmt":"2019-07-11T15:31:13","slug":"politica-de-cookies","status":"publish","type":"page","link":"https:\/\/www.vianailustracion.com\/index.php\/politica-de-cookies\/","title":{"rendered":"Pol\u00edtica de cookies"},"content":{"rendered":"\n<h1 class=\"wp-block-heading\"><\/h1>\n\n\n\n<p> Una <em>cookie<\/em> es un peque\u00f1o fichero de texto que se almacena en su  navegador cuando visita casi cualquier p\u00e1gina web. Su utilidad es que  la web sea capaz de recordar su visita cuando vuelva a navegar por esa  p\u00e1gina. Las <em>cookies<\/em> suelen almacenar informaci\u00f3n de car\u00e1cter  t\u00e9cnico, preferencias personales, personalizaci\u00f3n de contenidos,  estad\u00edsticas de uso, enlaces a redes sociales, acceso a cuentas de  usuario, etc. El objetivo de la <em>cookie<\/em> es adaptar el contenido de la web a su perfil y necesidades, sin <em>cookies<\/em>  los servicios ofrecidos por cualquier p\u00e1gina se ver\u00edan mermados  notablemente. Si desea consultar m\u00e1s informaci\u00f3n sobre qu\u00e9 son las <em>cookies<\/em>, qu\u00e9 almacenan, c\u00f3mo eliminarlas, desactivarlas, etc.,&nbsp;<a href=\"https:\/\/www.vianailustracion.com\/index.php\/mas-informacion-sobre-las-cookies\/\">le rogamos se dirija a este enlace.<\/a><\/p>\n\n\n\n<h2 class=\"wp-block-heading\">Cookies utilizadas en este sitio web<\/h2>\n\n\n\n<p>\n\n\n\n\nSiguiendo las directrices de la Agencia Espa\u00f1ola de Protecci\u00f3n de Datos procedemos a detallar el uso de <em>cookies<\/em> que hace esta web con el fin de informarle con la m\u00e1xima exactitud posible.\n\n\n\n\n\nEste sitio web utiliza las siguientes <strong>cookies propias<\/strong>:\n\n\n\n\n<\/p>\n\n\n\n<ul class=\"wp-block-list\"><li>Cookies de sesi\u00f3n, para garantizar que los usuarios que escriban \ncomentarios en el blog sean humanos y no aplicaciones automatizadas. De \nesta forma se combate el <em>spam<\/em>.<\/li><\/ul>\n\n\n\n<p>\n\n\n\n\nEste sitio web utiliza las siguientes <strong>cookies de terceros<\/strong>:\n\n\n\n\n<\/p>\n\n\n\n<ul class=\"wp-block-list\"><li>Google Analytics: Almacena <em>cookies<\/em> para poder elaborar \nestad\u00edsticas sobre el tr\u00e1fico y volumen de visitas de esta web. Al \nutilizar este sitio web est\u00e1 consintiendo el tratamiento de informaci\u00f3n \nacerca de usted por Google. Por tanto, el ejercicio de cualquier derecho\n en este sentido deber\u00e1 hacerlo comunicando directamente con Google.<\/li><li>Redes sociales: Cada red social utiliza sus propias <em>cookies<\/em> para que usted pueda pinchar en botones del tipo <em>Me gusta<\/em> o <em>Compartir<\/em>.<\/li><\/ul>\n\n\n\n<h2 class=\"wp-block-heading\">Desactivaci\u00f3n o eliminaci\u00f3n de cookies<\/h2>\n\n\n\n<p> En cualquier momento podr\u00e1 ejercer su derecho de desactivaci\u00f3n o  eliminaci\u00f3n de cookies de este sitio web. Estas acciones se realizan de  forma diferente en funci\u00f3n del navegador que est\u00e9 usando. <a href=\"https:\/\/www.vianailustracion.com\/index.php\/mas-informacion-sobre-las-cookies\/\">Aqu\u00ed le dejamos una gu\u00eda r\u00e1pida para los navegadores m\u00e1s populares. <\/a><\/p>\n\n\n\n<h2 class=\"wp-block-heading\">Notas adicionales<\/h2>\n\n\n\n<ul class=\"wp-block-list\"><li>Ni esta web ni sus representantes legales se hacen responsables ni\n del contenido ni de la veracidad de las pol\u00edticas de privacidad que \npuedan tener los terceros mencionados en esta pol\u00edtica de <em>cookies<\/em>.<\/li><li>Los navegadores web son las herramientas encargadas de almacenar las <em>cookies<\/em>\n y desde este lugar debe efectuar su derecho a eliminaci\u00f3n o \ndesactivaci\u00f3n de las mismas. Ni esta web ni sus representantes legales \npueden garantizar la correcta o incorrecta manipulaci\u00f3n de las <em>cookies<\/em> por parte de los mencionados navegadores.<\/li><li>En algunos casos es necesario instalar <em>cookies<\/em> para que el navegador no olvide su decisi\u00f3n de no aceptaci\u00f3n de las mismas.<\/li><li>En el caso de las <em>cookies<\/em> de Google Analytics, esta empresa almacena las <em>cookies<\/em>\n en servidores ubicados en Estados Unidos y se compromete a no \ncompartirla con terceros, excepto en los casos en los que sea necesario \npara el funcionamiento del sistema o cuando la ley obligue a tal efecto.\n Seg\u00fan Google no guarda su direcci\u00f3n IP. Google Inc. es una compa\u00f1\u00eda \nadherida al Acuerdo de Puerto Seguro que garantiza que todos los datos \ntransferidos ser\u00e1n tratados con un nivel de protecci\u00f3n acorde a la \nnormativa europea. Puede consultar informaci\u00f3n detallada a este respecto\n <a href=\"http:\/\/safeharbor.export.gov\/companyinfo.aspx?id=16626\" target=\"_blank\" rel=\"noreferrer noopener\">en este enlace<\/a>. Si desea informaci\u00f3n sobre el uso que Google da a las cookies <a href=\"https:\/\/developers.google.com\/analytics\/devguides\/collection\/analyticsjs\/cookie-usage?hl=es&amp;csw=1\" target=\"_blank\" rel=\"noreferrer noopener\">le adjuntamos este otro enlace<\/a>.<\/li><li>Para cualquier duda o consulta acerca de esta pol\u00edtica de <em>cookies<\/em> no dude en comunicarse con nosotros a trav\u00e9s de la secci\u00f3n de contacto.<\/li><\/ul>\n","protected":false},"excerpt":{"rendered":"<p>Una cookie es un peque\u00f1o fichero de texto que se almacena en su navegador cuando visita casi cualquier p\u00e1gina web. Su utilidad es que la web sea capaz de recordar su visita cuando vuelva a navegar por esa p\u00e1gina. Las cookies suelen almacenar informaci\u00f3n de car\u00e1cter t\u00e9cnico, preferencias personales, personalizaci\u00f3n de contenidos, estad\u00edsticas de uso,&#8230;<\/p>\n<p><a class=\"more-link\" href=\"https:\/\/www.vianailustracion.com\/index.php\/politica-de-cookies\/\">Read More <\/a><\/p>\n","protected":false},"author":1,"featured_media":0,"parent":0,"menu_order":0,"comment_status":"closed","ping_status":"closed","template":"","meta":{"_mi_skip_tracking":false,"footnotes":""},"class_list":{"0":"post-6655","1":"page","2":"type-page","3":"status-publish","5":"entry"},"yoast_head":"<!-- This site is optimized with the Yoast SEO plugin v16.6 - https:\/\/yoast.com\/wordpress\/plugins\/seo\/ -->\n<meta name=\"robots\" content=\"index, follow, max-snippet:-1, max-image-preview:large, max-video-preview:-1\" \/>\n<link rel=\"canonical\" href=\"https:\/\/www.vianailustracion.com\/index.php\/politica-de-cookies\/\" \/>\n<meta property=\"og:locale\" content=\"es_ES\" \/>\n<meta property=\"og:type\" content=\"article\" \/>\n<meta property=\"og:title\" content=\"Pol\u00edtica de cookies - Viana Ilustraci\u00f3n\" \/>\n<meta property=\"og:description\" content=\"Una cookie es un peque\u00f1o fichero de texto que se almacena en su navegador cuando visita casi cualquier p\u00e1gina web. Su utilidad es que la web sea capaz de recordar su visita cuando vuelva a navegar por esa p\u00e1gina. Las cookies suelen almacenar informaci\u00f3n de car\u00e1cter t\u00e9cnico, preferencias personales, personalizaci\u00f3n de contenidos, estad\u00edsticas de uso,...Read More\" \/>\n<meta property=\"og:url\" content=\"https:\/\/www.vianailustracion.com\/index.php\/politica-de-cookies\/\" \/>\n<meta property=\"og:site_name\" content=\"Viana Ilustraci\u00f3n\" \/>\n<meta name=\"twitter:card\" content=\"summary_large_image\" \/>\n<meta name=\"twitter:label1\" content=\"Tiempo de lectura\" \/>\n\t<meta name=\"twitter:data1\" content=\"3 minutos\" \/>\n<script type=\"application\/ld+json\" class=\"yoast-schema-graph\">{\"@context\":\"https:\/\/schema.org\",\"@graph\":[{\"@type\":\"WebSite\",\"@id\":\"https:\/\/www.vianailustracion.com\/#website\",\"url\":\"https:\/\/www.vianailustracion.com\/\",\"name\":\"Viana Ilustraci\\u00f3n\",\"description\":\"Ilustraci\\u00f3n, dise\\u00f1o y cosas bonitas\",\"potentialAction\":[{\"@type\":\"SearchAction\",\"target\":{\"@type\":\"EntryPoint\",\"urlTemplate\":\"https:\/\/www.vianailustracion.com\/?s={search_term_string}\"},\"query-input\":\"required name=search_term_string\"}],\"inLanguage\":\"es\"},{\"@type\":\"WebPage\",\"@id\":\"https:\/\/www.vianailustracion.com\/index.php\/politica-de-cookies\/#webpage\",\"url\":\"https:\/\/www.vianailustracion.com\/index.php\/politica-de-cookies\/\",\"name\":\"Pol\\u00edtica de cookies - Viana Ilustraci\\u00f3n\",\"isPartOf\":{\"@id\":\"https:\/\/www.vianailustracion.com\/#website\"},\"datePublished\":\"2019-07-11T15:31:13+00:00\",\"dateModified\":\"2019-07-11T15:31:13+00:00\",\"breadcrumb\":{\"@id\":\"https:\/\/www.vianailustracion.com\/index.php\/politica-de-cookies\/#breadcrumb\"},\"inLanguage\":\"es\",\"potentialAction\":[{\"@type\":\"ReadAction\",\"target\":[\"https:\/\/www.vianailustracion.com\/index.php\/politica-de-cookies\/\"]}]},{\"@type\":\"BreadcrumbList\",\"@id\":\"https:\/\/www.vianailustracion.com\/index.php\/politica-de-cookies\/#breadcrumb\",\"itemListElement\":[{\"@type\":\"ListItem\",\"position\":1,\"name\":\"Portada\",\"item\":\"https:\/\/www.vianailustracion.com\/\"},{\"@type\":\"ListItem\",\"position\":2,\"name\":\"Pol\\u00edtica de cookies\"}]}]}<\/script>\n<!-- \/ Yoast SEO plugin. -->","_links":{"self":[{"href":"https:\/\/www.vianailustracion.com\/index.php\/wp-json\/wp\/v2\/pages\/6655","targetHints":{"allow":["GET"]}}],"collection":[{"href":"https:\/\/www.vianailustracion.com\/index.php\/wp-json\/wp\/v2\/pages"}],"about":[{"href":"https:\/\/www.vianailustracion.com\/index.php\/wp-json\/wp\/v2\/types\/page"}],"author":[{"embeddable":true,"href":"https:\/\/www.vianailustracion.com\/index.php\/wp-json\/wp\/v2\/users\/1"}],"replies":[{"embeddable":true,"href":"https:\/\/www.vianailustracion.com\/index.php\/wp-json\/wp\/v2\/comments?post=6655"}],"version-history":[{"count":3,"href":"https:\/\/www.vianailustracion.com\/index.php\/wp-json\/wp\/v2\/pages\/6655\/revisions"}],"predecessor-version":[{"id":6660,"href":"https:\/\/www.vianailustracion.com\/index.php\/wp-json\/wp\/v2\/pages\/6655\/revisions\/6660"}],"wp:attachment":[{"href":"https:\/\/www.vianailustracion.com\/index.php\/wp-json\/wp\/v2\/media?parent=6655"}],"curies":[{"name":"wp","href":"https:\/\/api.w.org\/{rel}","templated":true}]}}