{"id":6056,"date":"2018-06-11T07:26:02","date_gmt":"2018-06-11T07:26:02","guid":{"rendered":"https:\/\/www.vianailustracion.com\/?page_id=6056"},"modified":"2018-06-11T07:28:18","modified_gmt":"2018-06-11T07:28:18","slug":"terminos-y-condiciones","status":"publish","type":"page","link":"https:\/\/www.vianailustracion.com\/index.php\/terminos-y-condiciones\/","title":{"rendered":"T\u00e9rminos y Condiciones"},"content":{"rendered":"<h3>Aviso legal<\/h3>\n<p>El titular de este sitio web es Ana Victoria Jim\u00e9nez Pina, 47066401Y y domicilio en Paseo Marinero Luis de Torres 3 1A, 30007, Murcia.<br \/>\nhola@vianailustracion.com<\/p>\n<h3><strong>Pol\u00edtica de privacidad<\/strong><\/h3>\n<p>Todo lo relativo a la pol\u00edtica de privacidad lo puedes consultar en este enlace<\/p>\n<p><a href=\"https:\/\/www.vianailustracion.com\/index.php\/politica-de-privacidad-y-proteccion-de-datos\/\"><u>Ver pol\u00edtica de privacidad<\/u><\/a><\/p>\n<p>Al aceptar los t\u00e9rminos y condiciones a la hora de hacer tu pedido, est\u00e1s aceptando tambien la pol\u00edtica de privacidad<\/p>\n<h3><strong>Pago<\/strong><\/h3>\n<p>Hay dos m\u00e9todos de pago:<br \/>\n\u2013 PAYPAL<br \/>\n\u2013 PAGO CON TARJETA BANCARIA<\/p>\n<h3><strong>Env\u00edos<\/strong><\/h3>\n<p>Los env\u00edo se realizan entre 1 y 2 d\u00edas siguientes despu\u00e9s de confirmado el pago.<br \/>\nLos productos se env\u00edan por DELIVER o CORREOS. Tienen un n\u00famero de seguimiento, por lo que se asegura la llegada del paquete.<\/p>\n<p>El mensajero har\u00e1 dos intentos de entrega. En el caso de que no haya nadie en el domicilio, el paquete se depositar\u00e1 en la oficina m\u00e1s cercana.<\/p>\n<h3>Gastos de env\u00edo:<\/h3>\n<p><strong>Espa\u00f1a:<\/strong> 6 \u20ac<\/p>\n<p><strong>Uni\u00f3n Europea:<\/strong> Depende del pa\u00eds. Seleccionar Pa\u00eds a la hora de finalizar el pedido y te indicar\u00e1 el importe.<br \/>\nLos env\u00edos en Espa\u00f1a tardan entre 48 y 72 horas. Recibir\u00edas tu pedido en un plazo m\u00e1ximo de 5 d\u00edas laborables.<br \/>\nEn EU tardan sobre 8-10 d\u00edas.<\/p>\n<p><strong>Fuera de la Uni\u00f3n Europea<\/strong><\/p>\n<p>Depende del pa\u00eds. Seleccionar Pa\u00eds a la hora de finalizar el pedido y te indicar\u00e1 el importe. Estos env\u00edos suelen tardar aproximadamente 15 d\u00edas. Si no aparece importe del pa\u00eds, esscr\u00edbeme a hola@vianailustracion.com y te estimaremos un precio de env\u00edo.<\/p>\n<p>Si necesitas el producto con urgencia, me puedes escribir antes de hacer la compra para mirar opciones.<br \/>\nLos posibles <em>gastos de aduanas<\/em>, son responsabilidad del comprador.<\/p>\n<h3><strong>Reembolsos y devoluciones<\/strong><\/h3>\n<p>En el supuesto de que el producto llegue en mal estado o roto, lo reemplazar\u00e9 por otro de las mismas condiciones o, en el caso de que no haya stock, por otro producto o productos de igual valor que el producto original (me tendr\u00edas que mandar una fotograf\u00eda del producto defectuoso).<br \/>\nSi no est\u00e1s contento con tu compra por alg\u00fan motivo, debes notificarmelo por mail y mandarme el producto en buenas condiciones antes de 14 d\u00edas, y te devolver\u00e9 el dinero de la compra. No se devuelve el dinero de los gastos de env\u00edo. El precio del env\u00edo corre a cargo del cliente.<\/p>\n<h3><strong>Otras pol\u00edticas<\/strong><\/h3>\n<p>Es posible que se produzcan ciertas variaciones de color entre las fotograf\u00edas y el producto que recibas, debido a las diferentes calibraciones de los monitores.<br \/>\nLos derechos de los trabajos son de Ana Victoria Jim\u00e9nez Pina. No se pueden reproducir las fotograf\u00edas sin permiso.<\/p>\n<p>\u2026<\/p>\n<h3><strong>Payment<\/strong><\/h3>\n<p>There are two payment methods:<br \/>\n&#8211; PAYPAL<br \/>\n&#8211; PAYMENT WITH BANK CARD<br \/>\nShipments<\/p>\n<p>Shipments are made between 1 and 2 days after the payment is confirmed.<br \/>\nThe products are sent by DELIVER or CORREOS. They have a tracking number, which ensures the arrival of the package.<\/p>\n<p>The messenger will make two delivery attempts. In the case that no one is at home, the package will be deposited at the nearest office.<br \/>\nShipping costs:<\/p>\n<p><strong>Spain: \u20ac 6<\/strong><\/p>\n<p><strong>European Union:<\/strong> It depends on the country. Select Country at the time of finalizing the order and it will indicate the amount.<br \/>\nShipments in Spain take between 48 and 72 hours. You would receive your order within a maximum of 5 working days.<br \/>\nIn the US they take about 8-10 days.<\/p>\n<p><strong>Outside the European Union<\/strong><\/p>\n<p>Depends on the country. Select Country at the time of finalizing the order and it will indicate the amount. These shipments usually take approximately 15 days. If no country amount appears, write me to hola@vianailustracion.com and we will estimate a shipping price.<\/p>\n<p>If you need the product urgently, you can write me before making the purchase to look at options.<br \/>\nPossible customs charges are the responsibility of the buyer.<\/p>\n<h3>Refunds and returns<\/h3>\n<p>In the event that the product arrives in poor condition or broken, I will replace it with another of the same conditions or, in the case that there is no stock, for another product or products of equal value to the original product (you would have to send me a photograph of the defective product).<br \/>\nIf you are not happy with your purchase for any reason, you must notify me by mail and send me the product in good condition within 14 days, and I will refund the purchase money. The money of the shipping costs is not returned. The price of the shipment is borne by the customer.<\/p>\n<h3>Other policies<\/h3>\n<p>It is possible that there are certain color variations between the photographs and the product you receive, due to the different calibrations of the monitors.<br \/>\nThe rights of the works are from Ana Victoria Jim\u00e9nez Pina. The photographs can not be reproduced without permission.<\/p>\n","protected":false},"excerpt":{"rendered":"<p>Aviso legal El titular de este sitio web es Ana Victoria Jim\u00e9nez Pina, 47066401Y y domicilio en Paseo Marinero Luis de Torres 3 1A, 30007, Murcia. hola@vianailustracion.com Pol\u00edtica de privacidad Todo lo relativo a la pol\u00edtica de privacidad lo puedes consultar en este enlace Ver pol\u00edtica de privacidad Al aceptar los t\u00e9rminos y condiciones a&#8230;<\/p>\n<p><a class=\"more-link\" href=\"https:\/\/www.vianailustracion.com\/index.php\/terminos-y-condiciones\/\">Read More <\/a><\/p>\n","protected":false},"author":1,"featured_media":0,"parent":0,"menu_order":0,"comment_status":"closed","ping_status":"closed","template":"","meta":{"_mi_skip_tracking":false,"footnotes":""},"class_list":{"0":"post-6056","1":"page","2":"type-page","3":"status-publish","5":"entry"},"yoast_head":"<!-- This site is optimized with the Yoast SEO plugin v16.6 - https:\/\/yoast.com\/wordpress\/plugins\/seo\/ -->\n<meta name=\"robots\" content=\"index, follow, max-snippet:-1, max-image-preview:large, max-video-preview:-1\" \/>\n<link rel=\"canonical\" href=\"https:\/\/www.vianailustracion.com\/index.php\/terminos-y-condiciones\/\" \/>\n<meta property=\"og:locale\" content=\"es_ES\" \/>\n<meta property=\"og:type\" content=\"article\" \/>\n<meta property=\"og:title\" content=\"T\u00e9rminos y Condiciones - Viana Ilustraci\u00f3n\" \/>\n<meta property=\"og:description\" content=\"Aviso legal El titular de este sitio web es Ana Victoria Jim\u00e9nez Pina, 47066401Y y domicilio en Paseo Marinero Luis de Torres 3 1A, 30007, Murcia. hola@vianailustracion.com Pol\u00edtica de privacidad Todo lo relativo a la pol\u00edtica de privacidad lo puedes consultar en este enlace Ver pol\u00edtica de privacidad Al aceptar los t\u00e9rminos y condiciones a...Read More\" \/>\n<meta property=\"og:url\" content=\"https:\/\/www.vianailustracion.com\/index.php\/terminos-y-condiciones\/\" \/>\n<meta property=\"og:site_name\" content=\"Viana Ilustraci\u00f3n\" \/>\n<meta property=\"article:modified_time\" content=\"2018-06-11T07:28:18+00:00\" \/>\n<meta name=\"twitter:card\" content=\"summary_large_image\" \/>\n<meta name=\"twitter:label1\" content=\"Tiempo de lectura\" \/>\n\t<meta name=\"twitter:data1\" content=\"4 minutos\" \/>\n<script type=\"application\/ld+json\" class=\"yoast-schema-graph\">{\"@context\":\"https:\/\/schema.org\",\"@graph\":[{\"@type\":\"WebSite\",\"@id\":\"https:\/\/www.vianailustracion.com\/#website\",\"url\":\"https:\/\/www.vianailustracion.com\/\",\"name\":\"Viana Ilustraci\\u00f3n\",\"description\":\"Ilustraci\\u00f3n, dise\\u00f1o y cosas bonitas\",\"potentialAction\":[{\"@type\":\"SearchAction\",\"target\":{\"@type\":\"EntryPoint\",\"urlTemplate\":\"https:\/\/www.vianailustracion.com\/?s={search_term_string}\"},\"query-input\":\"required name=search_term_string\"}],\"inLanguage\":\"es\"},{\"@type\":\"WebPage\",\"@id\":\"https:\/\/www.vianailustracion.com\/index.php\/terminos-y-condiciones\/#webpage\",\"url\":\"https:\/\/www.vianailustracion.com\/index.php\/terminos-y-condiciones\/\",\"name\":\"T\\u00e9rminos y Condiciones - Viana Ilustraci\\u00f3n\",\"isPartOf\":{\"@id\":\"https:\/\/www.vianailustracion.com\/#website\"},\"datePublished\":\"2018-06-11T07:26:02+00:00\",\"dateModified\":\"2018-06-11T07:28:18+00:00\",\"breadcrumb\":{\"@id\":\"https:\/\/www.vianailustracion.com\/index.php\/terminos-y-condiciones\/#breadcrumb\"},\"inLanguage\":\"es\",\"potentialAction\":[{\"@type\":\"ReadAction\",\"target\":[\"https:\/\/www.vianailustracion.com\/index.php\/terminos-y-condiciones\/\"]}]},{\"@type\":\"BreadcrumbList\",\"@id\":\"https:\/\/www.vianailustracion.com\/index.php\/terminos-y-condiciones\/#breadcrumb\",\"itemListElement\":[{\"@type\":\"ListItem\",\"position\":1,\"name\":\"Portada\",\"item\":\"https:\/\/www.vianailustracion.com\/\"},{\"@type\":\"ListItem\",\"position\":2,\"name\":\"T\\u00e9rminos y Condiciones\"}]}]}<\/script>\n<!-- \/ Yoast SEO plugin. -->","_links":{"self":[{"href":"https:\/\/www.vianailustracion.com\/index.php\/wp-json\/wp\/v2\/pages\/6056","targetHints":{"allow":["GET"]}}],"collection":[{"href":"https:\/\/www.vianailustracion.com\/index.php\/wp-json\/wp\/v2\/pages"}],"about":[{"href":"https:\/\/www.vianailustracion.com\/index.php\/wp-json\/wp\/v2\/types\/page"}],"author":[{"embeddable":true,"href":"https:\/\/www.vianailustracion.com\/index.php\/wp-json\/wp\/v2\/users\/1"}],"replies":[{"embeddable":true,"href":"https:\/\/www.vianailustracion.com\/index.php\/wp-json\/wp\/v2\/comments?post=6056"}],"version-history":[{"count":3,"href":"https:\/\/www.vianailustracion.com\/index.php\/wp-json\/wp\/v2\/pages\/6056\/revisions"}],"predecessor-version":[{"id":6059,"href":"https:\/\/www.vianailustracion.com\/index.php\/wp-json\/wp\/v2\/pages\/6056\/revisions\/6059"}],"wp:attachment":[{"href":"https:\/\/www.vianailustracion.com\/index.php\/wp-json\/wp\/v2\/media?parent=6056"}],"curies":[{"name":"wp","href":"https:\/\/api.w.org\/{rel}","templated":true}]}}