{"id":5744,"date":"2018-03-05T15:49:59","date_gmt":"2018-03-05T15:49:59","guid":{"rendered":"https:\/\/www.vianailustracion.com\/?page_id=5744"},"modified":"2024-12-07T13:21:22","modified_gmt":"2024-12-07T13:21:22","slug":"sobre-mi","status":"publish","type":"page","link":"https:\/\/www.vianailustracion.com\/index.php\/pagina-ejemplo\/sobre-mi\/","title":{"rendered":"Sobre m\u00ed"},"content":{"rendered":"<p><img loading=\"lazy\" decoding=\"async\" class=\"size-medium wp-image-5757 aligncenter\" src=\"https:\/\/www.vianailustracion.com\/wp-content\/uploads\/2018\/03\/dibu-1-300x200.jpg\" alt=\"Viana\" width=\"530\" height=\"355\" srcset=\"https:\/\/www.vianailustracion.com\/wp-content\/uploads\/2018\/03\/dibu-1-300x200.jpg 300w, https:\/\/www.vianailustracion.com\/wp-content\/uploads\/2018\/03\/dibu-1.jpg 530w\" sizes=\"auto, (max-width: 530px) 100vw, 530px\" \/><br \/>\nDesde peque\u00f1a siempre me he movido entre l\u00e1pices, acuarelas, pinceles y papeles. Pocas cosas me llenan m\u00e1s que dibujar y dise\u00f1ar, y tengo una obsesi\u00f3n absoluta con crear paletas de color.<\/p>\n<p>Me llamo Ana, vivo en Murcia y aunque estudi\u00e9 Comunicaci\u00f3n Audiovisual y pas\u00e9 muchos a\u00f1os trabajando en el \u00e1mbito del v\u00eddeo, he encaminado mi vida profesional al dise\u00f1o gr\u00e1fico y a la ilustraci\u00f3n.<\/p>\n<p>Mi estilo es sencillo y me encantan las tintas planas. Me gusta la m\u00fasica, tocar el banjo, cocinar, la naturaleza y el caf\u00e9, y a menudo dibujo sobre todo esto.<\/p>\n<p>Espero que te guste lo que veas por aqu\u00ed.<br \/>\nEstar\u00e9 encantada de atenderte en <a href=\"mailto: hola@vianailustracion.com\">hola@vianailustracion.com<\/a><\/p>\n","protected":false},"excerpt":{"rendered":"<p>Desde peque\u00f1a siempre me he movido entre l\u00e1pices, acuarelas, pinceles y papeles. Pocas cosas me llenan m\u00e1s que dibujar y dise\u00f1ar, y tengo una obsesi\u00f3n absoluta con crear paletas de color. Me llamo Ana, vivo en Murcia y aunque estudi\u00e9 Comunicaci\u00f3n Audiovisual y pas\u00e9 muchos a\u00f1os trabajando en el \u00e1mbito del v\u00eddeo, he encaminado mi&#8230;<\/p>\n<p><a class=\"more-link\" href=\"https:\/\/www.vianailustracion.com\/index.php\/pagina-ejemplo\/sobre-mi\/\">Read More <\/a><\/p>\n","protected":false},"author":1,"featured_media":5757,"parent":2,"menu_order":0,"comment_status":"closed","ping_status":"closed","template":"","meta":{"_mi_skip_tracking":false,"footnotes":""},"class_list":{"0":"post-5744","1":"page","2":"type-page","3":"status-publish","4":"has-post-thumbnail","6":"entry"},"yoast_head":"<!-- This site is optimized with the Yoast SEO plugin v16.6 - https:\/\/yoast.com\/wordpress\/plugins\/seo\/ -->\n<meta name=\"robots\" content=\"index, follow, max-snippet:-1, max-image-preview:large, max-video-preview:-1\" \/>\n<link rel=\"canonical\" href=\"https:\/\/www.vianailustracion.com\/index.php\/pagina-ejemplo\/sobre-mi\/\" \/>\n<meta property=\"og:locale\" content=\"es_ES\" \/>\n<meta property=\"og:type\" content=\"article\" \/>\n<meta property=\"og:title\" content=\"Sobre m\u00ed - Viana Ilustraci\u00f3n\" \/>\n<meta property=\"og:description\" content=\"Desde peque\u00f1a siempre me he movido entre l\u00e1pices, acuarelas, pinceles y papeles. Pocas cosas me llenan m\u00e1s que dibujar y dise\u00f1ar, y tengo una obsesi\u00f3n absoluta con crear paletas de color. Me llamo Ana, vivo en Murcia y aunque estudi\u00e9 Comunicaci\u00f3n Audiovisual y pas\u00e9 muchos a\u00f1os trabajando en el \u00e1mbito del v\u00eddeo, he encaminado mi...Read More\" \/>\n<meta property=\"og:url\" content=\"https:\/\/www.vianailustracion.com\/index.php\/pagina-ejemplo\/sobre-mi\/\" \/>\n<meta property=\"og:site_name\" content=\"Viana Ilustraci\u00f3n\" \/>\n<meta property=\"article:modified_time\" content=\"2024-12-07T13:21:22+00:00\" \/>\n<meta property=\"og:image\" content=\"https:\/\/www.vianailustracion.com\/wp-content\/uploads\/2018\/03\/dibu-1.jpg\" \/>\n\t<meta property=\"og:image:width\" content=\"530\" \/>\n\t<meta property=\"og:image:height\" content=\"355\" \/>\n<meta name=\"twitter:card\" content=\"summary_large_image\" \/>\n<meta name=\"twitter:label1\" content=\"Tiempo de lectura\" \/>\n\t<meta name=\"twitter:data1\" content=\"1 minuto\" \/>\n<script type=\"application\/ld+json\" class=\"yoast-schema-graph\">{\"@context\":\"https:\/\/schema.org\",\"@graph\":[{\"@type\":\"WebSite\",\"@id\":\"https:\/\/www.vianailustracion.com\/#website\",\"url\":\"https:\/\/www.vianailustracion.com\/\",\"name\":\"Viana Ilustraci\\u00f3n\",\"description\":\"Ilustraci\\u00f3n, dise\\u00f1o y cosas bonitas\",\"potentialAction\":[{\"@type\":\"SearchAction\",\"target\":{\"@type\":\"EntryPoint\",\"urlTemplate\":\"https:\/\/www.vianailustracion.com\/?s={search_term_string}\"},\"query-input\":\"required name=search_term_string\"}],\"inLanguage\":\"es\"},{\"@type\":\"ImageObject\",\"@id\":\"https:\/\/www.vianailustracion.com\/index.php\/pagina-ejemplo\/sobre-mi\/#primaryimage\",\"inLanguage\":\"es\",\"url\":\"https:\/\/www.vianailustracion.com\/wp-content\/uploads\/2018\/03\/dibu-1.jpg\",\"contentUrl\":\"https:\/\/www.vianailustracion.com\/wp-content\/uploads\/2018\/03\/dibu-1.jpg\",\"width\":530,\"height\":355,\"caption\":\"Viana\"},{\"@type\":\"WebPage\",\"@id\":\"https:\/\/www.vianailustracion.com\/index.php\/pagina-ejemplo\/sobre-mi\/#webpage\",\"url\":\"https:\/\/www.vianailustracion.com\/index.php\/pagina-ejemplo\/sobre-mi\/\",\"name\":\"Sobre m\\u00ed - Viana Ilustraci\\u00f3n\",\"isPartOf\":{\"@id\":\"https:\/\/www.vianailustracion.com\/#website\"},\"primaryImageOfPage\":{\"@id\":\"https:\/\/www.vianailustracion.com\/index.php\/pagina-ejemplo\/sobre-mi\/#primaryimage\"},\"datePublished\":\"2018-03-05T15:49:59+00:00\",\"dateModified\":\"2024-12-07T13:21:22+00:00\",\"breadcrumb\":{\"@id\":\"https:\/\/www.vianailustracion.com\/index.php\/pagina-ejemplo\/sobre-mi\/#breadcrumb\"},\"inLanguage\":\"es\",\"potentialAction\":[{\"@type\":\"ReadAction\",\"target\":[\"https:\/\/www.vianailustracion.com\/index.php\/pagina-ejemplo\/sobre-mi\/\"]}]},{\"@type\":\"BreadcrumbList\",\"@id\":\"https:\/\/www.vianailustracion.com\/index.php\/pagina-ejemplo\/sobre-mi\/#breadcrumb\",\"itemListElement\":[{\"@type\":\"ListItem\",\"position\":1,\"name\":\"Portada\",\"item\":\"https:\/\/www.vianailustracion.com\/\"},{\"@type\":\"ListItem\",\"position\":2,\"name\":\"Inicio\",\"item\":\"https:\/\/www.vianailustracion.com\/\"},{\"@type\":\"ListItem\",\"position\":3,\"name\":\"Sobre m\\u00ed\"}]}]}<\/script>\n<!-- \/ Yoast SEO plugin. -->","_links":{"self":[{"href":"https:\/\/www.vianailustracion.com\/index.php\/wp-json\/wp\/v2\/pages\/5744","targetHints":{"allow":["GET"]}}],"collection":[{"href":"https:\/\/www.vianailustracion.com\/index.php\/wp-json\/wp\/v2\/pages"}],"about":[{"href":"https:\/\/www.vianailustracion.com\/index.php\/wp-json\/wp\/v2\/types\/page"}],"author":[{"embeddable":true,"href":"https:\/\/www.vianailustracion.com\/index.php\/wp-json\/wp\/v2\/users\/1"}],"replies":[{"embeddable":true,"href":"https:\/\/www.vianailustracion.com\/index.php\/wp-json\/wp\/v2\/comments?post=5744"}],"version-history":[{"count":8,"href":"https:\/\/www.vianailustracion.com\/index.php\/wp-json\/wp\/v2\/pages\/5744\/revisions"}],"predecessor-version":[{"id":15178,"href":"https:\/\/www.vianailustracion.com\/index.php\/wp-json\/wp\/v2\/pages\/5744\/revisions\/15178"}],"up":[{"embeddable":true,"href":"https:\/\/www.vianailustracion.com\/index.php\/wp-json\/wp\/v2\/pages\/2"}],"wp:featuredmedia":[{"embeddable":true,"href":"https:\/\/www.vianailustracion.com\/index.php\/wp-json\/wp\/v2\/media\/5757"}],"wp:attachment":[{"href":"https:\/\/www.vianailustracion.com\/index.php\/wp-json\/wp\/v2\/media?parent=5744"}],"curies":[{"name":"wp","href":"https:\/\/api.w.org\/{rel}","templated":true}]}}