{"id":19385,"date":"2026-04-24T07:09:43","date_gmt":"2026-04-24T07:09:43","guid":{"rendered":"https:\/\/www.vianailustracion.com\/?page_id=19385"},"modified":"2026-04-24T07:09:43","modified_gmt":"2026-04-24T07:09:43","slug":"que-es-el-club-de-la-cabana-del-arbol","status":"publish","type":"page","link":"https:\/\/www.vianailustracion.com\/index.php\/que-es-el-club-de-la-cabana-del-arbol\/","title":{"rendered":"\u00bfQu\u00e9 es el Club de la Caba\u00f1a del \u00c1rbol?"},"content":{"rendered":"<div class=\"wp-block-image\">\n<figure class=\"alignright size-large is-resized\"><img loading=\"lazy\" decoding=\"async\" width=\"1024\" height=\"678\" src=\"https:\/\/www.vianailustracion.com\/wp-content\/uploads\/2026\/04\/Logo-1024x678.jpg\" alt=\"\" class=\"wp-image-19388\" style=\"aspect-ratio:1.5103385722602634;width:232px;height:auto\" srcset=\"https:\/\/www.vianailustracion.com\/wp-content\/uploads\/2026\/04\/Logo-1024x678.jpg 1024w, https:\/\/www.vianailustracion.com\/wp-content\/uploads\/2026\/04\/Logo-300x200.jpg 300w, https:\/\/www.vianailustracion.com\/wp-content\/uploads\/2026\/04\/Logo-354x235.jpg 354w\" sizes=\"auto, (max-width: 1024px) 100vw, 1024px\" \/><\/figure>\n<\/div>\n\n\n<p><\/p>\n\n\n\n<p>El Club de la Caba\u00f1a del \u00c1rbol es un Club Postal donde cada mes recibes en casa una carta escrita por m\u00ed con un poco de mi arte, unas pegatinas que hago yo misma, una recomendaci\u00f3n cultural y alg\u00fan detallito extra. <\/p>\n\n\n<div class=\"wp-block-image\">\n<figure class=\"alignleft size-large is-resized\"><img loading=\"lazy\" decoding=\"async\" width=\"1024\" height=\"678\" src=\"https:\/\/www.vianailustracion.com\/wp-content\/uploads\/2026\/04\/Febrero-1024x678.jpg\" alt=\"Carta de Febrero del Club de la Caba\u00f1a del \u00c1rbol\" class=\"wp-image-19386\" style=\"aspect-ratio:1.5103385722602634;width:546px;height:auto\" srcset=\"https:\/\/www.vianailustracion.com\/wp-content\/uploads\/2026\/04\/Febrero-1024x678.jpg 1024w, https:\/\/www.vianailustracion.com\/wp-content\/uploads\/2026\/04\/Febrero-300x200.jpg 300w, https:\/\/www.vianailustracion.com\/wp-content\/uploads\/2026\/04\/Febrero-354x235.jpg 354w\" sizes=\"auto, (max-width: 1024px) 100vw, 1024px\" \/><\/figure>\n<\/div>\n\n\n<h1 class=\"wp-block-heading has-pale-pink-color has-text-color has-link-color has-medium-font-size wp-elements-5d92f7293716dd1af73fe1d6110136b4\">\u00bfCu\u00e1nto cuesta?<\/h1>\n\n\n\n<p>La suscripci\u00f3n cuesta s\u00f3lamente 8\u20ac al mes y la puedes cancelar cuando t\u00fa quieras. Sin compromisos, as\u00ed de f\u00e1cil.<\/p>\n\n\n\n<p><\/p>\n\n\n\n<h1 class=\"wp-block-heading has-pale-pink-color has-text-color has-link-color has-medium-font-size wp-elements-7874a7d975fc9356aa69a0ddcdd3b8d0\">Soy de fuera de Espa\u00f1a, \u00bftambi\u00e9n llegar\u00e1 mi carta?<\/h1>\n\n\n\n<p>S\u00ed, puedes suscribirte igualmente. Si tu carta va a un pa\u00eds europeo, ten en cuenta que puede tardar entre 1 y 2 semanas en llegar. Si tu carta va para Am\u00e9rica, es posible que tarde hasta 8 semanas.<\/p>\n\n\n\n<h1 class=\"wp-block-heading has-pale-pink-color has-text-color has-link-color has-medium-font-size wp-elements-16a2612f5a364bed4c6b8e27af2af6f9\">\u00bfMi carta tiene n\u00famero de seguimiento?<\/h1>\n\n\n\n<p class=\"has-black-color has-text-color has-link-color wp-elements-5fc119903af8fa52db7cded8270b3c10\">No, las cartas se env\u00edan por correo ordinario y no por certificado, si no, el precio del Club tendr\u00eda que ser mucho mayor y no ser\u00eda sostenible.<\/p>\n\n\n\n<h1 class=\"wp-block-heading has-pale-pink-color has-text-color has-link-color has-medium-font-size wp-elements-3dcb07c43da1395c6179edf2acad621f\">\u00bfY si no me llega nunca?<\/h1>\n\n\n\n<p>Si pasadas 8 semanas no has recibido tu carta, podemos hablar sin problema para gestionar un reembolso.<\/p>\n\n\n\n<h1 class=\"wp-block-heading has-pale-pink-color has-text-color has-link-color has-medium-font-size wp-elements-3fd55d75a578fb3b47468a46dee7a958\">\u00bfD\u00f3nde me apunto?<\/h1>\n\n\n\n<p>Tienes que entrar en mi Patreon <a href=\"https:\/\/www.patreon.com\/c\/vianaart\/membership\" data-type=\"link\" data-id=\"https:\/\/www.patreon.com\/c\/vianaart\/membership\">aqu\u00ed <\/a>y seleccionar la suscripci\u00f3n del Club de la Caba\u00f1a del \u00c1rbol.<\/p>\n\n\n\n<figure class=\"wp-block-image size-large\"><a href=\"https:\/\/www.patreon.com\/c\/vianaart\/membership\"><img loading=\"lazy\" decoding=\"async\" width=\"1024\" height=\"678\" src=\"https:\/\/www.vianailustracion.com\/wp-content\/uploads\/2026\/04\/Captura-de-pantalla-2026-04-24-072813-1024x678.png\" alt=\"\" class=\"wp-image-19365\" srcset=\"https:\/\/www.vianailustracion.com\/wp-content\/uploads\/2026\/04\/Captura-de-pantalla-2026-04-24-072813-1024x678.png 1024w, https:\/\/www.vianailustracion.com\/wp-content\/uploads\/2026\/04\/Captura-de-pantalla-2026-04-24-072813-300x200.png 300w, https:\/\/www.vianailustracion.com\/wp-content\/uploads\/2026\/04\/Captura-de-pantalla-2026-04-24-072813-354x235.png 354w\" sizes=\"auto, (max-width: 1024px) 100vw, 1024px\" \/><\/a><\/figure>\n","protected":false},"excerpt":{"rendered":"<p>El Club de la Caba\u00f1a del \u00c1rbol es un Club Postal donde cada mes recibes en casa una carta escrita por m\u00ed con un poco de mi arte, unas pegatinas que hago yo misma, una recomendaci\u00f3n cultural y alg\u00fan detallito extra. \u00bfCu\u00e1nto cuesta? La suscripci\u00f3n cuesta s\u00f3lamente 8\u20ac al mes y la puedes cancelar cuando&#8230;<\/p>\n<p><a class=\"more-link\" href=\"https:\/\/www.vianailustracion.com\/index.php\/que-es-el-club-de-la-cabana-del-arbol\/\">Read More <\/a><\/p>\n","protected":false},"author":1,"featured_media":0,"parent":0,"menu_order":0,"comment_status":"closed","ping_status":"closed","template":"","meta":{"_mi_skip_tracking":false,"footnotes":""},"class_list":{"0":"post-19385","1":"page","2":"type-page","3":"status-publish","5":"entry","6":"has-post-thumbnail"},"yoast_head":"<!-- This site is optimized with the Yoast SEO plugin v16.6 - https:\/\/yoast.com\/wordpress\/plugins\/seo\/ -->\n<meta name=\"robots\" content=\"index, follow, max-snippet:-1, max-image-preview:large, max-video-preview:-1\" \/>\n<link rel=\"canonical\" href=\"https:\/\/www.vianailustracion.com\/index.php\/que-es-el-club-de-la-cabana-del-arbol\/\" \/>\n<meta property=\"og:locale\" content=\"es_ES\" \/>\n<meta property=\"og:type\" content=\"article\" \/>\n<meta property=\"og:title\" content=\"\u00bfQu\u00e9 es el Club de la Caba\u00f1a del \u00c1rbol? - Viana Ilustraci\u00f3n\" \/>\n<meta property=\"og:description\" content=\"El Club de la Caba\u00f1a del \u00c1rbol es un Club Postal donde cada mes recibes en casa una carta escrita por m\u00ed con un poco de mi arte, unas pegatinas que hago yo misma, una recomendaci\u00f3n cultural y alg\u00fan detallito extra. \u00bfCu\u00e1nto cuesta? La suscripci\u00f3n cuesta s\u00f3lamente 8\u20ac al mes y la puedes cancelar cuando...Read More\" \/>\n<meta property=\"og:url\" content=\"https:\/\/www.vianailustracion.com\/index.php\/que-es-el-club-de-la-cabana-del-arbol\/\" \/>\n<meta property=\"og:site_name\" content=\"Viana Ilustraci\u00f3n\" \/>\n<meta property=\"og:image\" content=\"https:\/\/www.vianailustracion.com\/wp-content\/uploads\/2026\/04\/Logo-1024x678.jpg\" \/>\n<meta name=\"twitter:card\" content=\"summary_large_image\" \/>\n<meta name=\"twitter:label1\" content=\"Tiempo de lectura\" \/>\n\t<meta name=\"twitter:data1\" content=\"1 minuto\" \/>\n<script type=\"application\/ld+json\" class=\"yoast-schema-graph\">{\"@context\":\"https:\/\/schema.org\",\"@graph\":[{\"@type\":\"WebSite\",\"@id\":\"https:\/\/www.vianailustracion.com\/#website\",\"url\":\"https:\/\/www.vianailustracion.com\/\",\"name\":\"Viana Ilustraci\\u00f3n\",\"description\":\"Ilustraci\\u00f3n, dise\\u00f1o y cosas bonitas\",\"potentialAction\":[{\"@type\":\"SearchAction\",\"target\":{\"@type\":\"EntryPoint\",\"urlTemplate\":\"https:\/\/www.vianailustracion.com\/?s={search_term_string}\"},\"query-input\":\"required name=search_term_string\"}],\"inLanguage\":\"es\"},{\"@type\":\"ImageObject\",\"@id\":\"https:\/\/www.vianailustracion.com\/index.php\/que-es-el-club-de-la-cabana-del-arbol\/#primaryimage\",\"inLanguage\":\"es\",\"url\":\"https:\/\/www.vianailustracion.com\/wp-content\/uploads\/2026\/04\/Logo.jpg\",\"contentUrl\":\"https:\/\/www.vianailustracion.com\/wp-content\/uploads\/2026\/04\/Logo.jpg\",\"width\":2126,\"height\":2126},{\"@type\":\"WebPage\",\"@id\":\"https:\/\/www.vianailustracion.com\/index.php\/que-es-el-club-de-la-cabana-del-arbol\/#webpage\",\"url\":\"https:\/\/www.vianailustracion.com\/index.php\/que-es-el-club-de-la-cabana-del-arbol\/\",\"name\":\"\\u00bfQu\\u00e9 es el Club de la Caba\\u00f1a del \\u00c1rbol? - Viana Ilustraci\\u00f3n\",\"isPartOf\":{\"@id\":\"https:\/\/www.vianailustracion.com\/#website\"},\"primaryImageOfPage\":{\"@id\":\"https:\/\/www.vianailustracion.com\/index.php\/que-es-el-club-de-la-cabana-del-arbol\/#primaryimage\"},\"datePublished\":\"2026-04-24T07:09:43+00:00\",\"dateModified\":\"2026-04-24T07:09:43+00:00\",\"breadcrumb\":{\"@id\":\"https:\/\/www.vianailustracion.com\/index.php\/que-es-el-club-de-la-cabana-del-arbol\/#breadcrumb\"},\"inLanguage\":\"es\",\"potentialAction\":[{\"@type\":\"ReadAction\",\"target\":[\"https:\/\/www.vianailustracion.com\/index.php\/que-es-el-club-de-la-cabana-del-arbol\/\"]}]},{\"@type\":\"BreadcrumbList\",\"@id\":\"https:\/\/www.vianailustracion.com\/index.php\/que-es-el-club-de-la-cabana-del-arbol\/#breadcrumb\",\"itemListElement\":[{\"@type\":\"ListItem\",\"position\":1,\"name\":\"Portada\",\"item\":\"https:\/\/www.vianailustracion.com\/\"},{\"@type\":\"ListItem\",\"position\":2,\"name\":\"\\u00bfQu\\u00e9 es el Club de la Caba\\u00f1a del \\u00c1rbol?\"}]}]}<\/script>\n<!-- \/ Yoast SEO plugin. -->","_links":{"self":[{"href":"https:\/\/www.vianailustracion.com\/index.php\/wp-json\/wp\/v2\/pages\/19385","targetHints":{"allow":["GET"]}}],"collection":[{"href":"https:\/\/www.vianailustracion.com\/index.php\/wp-json\/wp\/v2\/pages"}],"about":[{"href":"https:\/\/www.vianailustracion.com\/index.php\/wp-json\/wp\/v2\/types\/page"}],"author":[{"embeddable":true,"href":"https:\/\/www.vianailustracion.com\/index.php\/wp-json\/wp\/v2\/users\/1"}],"replies":[{"embeddable":true,"href":"https:\/\/www.vianailustracion.com\/index.php\/wp-json\/wp\/v2\/comments?post=19385"}],"version-history":[{"count":5,"href":"https:\/\/www.vianailustracion.com\/index.php\/wp-json\/wp\/v2\/pages\/19385\/revisions"}],"predecessor-version":[{"id":19392,"href":"https:\/\/www.vianailustracion.com\/index.php\/wp-json\/wp\/v2\/pages\/19385\/revisions\/19392"}],"wp:attachment":[{"href":"https:\/\/www.vianailustracion.com\/index.php\/wp-json\/wp\/v2\/media?parent=19385"}],"curies":[{"name":"wp","href":"https:\/\/api.w.org\/{rel}","templated":true}]}}