{"id":19358,"date":"2026-04-24T05:37:55","date_gmt":"2026-04-24T05:37:55","guid":{"rendered":"https:\/\/www.vianailustracion.com\/?page_id=19358"},"modified":"2026-04-24T05:48:12","modified_gmt":"2026-04-24T05:48:12","slug":"que-es-el-club-de-bordado-en-papel","status":"publish","type":"page","link":"https:\/\/www.vianailustracion.com\/index.php\/que-es-el-club-de-bordado-en-papel\/","title":{"rendered":"\u00bfQu\u00e9 es el Club de Bordado en Papel?"},"content":{"rendered":"<div class=\"wp-block-image\">\n<figure class=\"aligncenter size-full is-resized\"><img loading=\"lazy\" decoding=\"async\" width=\"480\" height=\"463\" src=\"https:\/\/www.vianailustracion.com\/wp-content\/uploads\/2026\/04\/LOGO-BORDADO.png\" alt=\"\" class=\"wp-image-19360\" style=\"width:178px;height:auto\" srcset=\"https:\/\/www.vianailustracion.com\/wp-content\/uploads\/2026\/04\/LOGO-BORDADO.png 480w, https:\/\/www.vianailustracion.com\/wp-content\/uploads\/2026\/04\/LOGO-BORDADO-62x60.png 62w, https:\/\/www.vianailustracion.com\/wp-content\/uploads\/2026\/04\/LOGO-BORDADO-93x90.png 93w\" sizes=\"auto, (max-width: 480px) 100vw, 480px\" \/><\/figure>\n<\/div>\n\n\n<p>El Club de Bordado en Papel es una plataforma online alojada en Patreon donde publico mi contenido sobre bordado en papel.<\/p>\n\n\n\n<h1 class=\"wp-block-heading has-pale-pink-color has-text-color has-link-color has-medium-font-size wp-elements-c8d54324cc3816932ea39f82cd1a179c\">\u00bfQu\u00e9 contenido puedo encontrar?<\/h1>\n\n\n\n<p>Tienes videotutoriales para empezar a bordar papel desde cero, consejos y recomendaciones sobre materiales, proyectos que dise\u00f1o especialmente para ti&#8230; posts donde hablo de otros artistas e inspiraci\u00f3n&#8230;<\/p>\n\n\n<div class=\"wp-block-image\">\n<figure class=\"aligncenter size-large is-resized\"><img loading=\"lazy\" decoding=\"async\" width=\"1024\" height=\"678\" src=\"https:\/\/www.vianailustracion.com\/wp-content\/uploads\/2026\/04\/Captura-de-pantalla-2026-04-24-072109-1024x678.png\" alt=\"\" class=\"wp-image-19362\" style=\"aspect-ratio:1.5103385722602634;width:597px;height:auto\" srcset=\"https:\/\/www.vianailustracion.com\/wp-content\/uploads\/2026\/04\/Captura-de-pantalla-2026-04-24-072109-1024x678.png 1024w, https:\/\/www.vianailustracion.com\/wp-content\/uploads\/2026\/04\/Captura-de-pantalla-2026-04-24-072109-300x200.png 300w, https:\/\/www.vianailustracion.com\/wp-content\/uploads\/2026\/04\/Captura-de-pantalla-2026-04-24-072109-354x235.png 354w\" sizes=\"auto, (max-width: 1024px) 100vw, 1024px\" \/><\/figure>\n<\/div>\n\n\n<p><\/p>\n\n\n\n<h1 class=\"wp-block-heading has-pale-pink-color has-text-color has-link-color has-medium-font-size wp-elements-5d92f7293716dd1af73fe1d6110136b4\">\u00bfCu\u00e1nto cuesta?<\/h1>\n\n\n\n<p>La suscripci\u00f3n cuesta 10\u20ac al mes y la puedes cancelar cuando t\u00fa quieras. Sin compromisos, as\u00ed de f\u00e1cil.<\/p>\n\n\n\n<h1 class=\"wp-block-heading has-pale-pink-color has-text-color has-link-color has-medium-font-size wp-elements-33bb1a2649b80666f94c91aa07906dd5\">Una vez me suscriba, \u00bfpuedo acceder a todo el contenido publicado?<\/h1>\n\n\n<div class=\"wp-block-image\">\n<figure class=\"alignleft size-large is-resized\"><img loading=\"lazy\" decoding=\"async\" width=\"1024\" height=\"678\" src=\"https:\/\/www.vianailustracion.com\/wp-content\/uploads\/2026\/04\/Captura-de-pantalla-2026-04-24-072055-1-1024x678.png\" alt=\"\" class=\"wp-image-19375\" style=\"aspect-ratio:1.5103385722602634;width:413px;height:auto\" srcset=\"https:\/\/www.vianailustracion.com\/wp-content\/uploads\/2026\/04\/Captura-de-pantalla-2026-04-24-072055-1-1024x678.png 1024w, https:\/\/www.vianailustracion.com\/wp-content\/uploads\/2026\/04\/Captura-de-pantalla-2026-04-24-072055-1-300x200.png 300w, https:\/\/www.vianailustracion.com\/wp-content\/uploads\/2026\/04\/Captura-de-pantalla-2026-04-24-072055-1-354x235.png 354w\" sizes=\"auto, (max-width: 1024px) 100vw, 1024px\" \/><\/figure>\n<\/div>\n\n\n<p>S\u00ed. Una vez te suscribas, podr\u00e1s ver todo el contenido publicado desde que inici\u00e9 el club e ir\u00e1s viendo semanalmente el contenido nuevo que publico.<\/p>\n\n\n\n<h1 class=\"wp-block-heading has-pale-pink-color has-text-color has-link-color has-medium-font-size wp-elements-4d2b2f2706ddf485d3d5caacdbd00f1f\">Si tengo dudas, \u00bfpuedo recibir ayuda?<\/h1>\n\n\n\n<p class=\"has-black-color has-text-color has-link-color wp-elements-57d9b10c28915df46b1a42d1688e1ecb\">S\u00ed, he abierto un chat donde exponemos las dudas y las voy resolviendo. Tambi\u00e9n puedes contactar conmigo para cualquier problema, mediante mensaje directo en el mismo Patreon.<\/p>\n\n\n\n<h1 class=\"wp-block-heading has-pale-pink-color has-text-color has-link-color has-medium-font-size wp-elements-7e69a75e8714303b9a5f52a495547f2b\">\u00bfD\u00f3nde me suscribo?<\/h1>\n\n\n\n<p>Tienes que acceder a mi Patreon, pinchando <a href=\"https:\/\/www.patreon.com\/c\/vianaart\/membership\" data-type=\"link\" data-id=\"https:\/\/www.patreon.com\/c\/vianaart\/membership\">aqu\u00ed<\/a> o en esta imagen y escoge la suscripci\u00f3n Club de Bordado en Papel.<\/p>\n\n\n\n<figure class=\"wp-block-image size-large\"><a href=\"https:\/\/www.patreon.com\/c\/vianaart\/membership\"><img loading=\"lazy\" decoding=\"async\" width=\"1024\" height=\"678\" src=\"https:\/\/www.vianailustracion.com\/wp-content\/uploads\/2026\/04\/Captura-de-pantalla-2026-04-24-072813-1024x678.png\" alt=\"\" class=\"wp-image-19365\" srcset=\"https:\/\/www.vianailustracion.com\/wp-content\/uploads\/2026\/04\/Captura-de-pantalla-2026-04-24-072813-1024x678.png 1024w, https:\/\/www.vianailustracion.com\/wp-content\/uploads\/2026\/04\/Captura-de-pantalla-2026-04-24-072813-300x200.png 300w, https:\/\/www.vianailustracion.com\/wp-content\/uploads\/2026\/04\/Captura-de-pantalla-2026-04-24-072813-354x235.png 354w\" sizes=\"auto, (max-width: 1024px) 100vw, 1024px\" \/><\/a><\/figure>\n","protected":false},"excerpt":{"rendered":"<p>El Club de Bordado en Papel es una plataforma online alojada en Patreon donde publico mi contenido sobre bordado en papel. \u00bfQu\u00e9 contenido puedo encontrar? Tienes videotutoriales para empezar a bordar papel desde cero, consejos y recomendaciones sobre materiales, proyectos que dise\u00f1o especialmente para ti&#8230; posts donde hablo de otros artistas e inspiraci\u00f3n&#8230; \u00bfCu\u00e1nto cuesta?&#8230;<\/p>\n<p><a class=\"more-link\" href=\"https:\/\/www.vianailustracion.com\/index.php\/que-es-el-club-de-bordado-en-papel\/\">Read More <\/a><\/p>\n","protected":false},"author":1,"featured_media":0,"parent":0,"menu_order":0,"comment_status":"closed","ping_status":"closed","template":"","meta":{"_mi_skip_tracking":false,"footnotes":""},"class_list":{"0":"post-19358","1":"page","2":"type-page","3":"status-publish","5":"entry","6":"has-post-thumbnail"},"yoast_head":"<!-- This site is optimized with the Yoast SEO plugin v16.6 - https:\/\/yoast.com\/wordpress\/plugins\/seo\/ -->\n<meta name=\"robots\" content=\"index, follow, max-snippet:-1, max-image-preview:large, max-video-preview:-1\" \/>\n<link rel=\"canonical\" href=\"https:\/\/www.vianailustracion.com\/index.php\/que-es-el-club-de-bordado-en-papel\/\" \/>\n<meta property=\"og:locale\" content=\"es_ES\" \/>\n<meta property=\"og:type\" content=\"article\" \/>\n<meta property=\"og:title\" content=\"\u00bfQu\u00e9 es el Club de Bordado en Papel? - Viana Ilustraci\u00f3n\" \/>\n<meta property=\"og:description\" content=\"El Club de Bordado en Papel es una plataforma online alojada en Patreon donde publico mi contenido sobre bordado en papel. \u00bfQu\u00e9 contenido puedo encontrar? Tienes videotutoriales para empezar a bordar papel desde cero, consejos y recomendaciones sobre materiales, proyectos que dise\u00f1o especialmente para ti&#8230; posts donde hablo de otros artistas e inspiraci\u00f3n&#8230; \u00bfCu\u00e1nto cuesta?...Read More\" \/>\n<meta property=\"og:url\" content=\"https:\/\/www.vianailustracion.com\/index.php\/que-es-el-club-de-bordado-en-papel\/\" \/>\n<meta property=\"og:site_name\" content=\"Viana Ilustraci\u00f3n\" \/>\n<meta property=\"article:modified_time\" content=\"2026-04-24T05:48:12+00:00\" \/>\n<meta property=\"og:image\" content=\"https:\/\/www.vianailustracion.com\/wp-content\/uploads\/2026\/04\/LOGO-BORDADO.png\" \/>\n<meta name=\"twitter:card\" content=\"summary_large_image\" \/>\n<meta name=\"twitter:label1\" content=\"Tiempo de lectura\" \/>\n\t<meta name=\"twitter:data1\" content=\"1 minuto\" \/>\n<script type=\"application\/ld+json\" class=\"yoast-schema-graph\">{\"@context\":\"https:\/\/schema.org\",\"@graph\":[{\"@type\":\"WebSite\",\"@id\":\"https:\/\/www.vianailustracion.com\/#website\",\"url\":\"https:\/\/www.vianailustracion.com\/\",\"name\":\"Viana Ilustraci\\u00f3n\",\"description\":\"Ilustraci\\u00f3n, dise\\u00f1o y cosas bonitas\",\"potentialAction\":[{\"@type\":\"SearchAction\",\"target\":{\"@type\":\"EntryPoint\",\"urlTemplate\":\"https:\/\/www.vianailustracion.com\/?s={search_term_string}\"},\"query-input\":\"required name=search_term_string\"}],\"inLanguage\":\"es\"},{\"@type\":\"ImageObject\",\"@id\":\"https:\/\/www.vianailustracion.com\/index.php\/que-es-el-club-de-bordado-en-papel\/#primaryimage\",\"inLanguage\":\"es\",\"url\":\"https:\/\/www.vianailustracion.com\/wp-content\/uploads\/2026\/04\/LOGO-BORDADO.png\",\"contentUrl\":\"https:\/\/www.vianailustracion.com\/wp-content\/uploads\/2026\/04\/LOGO-BORDADO.png\",\"width\":480,\"height\":463},{\"@type\":\"WebPage\",\"@id\":\"https:\/\/www.vianailustracion.com\/index.php\/que-es-el-club-de-bordado-en-papel\/#webpage\",\"url\":\"https:\/\/www.vianailustracion.com\/index.php\/que-es-el-club-de-bordado-en-papel\/\",\"name\":\"\\u00bfQu\\u00e9 es el Club de Bordado en Papel? - Viana Ilustraci\\u00f3n\",\"isPartOf\":{\"@id\":\"https:\/\/www.vianailustracion.com\/#website\"},\"primaryImageOfPage\":{\"@id\":\"https:\/\/www.vianailustracion.com\/index.php\/que-es-el-club-de-bordado-en-papel\/#primaryimage\"},\"datePublished\":\"2026-04-24T05:37:55+00:00\",\"dateModified\":\"2026-04-24T05:48:12+00:00\",\"breadcrumb\":{\"@id\":\"https:\/\/www.vianailustracion.com\/index.php\/que-es-el-club-de-bordado-en-papel\/#breadcrumb\"},\"inLanguage\":\"es\",\"potentialAction\":[{\"@type\":\"ReadAction\",\"target\":[\"https:\/\/www.vianailustracion.com\/index.php\/que-es-el-club-de-bordado-en-papel\/\"]}]},{\"@type\":\"BreadcrumbList\",\"@id\":\"https:\/\/www.vianailustracion.com\/index.php\/que-es-el-club-de-bordado-en-papel\/#breadcrumb\",\"itemListElement\":[{\"@type\":\"ListItem\",\"position\":1,\"name\":\"Portada\",\"item\":\"https:\/\/www.vianailustracion.com\/\"},{\"@type\":\"ListItem\",\"position\":2,\"name\":\"\\u00bfQu\\u00e9 es el Club de Bordado en Papel?\"}]}]}<\/script>\n<!-- \/ Yoast SEO plugin. -->","_links":{"self":[{"href":"https:\/\/www.vianailustracion.com\/index.php\/wp-json\/wp\/v2\/pages\/19358","targetHints":{"allow":["GET"]}}],"collection":[{"href":"https:\/\/www.vianailustracion.com\/index.php\/wp-json\/wp\/v2\/pages"}],"about":[{"href":"https:\/\/www.vianailustracion.com\/index.php\/wp-json\/wp\/v2\/types\/page"}],"author":[{"embeddable":true,"href":"https:\/\/www.vianailustracion.com\/index.php\/wp-json\/wp\/v2\/users\/1"}],"replies":[{"embeddable":true,"href":"https:\/\/www.vianailustracion.com\/index.php\/wp-json\/wp\/v2\/comments?post=19358"}],"version-history":[{"count":5,"href":"https:\/\/www.vianailustracion.com\/index.php\/wp-json\/wp\/v2\/pages\/19358\/revisions"}],"predecessor-version":[{"id":19384,"href":"https:\/\/www.vianailustracion.com\/index.php\/wp-json\/wp\/v2\/pages\/19358\/revisions\/19384"}],"wp:attachment":[{"href":"https:\/\/www.vianailustracion.com\/index.php\/wp-json\/wp\/v2\/media?parent=19358"}],"curies":[{"name":"wp","href":"https:\/\/api.w.org\/{rel}","templated":true}]}}